{"id":55911,"date":"2024-03-27T17:33:10","date_gmt":"2024-03-27T16:33:10","guid":{"rendered":"https:\/\/rightstuff.eu\/?post_type=product&#038;p=55911"},"modified":"2025-10-03T11:45:56","modified_gmt":"2025-10-03T09:45:56","slug":"curved-magnum-needle-cartridge-49cm-035","status":"publish","type":"product","link":"https:\/\/rightstuff.eu\/fr\/produit\/curved-magnum-needle-cartridge-49cm-035\/","title":{"rendered":"Curved Magnum Needle Cartridge 49CM-0,35"},"content":{"rendered":"","protected":false},"excerpt":{"rendered":"<p>C\u00f4ne moyen<\/p>\n<p>MicroTextured<\/p>\n<p>Aiguilles de 0,35 mm<\/p>\n<p>16 pieces\/pack<\/p>\n<p>&nbsp;<\/p>\n<p>Les cartouches Magnum incurv\u00e9es 27CM-0,30 sont con\u00e7ues avec une conicit\u00e9 moyenne, une surface microtextur\u00e9e et des aiguilles de 0,30 mm. Elles sont parfaites pour les utilisateurs exp\u00e9riment\u00e9s qui souhaitent une meilleure profondeur de p\u00e9n\u00e9tration et les effets d\u00e9sir\u00e9s. 20 pi\u00e8ces par paquet.<\/p>\n<p>&nbsp;<\/p>\n<p>&nbsp;<\/p>","protected":false},"featured_media":57624,"comment_status":"open","ping_status":"closed","template":"","meta":{"site-sidebar-layout":"default","site-content-layout":"","ast-site-content-layout":"default","site-content-style":"default","site-sidebar-style":"default","ast-global-header-display":"","ast-banner-title-visibility":"","ast-main-header-display":"","ast-hfb-above-header-display":"","ast-hfb-below-header-display":"","ast-hfb-mobile-header-display":"","site-post-title":"","ast-breadcrumbs-content":"","ast-featured-img":"","footer-sml-layout":"","ast-disable-related-posts":"","theme-transparent-header-meta":"default","adv-header-id-meta":"","stick-header-meta":"default","header-above-stick-meta":"","header-main-stick-meta":"","header-below-stick-meta":"","astra-migrate-meta-layouts":"set","ast-page-background-enabled":"default","ast-page-background-meta":{"desktop":{"background-color":"var(--ast-global-color-4)","background-image":"","background-repeat":"repeat","background-position":"center center","background-size":"auto","background-attachment":"scroll","background-type":"","background-media":"","overlay-type":"","overlay-color":"","overlay-opacity":"","overlay-gradient":""},"tablet":{"background-color":"","background-image":"","background-repeat":"repeat","background-position":"center center","background-size":"auto","background-attachment":"scroll","background-type":"","background-media":"","overlay-type":"","overlay-color":"","overlay-opacity":"","overlay-gradient":""},"mobile":{"background-color":"","background-image":"","background-repeat":"repeat","background-position":"center center","background-size":"auto","background-attachment":"scroll","background-type":"","background-media":"","overlay-type":"","overlay-color":"","overlay-opacity":"","overlay-gradient":""}},"ast-content-background-meta":{"desktop":{"background-color":"var(--ast-global-color-5)","background-image":"","background-repeat":"repeat","background-position":"center center","background-size":"auto","background-attachment":"scroll","background-type":"","background-media":"","overlay-type":"","overlay-color":"","overlay-opacity":"","overlay-gradient":""},"tablet":{"background-color":"var(--ast-global-color-5)","background-image":"","background-repeat":"repeat","background-position":"center center","background-size":"auto","background-attachment":"scroll","background-type":"","background-media":"","overlay-type":"","overlay-color":"","overlay-opacity":"","overlay-gradient":""},"mobile":{"background-color":"var(--ast-global-color-5)","background-image":"","background-repeat":"repeat","background-position":"center center","background-size":"auto","background-attachment":"scroll","background-type":"","background-media":"","overlay-type":"","overlay-color":"","overlay-opacity":"","overlay-gradient":""}}},"product_brand":[],"product_cat":[227],"product_tag":[81,308,306,310,309,307,102,71,91,92,1793],"class_list":{"0":"post-55911","1":"product","2":"type-product","3":"status-publish","4":"has-post-thumbnail","6":"product_cat-curved-magnum-cartridges","7":"product_tag-cartridge-tattoo-needles","8":"product_tag-disposable-tattoo-cartridge","9":"product_tag-needle-cartridge","10":"product_tag-premium-cartridge","11":"product_tag-premium-needle-cartridge","12":"product_tag-rightstripes","13":"product_tag-rotary-tattoo-needles","14":"product_tag-tattoo-cartridges","15":"product_tag-tattoo-equipment","16":"product_tag-tattoo-machines-parts","17":"product_tag-tattoonadeln-cartridges","18":"pa_brand-rightstuff","19":"pa_quantity-4-pcs","20":"pa_quantity-5-pcs","21":"pa_quantity-box-of-16","22":"pa_quantity-box-of-20","23":"desktop-align-center","24":"tablet-align-left","25":"mobile-align-left","26":"ast-product-gallery-layout-horizontal-slider","27":"ast-product-gallery-with-no-image","28":"ast-product-single-variable","29":"ast-product-tabs-layout-horizontal","31":"first","32":"instock","33":"taxable","34":"shipping-taxable","35":"purchasable","36":"product-type-variable"},"_links":{"self":[{"href":"https:\/\/rightstuff.eu\/fr\/wp-json\/wp\/v2\/product\/55911","targetHints":{"allow":["GET"]}}],"collection":[{"href":"https:\/\/rightstuff.eu\/fr\/wp-json\/wp\/v2\/product"}],"about":[{"href":"https:\/\/rightstuff.eu\/fr\/wp-json\/wp\/v2\/types\/product"}],"replies":[{"embeddable":true,"href":"https:\/\/rightstuff.eu\/fr\/wp-json\/wp\/v2\/comments?post=55911"}],"version-history":[{"count":0,"href":"https:\/\/rightstuff.eu\/fr\/wp-json\/wp\/v2\/product\/55911\/revisions"}],"wp:featuredmedia":[{"embeddable":true,"href":"https:\/\/rightstuff.eu\/fr\/wp-json\/wp\/v2\/media\/57624"}],"wp:attachment":[{"href":"https:\/\/rightstuff.eu\/fr\/wp-json\/wp\/v2\/media?parent=55911"}],"wp:term":[{"taxonomy":"product_brand","embeddable":true,"href":"https:\/\/rightstuff.eu\/fr\/wp-json\/wp\/v2\/product_brand?post=55911"},{"taxonomy":"product_cat","embeddable":true,"href":"https:\/\/rightstuff.eu\/fr\/wp-json\/wp\/v2\/product_cat?post=55911"},{"taxonomy":"product_tag","embeddable":true,"href":"https:\/\/rightstuff.eu\/fr\/wp-json\/wp\/v2\/product_tag?post=55911"}],"curies":[{"name":"wp","href":"https:\/\/api.w.org\/{rel}","templated":true}]}}