{"id":55527,"date":"2023-11-14T15:59:33","date_gmt":"2023-11-14T14:59:33","guid":{"rendered":"https:\/\/rightstuff.eu\/?post_type=product&#038;p=55527"},"modified":"2026-02-09T02:34:33","modified_gmt":"2026-02-09T01:34:33","slug":"rotary-hybrid-rotary-cross-mint","status":"publish","type":"product","link":"https:\/\/rightstuff.eu\/fr\/produit\/rotary-hybrid-rotary-cross-mint\/","title":{"rendered":"Rotatif hybride rotatif - CROSS Mint Candy"},"content":{"rendered":"<p>Machine \u00e0 tatouer rotative Cross avec connexion RCA. La machine \u00e0 tatouer CROSS 4,5 MINT est une machine fiable avec une superbe finition. La machine est fabriqu\u00e9e en aluminium et a un poids de 70gr. La rotative hybride CROSS 4,5 MINT fonctionne avec une vitesse allant jusqu'\u00e0 8500 tours\/minute et la tension optimale est de 5 \u00e0 8 volts. La course de la machine est de 4,5 mm. La machine \u00e0 tatouer hybride CROSS 4,5 MINT est l'une des meilleures machines pour les professionnels. La machine est \u00e9quip\u00e9e d'un ressort de haute qualit\u00e9 et d'un roulement de haute qualit\u00e9 pour une plus grande long\u00e9vit\u00e9.  La machine \u00e0 tatouer hybride CROSS 4,5 MINT est une machine \u00e0 tatouer de haute qualit\u00e9 et a \u00e9t\u00e9 con\u00e7ue en pensant aux tatoueurs professionnels.<\/p>","protected":false},"excerpt":{"rendered":"<h3>CROSS hybride rotatif<\/h3>\n<p>Course de 3,8 mm<br \/>\n10 000 RPM<br \/>\nPreferred voltage 4.5-7 volts, works up to 9 volts<\/p>\n<p>Recommand\u00e9 <a href=\"http:\/\/rs-tattoo.by\">Aiguilles<\/a>: Jusqu'\u00e0 14 Liner, jusqu'\u00e0 48 Mag<\/p>\n<p>Pr\u00e9f\u00e9rence pour le travail avec des cartouches<\/p>\n<p>REMARQUE : l'alimentation \u00e9lectrique doit \u00eatre dot\u00e9e d'une fonction de \u201cd\u00e9marrage d'urgence\u201d pour d\u00e9marrer la machine avec la cartouche.<\/p>\n<p><a href=\"https:\/\/rightstuff.eu\/tattoo-machines\/power-supply\/rca-clip-cord-blk\/\">Connexion RCA<\/a><br \/>\nCorps en aluminium<br \/>\nPoids 70 gr.<\/p>","protected":false},"featured_media":57562,"comment_status":"open","ping_status":"closed","template":"","meta":{"site-sidebar-layout":"default","site-content-layout":"default","ast-site-content-layout":"default","site-content-style":"default","site-sidebar-style":"default","ast-global-header-display":"","ast-banner-title-visibility":"","ast-main-header-display":"","ast-hfb-above-header-display":"","ast-hfb-below-header-display":"","ast-hfb-mobile-header-display":"","site-post-title":"","ast-breadcrumbs-content":"","ast-featured-img":"","footer-sml-layout":"","ast-disable-related-posts":"","theme-transparent-header-meta":"default","adv-header-id-meta":"","stick-header-meta":"default","header-above-stick-meta":"","header-main-stick-meta":"","header-below-stick-meta":"","astra-migrate-meta-layouts":"set","ast-page-background-enabled":"default","ast-page-background-meta":{"desktop":{"background-color":"var(--ast-global-color-4)","background-image":"","background-repeat":"repeat","background-position":"center center","background-size":"auto","background-attachment":"scroll","background-type":"","background-media":"","overlay-type":"","overlay-color":"","overlay-opacity":"","overlay-gradient":""},"tablet":{"background-color":"","background-image":"","background-repeat":"repeat","background-position":"center center","background-size":"auto","background-attachment":"scroll","background-type":"","background-media":"","overlay-type":"","overlay-color":"","overlay-opacity":"","overlay-gradient":""},"mobile":{"background-color":"","background-image":"","background-repeat":"repeat","background-position":"center center","background-size":"auto","background-attachment":"scroll","background-type":"","background-media":"","overlay-type":"","overlay-color":"","overlay-opacity":"","overlay-gradient":""}},"ast-content-background-meta":{"desktop":{"background-color":"var(--ast-global-color-5)","background-image":"","background-repeat":"repeat","background-position":"center center","background-size":"auto","background-attachment":"scroll","background-type":"","background-media":"","overlay-type":"","overlay-color":"","overlay-opacity":"","overlay-gradient":""},"tablet":{"background-color":"var(--ast-global-color-5)","background-image":"","background-repeat":"repeat","background-position":"center center","background-size":"auto","background-attachment":"scroll","background-type":"","background-media":"","overlay-type":"","overlay-color":"","overlay-opacity":"","overlay-gradient":""},"mobile":{"background-color":"var(--ast-global-color-5)","background-image":"","background-repeat":"repeat","background-position":"center center","background-size":"auto","background-attachment":"scroll","background-type":"","background-media":"","overlay-type":"","overlay-color":"","overlay-opacity":"","overlay-gradient":""}}},"product_brand":[],"product_cat":[1993],"product_tag":[101,93,83,100,99,1798,87,98,48,1806,97,1792,91,95,23],"class_list":{"0":"post-55527","1":"product","2":"type-product","3":"status-publish","4":"has-post-thumbnail","6":"product_cat-cross","7":"product_tag-custom-rotary-machines","8":"product_tag-custom-tattoo-guns","9":"product_tag-custom-tattoo-machines","10":"product_tag-handmade-rotary-tattoo-machines","11":"product_tag-handmade-tattoo-machines","12":"product_tag-maquinas-rotativas-de-tatuaje","13":"product_tag-professional-tattoo-machines","14":"product_tag-rotary-tattoo-guns","15":"product_tag-rotary-tattoo-machine","16":"product_tag-rotary-tattoo-machines","17":"product_tag-rotary-tattoo-pen","18":"product_tag-rotary-tattoomaschinen","19":"product_tag-tattoo-equipment","20":"product_tag-tattoo-guns","21":"product_tag-tattoo-machine","22":"desktop-align-center","23":"tablet-align-left","24":"mobile-align-left","25":"ast-product-gallery-layout-horizontal-slider","26":"ast-product-single-variable","27":"ast-product-tabs-layout-horizontal","29":"first","30":"instock","31":"taxable","32":"shipping-taxable","33":"purchasable","34":"product-type-variable"},"_links":{"self":[{"href":"https:\/\/rightstuff.eu\/fr\/wp-json\/wp\/v2\/product\/55527","targetHints":{"allow":["GET"]}}],"collection":[{"href":"https:\/\/rightstuff.eu\/fr\/wp-json\/wp\/v2\/product"}],"about":[{"href":"https:\/\/rightstuff.eu\/fr\/wp-json\/wp\/v2\/types\/product"}],"replies":[{"embeddable":true,"href":"https:\/\/rightstuff.eu\/fr\/wp-json\/wp\/v2\/comments?post=55527"}],"version-history":[{"count":0,"href":"https:\/\/rightstuff.eu\/fr\/wp-json\/wp\/v2\/product\/55527\/revisions"}],"wp:featuredmedia":[{"embeddable":true,"href":"https:\/\/rightstuff.eu\/fr\/wp-json\/wp\/v2\/media\/57562"}],"wp:attachment":[{"href":"https:\/\/rightstuff.eu\/fr\/wp-json\/wp\/v2\/media?parent=55527"}],"wp:term":[{"taxonomy":"product_brand","embeddable":true,"href":"https:\/\/rightstuff.eu\/fr\/wp-json\/wp\/v2\/product_brand?post=55527"},{"taxonomy":"product_cat","embeddable":true,"href":"https:\/\/rightstuff.eu\/fr\/wp-json\/wp\/v2\/product_cat?post=55527"},{"taxonomy":"product_tag","embeddable":true,"href":"https:\/\/rightstuff.eu\/fr\/wp-json\/wp\/v2\/product_tag?post=55527"}],"curies":[{"name":"wp","href":"https:\/\/api.w.org\/{rel}","templated":true}]}}