{"id":55325,"date":"2023-08-10T00:36:36","date_gmt":"2023-08-09T22:36:36","guid":{"rendered":"https:\/\/rightstuff.eu\/?post_type=product&#038;p=55325"},"modified":"2023-11-08T15:20:22","modified_gmt":"2023-11-08T14:20:22","slug":"pen-tattoo-machine-hornet-grn","status":"publish","type":"product","link":"https:\/\/rightstuff.eu\/fr\/produit\/pen-tattoo-machine-hornet-grn\/","title":{"rendered":"Machine \u00e0 tatouer \u00e0 stylo Hornet GRN"},"content":{"rendered":"<p>Le tatouage est un h\u00e9ritage tr\u00e8s ancien, qui remonte \u00e0 plusieurs si\u00e8cles. \u00c0 l'\u00e9poque, ces embellissements de la peau avaient des intentions sp\u00e9cifiques. Les gens croyaient que les tatouages pouvaient \u00e9loigner les maladies ou les d\u00e9c\u00e8s impr\u00e9vus, inspirer la peur aux adversaires et faire chavirer le c\u0153ur de ceux qu'ils aimaient. Autrefois, cet art consistait \u00e0 inciser la peau et \u00e0 y introduire des pigments sp\u00e9cialis\u00e9s, une proc\u00e9dure tristement c\u00e9l\u00e8bre pour sa nature atroce.<\/p>\n<p>Aujourd'hui, le domaine du tatouage a consid\u00e9rablement \u00e9volu\u00e9. Les professionnels modernes ont la capacit\u00e9 d'ex\u00e9cuter des tatouages qui s'apparentent \u00e0 du maquillage permanent, ce qui \u00e9vite aux clients de se sentir mal \u00e0 l'aise. En utilisant des outils avanc\u00e9s comme la machine \u00e0 tatouer \u00e0 stylo en aluminium Hornet (Sniper Green), les artistes peuvent sans effort cr\u00e9er des lignes pr\u00e9cises et des motifs complexes. Estim\u00e9 \u00e0 la fois pour l'application de maquillage et l'art du tatouage, cet appareil sp\u00e9cialis\u00e9 respecte rigoureusement les normes d'hygi\u00e8ne et de qualit\u00e9. Il permet notamment \u00e0 l'artiste de tracer des lignes m\u00e9ticuleuses de fa\u00e7on constante, en conservant son excellence pendant quatre \u00e0 cinq ans.<\/p>\n<p>Le remplacement de la cartouche de l'appareil s'av\u00e8re \u00eatre un processus simple, car cet appareil s'adapte \u00e0 un large \u00e9ventail de cartouches compatibles. Pesant \u00e0 peine 145 grammes, cet appareil fonctionne \u00e0 une vitesse formidable de 8000 tours\/minute, n\u00e9cessitant une tension de 4,5 \u00e0 13 V. De plus, la profondeur de p\u00e9n\u00e9tration de l'aiguille s'\u00e9tend de 1 \u00e0 3,5 mm, ce qui facilite l'expression cr\u00e9ative polyvalente.<\/p>","protected":false},"excerpt":{"rendered":"<p>Machine \u00e0 tatouer \u00e0 stylo Hornet<br \/>\nPoign\u00e9e 28 mm<\/p>\n<p>Compatible avec toutes les cartouches standard<\/p>\n<p>Course 3,2 mm<br \/>\nVariable jusqu'\u00e0 une profondeur d'aiguille de 4 mm<br \/>\n8000 RPM<br \/>\nTension pr\u00e9f\u00e9r\u00e9e 4,5-13 volts<\/p>\n<p>Connexion RCA<br \/>\nCorps en aluminium<br \/>\nPoids 145 gr.<\/p>","protected":false},"featured_media":55322,"comment_status":"open","ping_status":"closed","template":"","meta":{"site-sidebar-layout":"default","site-content-layout":"default","ast-site-content-layout":"default","site-content-style":"default","site-sidebar-style":"default","ast-global-header-display":"","ast-banner-title-visibility":"","ast-main-header-display":"","ast-hfb-above-header-display":"","ast-hfb-below-header-display":"","ast-hfb-mobile-header-display":"","site-post-title":"","ast-breadcrumbs-content":"","ast-featured-img":"","footer-sml-layout":"","ast-disable-related-posts":"","theme-transparent-header-meta":"default","adv-header-id-meta":"","stick-header-meta":"default","header-above-stick-meta":"","header-main-stick-meta":"","header-below-stick-meta":"","astra-migrate-meta-layouts":"set","ast-page-background-enabled":"default","ast-page-background-meta":{"desktop":{"background-color":"var(--ast-global-color-4)","background-image":"","background-repeat":"repeat","background-position":"center center","background-size":"auto","background-attachment":"scroll","background-type":"","background-media":"","overlay-type":"","overlay-color":"","overlay-opacity":"","overlay-gradient":""},"tablet":{"background-color":"","background-image":"","background-repeat":"repeat","background-position":"center center","background-size":"auto","background-attachment":"scroll","background-type":"","background-media":"","overlay-type":"","overlay-color":"","overlay-opacity":"","overlay-gradient":""},"mobile":{"background-color":"","background-image":"","background-repeat":"repeat","background-position":"center center","background-size":"auto","background-attachment":"scroll","background-type":"","background-media":"","overlay-type":"","overlay-color":"","overlay-opacity":"","overlay-gradient":""}},"ast-content-background-meta":{"desktop":{"background-color":"var(--ast-global-color-5)","background-image":"","background-repeat":"repeat","background-position":"center center","background-size":"auto","background-attachment":"scroll","background-type":"","background-media":"","overlay-type":"","overlay-color":"","overlay-opacity":"","overlay-gradient":""},"tablet":{"background-color":"var(--ast-global-color-5)","background-image":"","background-repeat":"repeat","background-position":"center center","background-size":"auto","background-attachment":"scroll","background-type":"","background-media":"","overlay-type":"","overlay-color":"","overlay-opacity":"","overlay-gradient":""},"mobile":{"background-color":"var(--ast-global-color-5)","background-image":"","background-repeat":"repeat","background-position":"center center","background-size":"auto","background-attachment":"scroll","background-type":"","background-media":"","overlay-type":"","overlay-color":"","overlay-opacity":"","overlay-gradient":""}}},"product_brand":[],"product_cat":[1803],"product_tag":[101,93,100,99,53,1798,50,87,98,48,97,1792,71,91,95,52,41,51],"class_list":{"0":"post-55325","1":"product","2":"type-product","3":"status-publish","4":"has-post-thumbnail","6":"product_cat-pen-tattoo-machines","7":"product_tag-custom-rotary-machines","8":"product_tag-custom-tattoo-guns","9":"product_tag-handmade-rotary-tattoo-machines","10":"product_tag-handmade-tattoo-machines","11":"product_tag-hornet-tattoo-machine","12":"product_tag-maquinas-rotativas-de-tatuaje","13":"product_tag-pen-tattoo-machine","14":"product_tag-professional-tattoo-machines","15":"product_tag-rotary-tattoo-guns","16":"product_tag-rotary-tattoo-machine","17":"product_tag-rotary-tattoo-pen","18":"product_tag-rotary-tattoomaschinen","19":"product_tag-tattoo-cartridges","20":"product_tag-tattoo-equipment","21":"product_tag-tattoo-guns","22":"product_tag-tattoo-machine-pen","23":"product_tag-tattoo-machines","24":"product_tag-tattoo-pen","25":"pa_brand-rightstuff","26":"desktop-align-center","27":"tablet-align-left","28":"mobile-align-left","29":"ast-product-gallery-layout-horizontal-slider","30":"ast-product-gallery-with-no-image","31":"ast-product-tabs-layout-horizontal","33":"first","34":"instock","35":"taxable","36":"shipping-taxable","37":"purchasable","38":"product-type-simple"},"_links":{"self":[{"href":"https:\/\/rightstuff.eu\/fr\/wp-json\/wp\/v2\/product\/55325","targetHints":{"allow":["GET"]}}],"collection":[{"href":"https:\/\/rightstuff.eu\/fr\/wp-json\/wp\/v2\/product"}],"about":[{"href":"https:\/\/rightstuff.eu\/fr\/wp-json\/wp\/v2\/types\/product"}],"replies":[{"embeddable":true,"href":"https:\/\/rightstuff.eu\/fr\/wp-json\/wp\/v2\/comments?post=55325"}],"version-history":[{"count":0,"href":"https:\/\/rightstuff.eu\/fr\/wp-json\/wp\/v2\/product\/55325\/revisions"}],"wp:featuredmedia":[{"embeddable":true,"href":"https:\/\/rightstuff.eu\/fr\/wp-json\/wp\/v2\/media\/55322"}],"wp:attachment":[{"href":"https:\/\/rightstuff.eu\/fr\/wp-json\/wp\/v2\/media?parent=55325"}],"wp:term":[{"taxonomy":"product_brand","embeddable":true,"href":"https:\/\/rightstuff.eu\/fr\/wp-json\/wp\/v2\/product_brand?post=55325"},{"taxonomy":"product_cat","embeddable":true,"href":"https:\/\/rightstuff.eu\/fr\/wp-json\/wp\/v2\/product_cat?post=55325"},{"taxonomy":"product_tag","embeddable":true,"href":"https:\/\/rightstuff.eu\/fr\/wp-json\/wp\/v2\/product_tag?post=55325"}],"curies":[{"name":"wp","href":"https:\/\/api.w.org\/{rel}","templated":true}]}}