{"id":552,"date":"2013-12-06T03:46:00","date_gmt":"2013-12-06T00:46:00","guid":{"rendered":"https:\/\/rightstuff.eu\/shop\/uncategorized\/bone-blck-liner-p-m\/"},"modified":"2025-01-22T01:37:14","modified_gmt":"2025-01-22T00:37:14","slug":"bone-blck-liner-p-m","status":"publish","type":"product","link":"https:\/\/rightstuff.eu\/fr\/produit\/bone-blck-liner-p-m\/","title":{"rendered":"Machine \u00e0 tatouer BONE BLCK Liner P.M."},"content":{"rendered":"<p>La machine \u00e0 tatouer BONE BLCK Liner P.M est un nouvel appareil professionnel r\u00e9volutionnaire pour les travaux \u00e0 grande vitesse avec des tatouages. Lorsqu'il est correctement r\u00e9gl\u00e9, cet appareil permet d'obtenir des lignes denses, homog\u00e8nes et r\u00e9guli\u00e8res. Cet appareil contemporain convient aux ma\u00eetres qui travaillent rapidement. Les artistes qui travaillent avec cette machine notent qu'il est devenu plus facile de faire des lignes r\u00e9guli\u00e8res gr\u00e2ce aux faibles vibrations. En outre, le risque de voir la peinture s'estomper dans les zones \u00e0 probl\u00e8mes est consid\u00e9rablement r\u00e9duit.<\/p>\n<p>Le cadre de cet appareil qui p\u00e8se \"classiquement\" 180 grammes est fabriqu\u00e9 en acier durable. Il pr\u00e9sente d'excellentes propri\u00e9t\u00e9s anticorrosion et d'isolation \u00e9lectrique, ce qui permet d'utiliser l'appareil pendant de nombreuses ann\u00e9es. Les professionnels affirment que le cadre de l'appareil est solidement prot\u00e9g\u00e9. L'article peut fonctionner \u00e0 une vitesse \u00e9tonnante et avec des vibrations minimales, ce qui fait que la peau du client ne subit que rarement des traumatismes. Le fabricant recommande d'utiliser 5 -<a href=\"https:\/\/rightstuff.eu\/shop\/needles\/round-liner\/9rl\/\">9 Aiguilles Rl<\/a> fonctionnant \u00e0 une tension de 6,6 V. La fr\u00e9quence de l'appareil est de 135 Hz. La machine standard poss\u00e8de des bobines de 26 millim\u00e8tres \u00e0 huit spires.<\/p>","protected":false},"excerpt":{"rendered":"<p>Le cadre est usin\u00e9 \u00e0 partir d'une seule pi\u00e8ce d'acier.<\/p>\n<p>Bobines de haute qualit\u00e9 - 26 mm * 8 enveloppes<\/p>\n<p>Quincaillerie en acier noirci<\/p>\n<p>Aiguilles pr\u00e9f\u00e9r\u00e9es 3-9RL<\/p>\n<p>Course extra longue<\/p>\n<p>Fonctionne \u00e0 135hz \u00e0 6,6 volts - non charg\u00e9<\/p>\n<p>Poids de la machine \u00e0 tatouer 180gr.<\/p>","protected":false},"featured_media":49294,"comment_status":"open","ping_status":"closed","template":"","meta":{"site-sidebar-layout":"default","site-content-layout":"","ast-site-content-layout":"default","site-content-style":"default","site-sidebar-style":"default","ast-global-header-display":"","ast-banner-title-visibility":"","ast-main-header-display":"","ast-hfb-above-header-display":"","ast-hfb-below-header-display":"","ast-hfb-mobile-header-display":"","site-post-title":"","ast-breadcrumbs-content":"","ast-featured-img":"","footer-sml-layout":"","ast-disable-related-posts":"","theme-transparent-header-meta":"default","adv-header-id-meta":"","stick-header-meta":"default","header-above-stick-meta":"","header-main-stick-meta":"","header-below-stick-meta":"","astra-migrate-meta-layouts":"set","ast-page-background-enabled":"default","ast-page-background-meta":{"desktop":{"background-color":"var(--ast-global-color-4)","background-image":"","background-repeat":"repeat","background-position":"center center","background-size":"auto","background-attachment":"scroll","background-type":"","background-media":"","overlay-type":"","overlay-color":"","overlay-opacity":"","overlay-gradient":""},"tablet":{"background-color":"","background-image":"","background-repeat":"repeat","background-position":"center center","background-size":"auto","background-attachment":"scroll","background-type":"","background-media":"","overlay-type":"","overlay-color":"","overlay-opacity":"","overlay-gradient":""},"mobile":{"background-color":"","background-image":"","background-repeat":"repeat","background-position":"center center","background-size":"auto","background-attachment":"scroll","background-type":"","background-media":"","overlay-type":"","overlay-color":"","overlay-opacity":"","overlay-gradient":""}},"ast-content-background-meta":{"desktop":{"background-color":"var(--ast-global-color-5)","background-image":"","background-repeat":"repeat","background-position":"center center","background-size":"auto","background-attachment":"scroll","background-type":"","background-media":"","overlay-type":"","overlay-color":"","overlay-opacity":"","overlay-gradient":""},"tablet":{"background-color":"var(--ast-global-color-5)","background-image":"","background-repeat":"repeat","background-position":"center center","background-size":"auto","background-attachment":"scroll","background-type":"","background-media":"","overlay-type":"","overlay-color":"","overlay-opacity":"","overlay-gradient":""},"mobile":{"background-color":"var(--ast-global-color-5)","background-image":"","background-repeat":"repeat","background-position":"center center","background-size":"auto","background-attachment":"scroll","background-type":"","background-media":"","overlay-type":"","overlay-color":"","overlay-opacity":"","overlay-gradient":""}}},"product_brand":[],"product_cat":[21],"product_tag":[82,93,83,99,1800,87,1791,91,95,72],"class_list":{"0":"post-552","1":"product","2":"type-product","3":"status-publish","4":"has-post-thumbnail","6":"product_cat-bone","7":"product_tag-coil-tattoo-machines","8":"product_tag-custom-tattoo-guns","9":"product_tag-custom-tattoo-machines","10":"product_tag-handmade-tattoo-machines","11":"product_tag-macchinetta-per-tatuaggio-a-bobina","12":"product_tag-professional-tattoo-machines","13":"product_tag-spulen-tattoomaschinen","14":"product_tag-tattoo-equipment","15":"product_tag-tattoo-guns","16":"product_tag-tattoo-machine-coils","17":"pa_brand-rightstuff","18":"desktop-align-center","19":"tablet-align-left","20":"mobile-align-left","21":"ast-product-gallery-layout-horizontal-slider","22":"ast-product-tabs-layout-horizontal","24":"first","25":"outofstock","26":"sale","27":"taxable","28":"shipping-taxable","29":"purchasable","30":"product-type-simple"},"_links":{"self":[{"href":"https:\/\/rightstuff.eu\/fr\/wp-json\/wp\/v2\/product\/552","targetHints":{"allow":["GET"]}}],"collection":[{"href":"https:\/\/rightstuff.eu\/fr\/wp-json\/wp\/v2\/product"}],"about":[{"href":"https:\/\/rightstuff.eu\/fr\/wp-json\/wp\/v2\/types\/product"}],"replies":[{"embeddable":true,"href":"https:\/\/rightstuff.eu\/fr\/wp-json\/wp\/v2\/comments?post=552"}],"version-history":[{"count":0,"href":"https:\/\/rightstuff.eu\/fr\/wp-json\/wp\/v2\/product\/552\/revisions"}],"wp:featuredmedia":[{"embeddable":true,"href":"https:\/\/rightstuff.eu\/fr\/wp-json\/wp\/v2\/media\/49294"}],"wp:attachment":[{"href":"https:\/\/rightstuff.eu\/fr\/wp-json\/wp\/v2\/media?parent=552"}],"wp:term":[{"taxonomy":"product_brand","embeddable":true,"href":"https:\/\/rightstuff.eu\/fr\/wp-json\/wp\/v2\/product_brand?post=552"},{"taxonomy":"product_cat","embeddable":true,"href":"https:\/\/rightstuff.eu\/fr\/wp-json\/wp\/v2\/product_cat?post=552"},{"taxonomy":"product_tag","embeddable":true,"href":"https:\/\/rightstuff.eu\/fr\/wp-json\/wp\/v2\/product_tag?post=552"}],"curies":[{"name":"wp","href":"https:\/\/api.w.org\/{rel}","templated":true}]}}