{"id":55171,"date":"2023-06-29T20:07:24","date_gmt":"2023-06-29T18:07:24","guid":{"rendered":"https:\/\/rightstuff.eu\/?post_type=product&#038;p=55171"},"modified":"2025-05-03T21:45:13","modified_gmt":"2025-05-03T19:45:13","slug":"shim-rotary-tattoo-machine-white","status":"publish","type":"product","link":"https:\/\/rightstuff.eu\/fr\/produit\/shim-rotary-tattoo-machine-white\/","title":{"rendered":"Shim - Machine \u00e0 tatouer rotative Blanc"},"content":{"rendered":"<p>Si tu cherches une machine \u00e0 tatouer rotative personnalis\u00e9e, ne cherche pas plus loin. Notre machine Shim est fabriqu\u00e9e \u00e0 la main avec le plus grand soin et la plus grande pr\u00e9cision. Elle est con\u00e7ue pour les tatoueurs exp\u00e9riment\u00e9s qui exigent les meilleures performances et la meilleure qualit\u00e9. Cette <a href=\"https:\/\/rightstuff.eu\/cartridges\/magnum-cartridges\/magnum-cartridge-19m-030\/\">cartouche de tatouage rotatif<\/a> La machine fonctionne sans probl\u00e8me et sans faille, ce qui la rend id\u00e9ale pour toute application de tatouage.<\/p>","protected":false},"excerpt":{"rendered":"<p><a href=\"https:\/\/rightstuff.eu\/blog\/review-shim-rotary-tattoo-machine-by-rightstuff\/\">Machine \u00e0 tatouer rotative<\/a><\/p>\n<p>3,0 \/ 3,5 \/ 3,8 \/ 4,5 mm course<br \/>\n6500 RPM<br \/>\nTension pr\u00e9f\u00e9r\u00e9e 8-10 volts<br \/>\nComprend 4 barres de piston de diff\u00e9rentes rigidit\u00e9s<\/p>\n<p>Aiguilles recommand\u00e9es : Jusqu'\u00e0 15 Liner, jusqu'\u00e0 23 Mag<br \/>\nCorps en aluminium<br \/>\nMoteur allemand de haute qualit\u00e9<br \/>\nPoids 53 gr.<br \/>\nRCA uniquement<\/p>","protected":false},"featured_media":56596,"comment_status":"open","ping_status":"closed","template":"","meta":{"site-sidebar-layout":"default","site-content-layout":"default","ast-site-content-layout":"default","site-content-style":"default","site-sidebar-style":"default","ast-global-header-display":"","ast-banner-title-visibility":"","ast-main-header-display":"","ast-hfb-above-header-display":"","ast-hfb-below-header-display":"","ast-hfb-mobile-header-display":"","site-post-title":"","ast-breadcrumbs-content":"","ast-featured-img":"","footer-sml-layout":"","ast-disable-related-posts":"","theme-transparent-header-meta":"default","adv-header-id-meta":"","stick-header-meta":"default","header-above-stick-meta":"","header-main-stick-meta":"","header-below-stick-meta":"","astra-migrate-meta-layouts":"set","ast-page-background-enabled":"default","ast-page-background-meta":{"desktop":{"background-color":"var(--ast-global-color-4)","background-image":"","background-repeat":"repeat","background-position":"center center","background-size":"auto","background-attachment":"scroll","background-type":"","background-media":"","overlay-type":"","overlay-color":"","overlay-opacity":"","overlay-gradient":""},"tablet":{"background-color":"","background-image":"","background-repeat":"repeat","background-position":"center center","background-size":"auto","background-attachment":"scroll","background-type":"","background-media":"","overlay-type":"","overlay-color":"","overlay-opacity":"","overlay-gradient":""},"mobile":{"background-color":"","background-image":"","background-repeat":"repeat","background-position":"center center","background-size":"auto","background-attachment":"scroll","background-type":"","background-media":"","overlay-type":"","overlay-color":"","overlay-opacity":"","overlay-gradient":""}},"ast-content-background-meta":{"desktop":{"background-color":"var(--ast-global-color-5)","background-image":"","background-repeat":"repeat","background-position":"center center","background-size":"auto","background-attachment":"scroll","background-type":"","background-media":"","overlay-type":"","overlay-color":"","overlay-opacity":"","overlay-gradient":""},"tablet":{"background-color":"var(--ast-global-color-5)","background-image":"","background-repeat":"repeat","background-position":"center center","background-size":"auto","background-attachment":"scroll","background-type":"","background-media":"","overlay-type":"","overlay-color":"","overlay-opacity":"","overlay-gradient":""},"mobile":{"background-color":"var(--ast-global-color-5)","background-image":"","background-repeat":"repeat","background-position":"center center","background-size":"auto","background-attachment":"scroll","background-type":"","background-media":"","overlay-type":"","overlay-color":"","overlay-opacity":"","overlay-gradient":""}}},"product_brand":[],"product_cat":[31],"product_tag":[1804,101,93,83,100,99,87,98,48,1806,97,1792,91,95,72,41],"class_list":{"0":"post-55171","1":"product","2":"type-product","3":"status-publish","4":"has-post-thumbnail","6":"product_cat-shim","7":"product_tag-beginner-tattoo-kits","8":"product_tag-custom-rotary-machines","9":"product_tag-custom-tattoo-guns","10":"product_tag-custom-tattoo-machines","11":"product_tag-handmade-rotary-tattoo-machines","12":"product_tag-handmade-tattoo-machines","13":"product_tag-professional-tattoo-machines","14":"product_tag-rotary-tattoo-guns","15":"product_tag-rotary-tattoo-machine","16":"product_tag-rotary-tattoo-machines","17":"product_tag-rotary-tattoo-pen","18":"product_tag-rotary-tattoomaschinen","19":"product_tag-tattoo-equipment","20":"product_tag-tattoo-guns","21":"product_tag-tattoo-machine-coils","22":"product_tag-tattoo-machines","23":"desktop-align-center","24":"tablet-align-left","25":"mobile-align-left","26":"ast-product-gallery-layout-horizontal-slider","27":"ast-product-single-variable","28":"ast-product-tabs-layout-horizontal","30":"first","31":"instock","32":"taxable","33":"shipping-taxable","34":"purchasable","35":"product-type-variable"},"_links":{"self":[{"href":"https:\/\/rightstuff.eu\/fr\/wp-json\/wp\/v2\/product\/55171","targetHints":{"allow":["GET"]}}],"collection":[{"href":"https:\/\/rightstuff.eu\/fr\/wp-json\/wp\/v2\/product"}],"about":[{"href":"https:\/\/rightstuff.eu\/fr\/wp-json\/wp\/v2\/types\/product"}],"replies":[{"embeddable":true,"href":"https:\/\/rightstuff.eu\/fr\/wp-json\/wp\/v2\/comments?post=55171"}],"version-history":[{"count":0,"href":"https:\/\/rightstuff.eu\/fr\/wp-json\/wp\/v2\/product\/55171\/revisions"}],"wp:featuredmedia":[{"embeddable":true,"href":"https:\/\/rightstuff.eu\/fr\/wp-json\/wp\/v2\/media\/56596"}],"wp:attachment":[{"href":"https:\/\/rightstuff.eu\/fr\/wp-json\/wp\/v2\/media?parent=55171"}],"wp:term":[{"taxonomy":"product_brand","embeddable":true,"href":"https:\/\/rightstuff.eu\/fr\/wp-json\/wp\/v2\/product_brand?post=55171"},{"taxonomy":"product_cat","embeddable":true,"href":"https:\/\/rightstuff.eu\/fr\/wp-json\/wp\/v2\/product_cat?post=55171"},{"taxonomy":"product_tag","embeddable":true,"href":"https:\/\/rightstuff.eu\/fr\/wp-json\/wp\/v2\/product_tag?post=55171"}],"curies":[{"name":"wp","href":"https:\/\/api.w.org\/{rel}","templated":true}]}}