{"id":55145,"date":"2023-06-21T01:20:07","date_gmt":"2023-06-20T23:20:07","guid":{"rendered":"https:\/\/rightstuff.eu\/?post_type=product&#038;p=55145"},"modified":"2025-07-11T14:28:07","modified_gmt":"2025-07-11T12:28:07","slug":"rotary-tattoo-machine-keg-variable-pink","status":"publish","type":"product","link":"https:\/\/rightstuff.eu\/fr\/produit\/rotary-tattoo-machine-keg-variable-pink\/","title":{"rendered":"Machine \u00e0 tatouer rotative - KEG Variable (Rose)"},"content":{"rendered":"<p>Une machine \u00e0 tatouer rotative \u00e0 entra\u00eenement direct personnalis\u00e9e absolument stup\u00e9fiante, r\u00e9alis\u00e9e par un designer underground bien connu. Lors de sa sortie, cet instrument est rapidement devenu une l\u00e9gende parmi les tatoueurs. La machine a \u00e9t\u00e9 construite par des professionnels pour des professionnels, ce qui signifie qu'elle exige un haut niveau de sensibilit\u00e9 de la part de son utilisateur pour travailler avec des tatouages finement d\u00e9taill\u00e9s.<\/p>\n<p>Son cadre est construit en aluminium de haute qualit\u00e9, ce qui le rend nettement plus l\u00e9ger que les mod\u00e8les faits d'une seule pi\u00e8ce d'acier, et il ne p\u00e8se que 140 grammes, ce qui le rend id\u00e9al pour une utilisation \u00e0 long terme.<\/p>\n<p>Il a une course modifiable de 1 mm \u00e0 5 mm et peut \u00eatre utilis\u00e9 comme Liner, Shader ou Color Packer. L'appareil est \u00e9quip\u00e9 d'un moteur sur mesure exclusif \u00e0 la s\u00e9rie qui fonctionne \u00e0 6-13 volts et 8000 tours par minute.<\/p>","protected":false},"excerpt":{"rendered":"<h3>Machine \u00e0 tatouer rotative \u00e0 entra\u00eenement direct<\/h3>\n<p>Course variable de 1 mm \u00e0 5 mm<br \/>\n8000 RPM<br \/>\nTension pr\u00e9f\u00e9r\u00e9e 6-13 volts<\/p>\n<p>Aiguilles recommand\u00e9es : Jusqu'\u00e0 18 Liner, jusqu'\u00e0 39 Mag<\/p>\n<p>Cordon \u00e0 pince + connexion RCA<br \/>\nCorps en aluminium<br \/>\nPoids 140 gr.<\/p>","protected":false},"featured_media":56884,"comment_status":"open","ping_status":"closed","template":"","meta":{"site-sidebar-layout":"default","site-content-layout":"default","ast-site-content-layout":"default","site-content-style":"default","site-sidebar-style":"default","ast-global-header-display":"","ast-banner-title-visibility":"","ast-main-header-display":"","ast-hfb-above-header-display":"","ast-hfb-below-header-display":"","ast-hfb-mobile-header-display":"","site-post-title":"","ast-breadcrumbs-content":"","ast-featured-img":"","footer-sml-layout":"","ast-disable-related-posts":"","theme-transparent-header-meta":"default","adv-header-id-meta":"","stick-header-meta":"default","header-above-stick-meta":"","header-main-stick-meta":"","header-below-stick-meta":"","astra-migrate-meta-layouts":"set","ast-page-background-enabled":"default","ast-page-background-meta":{"desktop":{"background-color":"var(--ast-global-color-4)","background-image":"","background-repeat":"repeat","background-position":"center center","background-size":"auto","background-attachment":"scroll","background-type":"","background-media":"","overlay-type":"","overlay-color":"","overlay-opacity":"","overlay-gradient":""},"tablet":{"background-color":"","background-image":"","background-repeat":"repeat","background-position":"center center","background-size":"auto","background-attachment":"scroll","background-type":"","background-media":"","overlay-type":"","overlay-color":"","overlay-opacity":"","overlay-gradient":""},"mobile":{"background-color":"","background-image":"","background-repeat":"repeat","background-position":"center center","background-size":"auto","background-attachment":"scroll","background-type":"","background-media":"","overlay-type":"","overlay-color":"","overlay-opacity":"","overlay-gradient":""}},"ast-content-background-meta":{"desktop":{"background-color":"var(--ast-global-color-5)","background-image":"","background-repeat":"repeat","background-position":"center center","background-size":"auto","background-attachment":"scroll","background-type":"","background-media":"","overlay-type":"","overlay-color":"","overlay-opacity":"","overlay-gradient":""},"tablet":{"background-color":"var(--ast-global-color-5)","background-image":"","background-repeat":"repeat","background-position":"center center","background-size":"auto","background-attachment":"scroll","background-type":"","background-media":"","overlay-type":"","overlay-color":"","overlay-opacity":"","overlay-gradient":""},"mobile":{"background-color":"var(--ast-global-color-5)","background-image":"","background-repeat":"repeat","background-position":"center center","background-size":"auto","background-attachment":"scroll","background-type":"","background-media":"","overlay-type":"","overlay-color":"","overlay-opacity":"","overlay-gradient":""}}},"product_brand":[],"product_cat":[1995],"product_tag":[101,93,83,74,100,99,87,98,48,1806,97,1792,91,95,23,72],"class_list":{"0":"post-55145","1":"product","2":"type-product","3":"status-publish","4":"has-post-thumbnail","6":"product_cat-variable","7":"product_tag-custom-rotary-machines","8":"product_tag-custom-tattoo-guns","9":"product_tag-custom-tattoo-machines","10":"product_tag-direct-drive-tattoo-machine","11":"product_tag-handmade-rotary-tattoo-machines","12":"product_tag-handmade-tattoo-machines","13":"product_tag-professional-tattoo-machines","14":"product_tag-rotary-tattoo-guns","15":"product_tag-rotary-tattoo-machine","16":"product_tag-rotary-tattoo-machines","17":"product_tag-rotary-tattoo-pen","18":"product_tag-rotary-tattoomaschinen","19":"product_tag-tattoo-equipment","20":"product_tag-tattoo-guns","21":"product_tag-tattoo-machine","22":"product_tag-tattoo-machine-coils","23":"pa_brand-rightstuff","24":"desktop-align-center","25":"tablet-align-left","26":"mobile-align-left","27":"ast-product-gallery-layout-horizontal-slider","28":"ast-product-tabs-layout-horizontal","30":"first","31":"instock","32":"taxable","33":"shipping-taxable","34":"purchasable","35":"product-type-simple"},"_links":{"self":[{"href":"https:\/\/rightstuff.eu\/fr\/wp-json\/wp\/v2\/product\/55145","targetHints":{"allow":["GET"]}}],"collection":[{"href":"https:\/\/rightstuff.eu\/fr\/wp-json\/wp\/v2\/product"}],"about":[{"href":"https:\/\/rightstuff.eu\/fr\/wp-json\/wp\/v2\/types\/product"}],"replies":[{"embeddable":true,"href":"https:\/\/rightstuff.eu\/fr\/wp-json\/wp\/v2\/comments?post=55145"}],"version-history":[{"count":0,"href":"https:\/\/rightstuff.eu\/fr\/wp-json\/wp\/v2\/product\/55145\/revisions"}],"wp:featuredmedia":[{"embeddable":true,"href":"https:\/\/rightstuff.eu\/fr\/wp-json\/wp\/v2\/media\/56884"}],"wp:attachment":[{"href":"https:\/\/rightstuff.eu\/fr\/wp-json\/wp\/v2\/media?parent=55145"}],"wp:term":[{"taxonomy":"product_brand","embeddable":true,"href":"https:\/\/rightstuff.eu\/fr\/wp-json\/wp\/v2\/product_brand?post=55145"},{"taxonomy":"product_cat","embeddable":true,"href":"https:\/\/rightstuff.eu\/fr\/wp-json\/wp\/v2\/product_cat?post=55145"},{"taxonomy":"product_tag","embeddable":true,"href":"https:\/\/rightstuff.eu\/fr\/wp-json\/wp\/v2\/product_tag?post=55145"}],"curies":[{"name":"wp","href":"https:\/\/api.w.org\/{rel}","templated":true}]}}