{"id":55128,"date":"2023-06-19T01:38:05","date_gmt":"2023-06-18T23:38:05","guid":{"rendered":"https:\/\/rightstuff.eu\/?post_type=product&#038;p=55128"},"modified":"2023-11-08T15:20:53","modified_gmt":"2023-11-08T14:20:53","slug":"pen-tattoo-machine-hornet-wht-32mm-grip","status":"publish","type":"product","link":"https:\/\/rightstuff.eu\/fr\/produit\/pen-tattoo-machine-hornet-wht-32mm-grip\/","title":{"rendered":"Stylo tatoueur Hornet WHT -32mm Grip"},"content":{"rendered":"<p>Le tatouage est un art ancien. Il y a des si\u00e8cles, les peintures sur la peau avaient leur utilit\u00e9 - les gens croyaient qu'un tatouage pouvait les prot\u00e9ger des maladies ou d'une mort soudaine, les aider \u00e0 effrayer leurs ennemis et \u00e0 attirer les personnes qu'ils aimaient. Pour r\u00e9aliser un tatouage, les anciens ma\u00eetres coupaient la peau et y injectaient des peintures sp\u00e9ciales. L'ensemble du processus \u00e9tait tr\u00e8s douloureux.<\/p>\n<p>Aujourd'hui, un professionnel peut m\u00eame faire un tatouage constant de maquillage : le client n'aura jamais de sensations d\u00e9sagr\u00e9ables. Gr\u00e2ce \u00e0 la stift tattoo maschine Hornet (Gold) en aluminium sp\u00e9cial, il peut facilement r\u00e9aliser des lignes r\u00e9guli\u00e8res et de minuscules tatouages. Cet appareil professionnel pour le maquillage et le tatouage r\u00e9pond \u00e0 toutes les exigences en mati\u00e8re d'hygi\u00e8ne et de qualit\u00e9. Il permet \u00e0 un ma\u00eetre de produire des lignes pr\u00e9cises - le stylo fonctionnera parfaitement pendant plus de quatre-cinq ans.<\/p>\n<p>Le remplacement de la cartouche de l'appareil est un processus simple, car presque toutes les cartouches pratiques sont compatibles avec cet appareil. L'article qui p\u00e8se 145 grammes fonctionne \u00e0 une vitesse de 8000 tours\/minute sous une tension de 4,5 \u00e0 13 V. La profondeur de l'aiguille varie de 1 \u00e0 3,5 mm.<\/p>","protected":false},"excerpt":{"rendered":"<p>Machine \u00e0 tatouer \u00e0 stylo Hornet<br \/>\nPoign\u00e9e 32*50mm<\/p>\n<p>Stift tattoo maschine Hornet<\/p>\n<p>Compatible avec toutes les cartouches standard<\/p>\n<p>Course 3,2 mm<br \/>\nVariable jusqu'\u00e0 une profondeur d'aiguille de 4 mm<br \/>\n8000 RPM<br \/>\nTension pr\u00e9f\u00e9r\u00e9e 4,5-13 volts<\/p>\n<p>Connexion RCA<br \/>\nCorps en aluminium<br \/>\nPoids 145 gr.<\/p>","protected":false},"featured_media":55131,"comment_status":"open","ping_status":"closed","template":"","meta":{"site-sidebar-layout":"default","site-content-layout":"default","ast-site-content-layout":"default","site-content-style":"default","site-sidebar-style":"default","ast-global-header-display":"","ast-banner-title-visibility":"","ast-main-header-display":"","ast-hfb-above-header-display":"","ast-hfb-below-header-display":"","ast-hfb-mobile-header-display":"","site-post-title":"","ast-breadcrumbs-content":"","ast-featured-img":"","footer-sml-layout":"","ast-disable-related-posts":"","theme-transparent-header-meta":"default","adv-header-id-meta":"","stick-header-meta":"default","header-above-stick-meta":"","header-main-stick-meta":"","header-below-stick-meta":"","astra-migrate-meta-layouts":"set","ast-page-background-enabled":"default","ast-page-background-meta":{"desktop":{"background-color":"var(--ast-global-color-4)","background-image":"","background-repeat":"repeat","background-position":"center center","background-size":"auto","background-attachment":"scroll","background-type":"","background-media":"","overlay-type":"","overlay-color":"","overlay-opacity":"","overlay-gradient":""},"tablet":{"background-color":"","background-image":"","background-repeat":"repeat","background-position":"center center","background-size":"auto","background-attachment":"scroll","background-type":"","background-media":"","overlay-type":"","overlay-color":"","overlay-opacity":"","overlay-gradient":""},"mobile":{"background-color":"","background-image":"","background-repeat":"repeat","background-position":"center center","background-size":"auto","background-attachment":"scroll","background-type":"","background-media":"","overlay-type":"","overlay-color":"","overlay-opacity":"","overlay-gradient":""}},"ast-content-background-meta":{"desktop":{"background-color":"var(--ast-global-color-5)","background-image":"","background-repeat":"repeat","background-position":"center center","background-size":"auto","background-attachment":"scroll","background-type":"","background-media":"","overlay-type":"","overlay-color":"","overlay-opacity":"","overlay-gradient":""},"tablet":{"background-color":"var(--ast-global-color-5)","background-image":"","background-repeat":"repeat","background-position":"center center","background-size":"auto","background-attachment":"scroll","background-type":"","background-media":"","overlay-type":"","overlay-color":"","overlay-opacity":"","overlay-gradient":""},"mobile":{"background-color":"var(--ast-global-color-5)","background-image":"","background-repeat":"repeat","background-position":"center center","background-size":"auto","background-attachment":"scroll","background-type":"","background-media":"","overlay-type":"","overlay-color":"","overlay-opacity":"","overlay-gradient":""}}},"product_brand":[],"product_cat":[1803],"product_tag":[101,93,100,99,53,1798,50,87,98,48,97,1792,71,91,95,52,41,51],"class_list":{"0":"post-55128","1":"product","2":"type-product","3":"status-publish","4":"has-post-thumbnail","6":"product_cat-pen-tattoo-machines","7":"product_tag-custom-rotary-machines","8":"product_tag-custom-tattoo-guns","9":"product_tag-handmade-rotary-tattoo-machines","10":"product_tag-handmade-tattoo-machines","11":"product_tag-hornet-tattoo-machine","12":"product_tag-maquinas-rotativas-de-tatuaje","13":"product_tag-pen-tattoo-machine","14":"product_tag-professional-tattoo-machines","15":"product_tag-rotary-tattoo-guns","16":"product_tag-rotary-tattoo-machine","17":"product_tag-rotary-tattoo-pen","18":"product_tag-rotary-tattoomaschinen","19":"product_tag-tattoo-cartridges","20":"product_tag-tattoo-equipment","21":"product_tag-tattoo-guns","22":"product_tag-tattoo-machine-pen","23":"product_tag-tattoo-machines","24":"product_tag-tattoo-pen","25":"pa_brand-rightstuff","26":"desktop-align-center","27":"tablet-align-left","28":"mobile-align-left","29":"ast-product-gallery-layout-horizontal-slider","30":"ast-product-gallery-with-no-image","31":"ast-product-tabs-layout-horizontal","33":"first","34":"instock","35":"taxable","36":"shipping-taxable","37":"purchasable","38":"product-type-simple"},"_links":{"self":[{"href":"https:\/\/rightstuff.eu\/fr\/wp-json\/wp\/v2\/product\/55128","targetHints":{"allow":["GET"]}}],"collection":[{"href":"https:\/\/rightstuff.eu\/fr\/wp-json\/wp\/v2\/product"}],"about":[{"href":"https:\/\/rightstuff.eu\/fr\/wp-json\/wp\/v2\/types\/product"}],"replies":[{"embeddable":true,"href":"https:\/\/rightstuff.eu\/fr\/wp-json\/wp\/v2\/comments?post=55128"}],"version-history":[{"count":0,"href":"https:\/\/rightstuff.eu\/fr\/wp-json\/wp\/v2\/product\/55128\/revisions"}],"wp:featuredmedia":[{"embeddable":true,"href":"https:\/\/rightstuff.eu\/fr\/wp-json\/wp\/v2\/media\/55131"}],"wp:attachment":[{"href":"https:\/\/rightstuff.eu\/fr\/wp-json\/wp\/v2\/media?parent=55128"}],"wp:term":[{"taxonomy":"product_brand","embeddable":true,"href":"https:\/\/rightstuff.eu\/fr\/wp-json\/wp\/v2\/product_brand?post=55128"},{"taxonomy":"product_cat","embeddable":true,"href":"https:\/\/rightstuff.eu\/fr\/wp-json\/wp\/v2\/product_cat?post=55128"},{"taxonomy":"product_tag","embeddable":true,"href":"https:\/\/rightstuff.eu\/fr\/wp-json\/wp\/v2\/product_tag?post=55128"}],"curies":[{"name":"wp","href":"https:\/\/api.w.org\/{rel}","templated":true}]}}