{"id":55125,"date":"2023-06-19T01:23:19","date_gmt":"2023-06-18T23:23:19","guid":{"rendered":"https:\/\/rightstuff.eu\/?post_type=product&#038;p=55125"},"modified":"2026-04-05T22:17:33","modified_gmt":"2026-04-05T20:17:33","slug":"rightstuff-one-smk","status":"publish","type":"product","link":"https:\/\/rightstuff.eu\/fr\/produit\/rightstuff-one-smk\/","title":{"rendered":"RightStuff ONE - Fum\u00e9e"},"content":{"rendered":"<p>Voici la machine \u00e0 tatouer \u00e0 bobine unique RightStuff ONE - SMK\/BLK, l'incarnation de la pr\u00e9cision et de la puissance. Cette machine exceptionnelle est m\u00e9ticuleusement con\u00e7ue pour les tatoueurs professionnels qui n'exigent rien d'autre que le meilleur.<\/p>\n<p>\u00c9quip\u00e9 d'un bobinage simple robuste, le RightStuff ONE - SMK\/BLK offre une pr\u00e9cision et une coh\u00e9rence in\u00e9gal\u00e9es. Sa couleur Smoke Grey \u00e9l\u00e9gante et captivante ajoute une touche de sophistication \u00e0 ton studio de tatouage, en faisant une d\u00e9claration audacieuse.<\/p>\n<p>Con\u00e7ue dans un souci de durabilit\u00e9, cette machine \u00e0 tatouer est fabriqu\u00e9e pour r\u00e9sister aux exigences d'une utilisation continue. Son poids l\u00e9ger et sa conception ergonomique assurent une manipulation confortable, ce qui te permet de cr\u00e9er de superbes motifs de tatouage avec une facilit\u00e9 remarquable.<\/p>\n<p>La RightStuff ONE - RAW est une machine polyvalente qui convient \u00e0 un large \u00e9ventail de techniques de tatouage. De la doublure pr\u00e9cise \u00e0 l'ombrage lisse et \u00e0 l'emballage de couleurs vibrantes, cette machine donne des r\u00e9sultats exceptionnels \u00e0 chaque fois. Ajuste la course de l'aiguille pour obtenir une personnalisation parfaite pour chaque client et chaque dessin.<\/p>\n<p>\u00c9l\u00e8ve ton art du tatouage avec la machine \u00e0 tatouer RightStuff ONE - RAW Single Coil. Fais l'exp\u00e9rience du summum de la performance, de la fiabilit\u00e9 et du style, et laisse une impression durable avec tes tatouages exceptionnels.<\/p>","protected":false},"excerpt":{"rendered":"<h4>Machine \u00e0 tatouer \u00e0 bobine unique<\/h4>\n<p>&nbsp;<\/p>\n<p>Le cadre est usin\u00e9 \u00e0 partir d'une seule pi\u00e8ce d'aluminium a\u00e9ronautique 7075.<\/p>\n<p>Finition du cadre \u00e0 rev\u00eatement en poudre.<\/p>\n<p>Bobine personnalis\u00e9e de haute qualit\u00e9<\/p>\n<p>Quincaillerie en acier avec une finition en zinc noir<\/p>\n<p>Fonctionne avec toutes les tailles d'aiguilles 3 - 14RL \u00c0 5,5-9 volts<\/p>\n<p>Course 3,8 mm<\/p>\n<p>Fonctionne \u00e0 environ 135hz \u00e0 6,5 volts - sans charge<\/p>\n<p>La machine \u00e0 tatouer p\u00e8se 130 grammes.<\/p>","protected":false},"featured_media":56982,"comment_status":"open","ping_status":"closed","template":"","meta":{"site-sidebar-layout":"default","site-content-layout":"default","ast-site-content-layout":"default","site-content-style":"default","site-sidebar-style":"default","ast-global-header-display":"","ast-banner-title-visibility":"","ast-main-header-display":"","ast-hfb-above-header-display":"","ast-hfb-below-header-display":"","ast-hfb-mobile-header-display":"","site-post-title":"","ast-breadcrumbs-content":"","ast-featured-img":"","footer-sml-layout":"","ast-disable-related-posts":"","theme-transparent-header-meta":"default","adv-header-id-meta":"","stick-header-meta":"default","header-above-stick-meta":"","header-main-stick-meta":"","header-below-stick-meta":"","astra-migrate-meta-layouts":"set","ast-page-background-enabled":"default","ast-page-background-meta":{"desktop":{"background-color":"var(--ast-global-color-4)","background-image":"","background-repeat":"repeat","background-position":"center center","background-size":"auto","background-attachment":"scroll","background-type":"","background-media":"","overlay-type":"","overlay-color":"","overlay-opacity":"","overlay-gradient":""},"tablet":{"background-color":"","background-image":"","background-repeat":"repeat","background-position":"center center","background-size":"auto","background-attachment":"scroll","background-type":"","background-media":"","overlay-type":"","overlay-color":"","overlay-opacity":"","overlay-gradient":""},"mobile":{"background-color":"","background-image":"","background-repeat":"repeat","background-position":"center center","background-size":"auto","background-attachment":"scroll","background-type":"","background-media":"","overlay-type":"","overlay-color":"","overlay-opacity":"","overlay-gradient":""}},"ast-content-background-meta":{"desktop":{"background-color":"var(--ast-global-color-5)","background-image":"","background-repeat":"repeat","background-position":"center center","background-size":"auto","background-attachment":"scroll","background-type":"","background-media":"","overlay-type":"","overlay-color":"","overlay-opacity":"","overlay-gradient":""},"tablet":{"background-color":"var(--ast-global-color-5)","background-image":"","background-repeat":"repeat","background-position":"center center","background-size":"auto","background-attachment":"scroll","background-type":"","background-media":"","overlay-type":"","overlay-color":"","overlay-opacity":"","overlay-gradient":""},"mobile":{"background-color":"var(--ast-global-color-5)","background-image":"","background-repeat":"repeat","background-position":"center center","background-size":"auto","background-attachment":"scroll","background-type":"","background-media":"","overlay-type":"","overlay-color":"","overlay-opacity":"","overlay-gradient":""}}},"product_brand":[],"product_cat":[1942],"product_tag":[82,93,83,99,1801,87,91,95,72],"class_list":{"0":"post-55125","1":"product","2":"type-product","3":"status-publish","4":"has-post-thumbnail","6":"product_cat-rightstuff-one","7":"product_tag-coil-tattoo-machines","8":"product_tag-custom-tattoo-guns","9":"product_tag-custom-tattoo-machines","10":"product_tag-handmade-tattoo-machines","11":"product_tag-machines-a-tatouer-les-bobines","12":"product_tag-professional-tattoo-machines","13":"product_tag-tattoo-equipment","14":"product_tag-tattoo-guns","15":"product_tag-tattoo-machine-coils","16":"desktop-align-center","17":"tablet-align-left","18":"mobile-align-left","19":"ast-product-gallery-layout-horizontal-slider","20":"ast-product-single-variable","21":"ast-product-tabs-layout-horizontal","23":"first","24":"outofstock","25":"taxable","26":"shipping-taxable","27":"purchasable","28":"product-type-variable"},"_links":{"self":[{"href":"https:\/\/rightstuff.eu\/fr\/wp-json\/wp\/v2\/product\/55125","targetHints":{"allow":["GET"]}}],"collection":[{"href":"https:\/\/rightstuff.eu\/fr\/wp-json\/wp\/v2\/product"}],"about":[{"href":"https:\/\/rightstuff.eu\/fr\/wp-json\/wp\/v2\/types\/product"}],"replies":[{"embeddable":true,"href":"https:\/\/rightstuff.eu\/fr\/wp-json\/wp\/v2\/comments?post=55125"}],"version-history":[{"count":0,"href":"https:\/\/rightstuff.eu\/fr\/wp-json\/wp\/v2\/product\/55125\/revisions"}],"wp:featuredmedia":[{"embeddable":true,"href":"https:\/\/rightstuff.eu\/fr\/wp-json\/wp\/v2\/media\/56982"}],"wp:attachment":[{"href":"https:\/\/rightstuff.eu\/fr\/wp-json\/wp\/v2\/media?parent=55125"}],"wp:term":[{"taxonomy":"product_brand","embeddable":true,"href":"https:\/\/rightstuff.eu\/fr\/wp-json\/wp\/v2\/product_brand?post=55125"},{"taxonomy":"product_cat","embeddable":true,"href":"https:\/\/rightstuff.eu\/fr\/wp-json\/wp\/v2\/product_cat?post=55125"},{"taxonomy":"product_tag","embeddable":true,"href":"https:\/\/rightstuff.eu\/fr\/wp-json\/wp\/v2\/product_tag?post=55125"}],"curies":[{"name":"wp","href":"https:\/\/api.w.org\/{rel}","templated":true}]}}