{"id":551,"date":"2013-12-01T20:08:00","date_gmt":"2013-12-01T17:08:00","guid":{"rendered":"https:\/\/rightstuff.eu\/shop\/uncategorized\/18rs\/"},"modified":"2025-01-22T01:37:15","modified_gmt":"2025-01-22T00:37:15","slug":"18rs","status":"publish","type":"product","link":"https:\/\/rightstuff.eu\/fr\/produit\/18rs\/","title":{"rendered":"Aiguille ronde 18RS"},"content":{"rendered":"<p>Aujourd'hui, les tatouages orientaux, en particulier japonais et chinois, sont tr\u00e8s populaires. En apprenant la signification de certains tatouages, les gens commencent \u00e0 croire qu'une image de la peau peut compl\u00e8tement changer leur vie (bien s\u00fbr, en mieux). Ils ont command\u00e9 de grands tatouages de 2-3 couleurs couvrant leur corps, des images r\u00e9alistes de divers animaux, des images avec diff\u00e9rentes nuances. Ces tatouages japonais et chinois sont r\u00e9alis\u00e9s \"\u00e9tape par \u00e9tape\", en plusieurs jours. Apr\u00e8s qu'un ma\u00eetre a fini de faire le contour d'un tatouage, il prend des aiguilles Round Shader et commence \u00e0 colorer et \u00e0 ombrer le futur tatouage. Les aiguilles 18 RS, d'un diam\u00e8tre de 0,35 mm et d'un aff\u00fbtage de 1,5 mm, ne font pas souffrir le client, m\u00eame si la proc\u00e9dure quotidienne dure plus de trois heures. Avant de r\u00e9aliser un tatouage, un ma\u00eetre doit expliquer \u00e0 son client la signification r\u00e9elle de telle ou telle image. Par exemple, le tigre (Tora) personnifie la force, le courage et une longue vie. L'image du tatouage frapp\u00e9 prot\u00e8ge des malheurs, des maladies et des d\u00e9mons. On croit que le fait de porter un tigre sur le corps prot\u00e8ge contre les douleurs et les maladies. Hawk (Taka) symbolise le courage, la combativit\u00e9 et la noblesse. Ce symbole est utilis\u00e9 pour d\u00e9crire les personnes qui ont un grand talent, mais un caract\u00e8re modeste. Le serpent (Hebi), dont la peau est ombr\u00e9e d'aiguilles 18RS prot\u00e8ge des maladies, des catastrophes naturelles, de l'\u00e9chec. C'est un bon symbole, qui apporte bonheur et prosp\u00e9rit\u00e9.<\/p>","protected":false},"excerpt":{"rendered":"<p>50 pi\u00e8ces\/paquet<\/p>","protected":false},"featured_media":28770,"comment_status":"open","ping_status":"closed","template":"","meta":{"site-sidebar-layout":"","site-content-layout":"","ast-site-content-layout":"default","site-content-style":"default","site-sidebar-style":"default","ast-global-header-display":"","ast-banner-title-visibility":"","ast-main-header-display":"","ast-hfb-above-header-display":"","ast-hfb-below-header-display":"","ast-hfb-mobile-header-display":"","site-post-title":"","ast-breadcrumbs-content":"","ast-featured-img":"","footer-sml-layout":"","ast-disable-related-posts":"","theme-transparent-header-meta":"","adv-header-id-meta":"","stick-header-meta":"","header-above-stick-meta":"","header-main-stick-meta":"","header-below-stick-meta":"","astra-migrate-meta-layouts":"default","ast-page-background-enabled":"default","ast-page-background-meta":{"desktop":{"background-color":"var(--ast-global-color-4)","background-image":"","background-repeat":"repeat","background-position":"center center","background-size":"auto","background-attachment":"scroll","background-type":"","background-media":"","overlay-type":"","overlay-color":"","overlay-opacity":"","overlay-gradient":""},"tablet":{"background-color":"","background-image":"","background-repeat":"repeat","background-position":"center center","background-size":"auto","background-attachment":"scroll","background-type":"","background-media":"","overlay-type":"","overlay-color":"","overlay-opacity":"","overlay-gradient":""},"mobile":{"background-color":"","background-image":"","background-repeat":"repeat","background-position":"center center","background-size":"auto","background-attachment":"scroll","background-type":"","background-media":"","overlay-type":"","overlay-color":"","overlay-opacity":"","overlay-gradient":""}},"ast-content-background-meta":{"desktop":{"background-color":"var(--ast-global-color-5)","background-image":"","background-repeat":"repeat","background-position":"center center","background-size":"auto","background-attachment":"scroll","background-type":"","background-media":"","overlay-type":"","overlay-color":"","overlay-opacity":"","overlay-gradient":""},"tablet":{"background-color":"var(--ast-global-color-5)","background-image":"","background-repeat":"repeat","background-position":"center center","background-size":"auto","background-attachment":"scroll","background-type":"","background-media":"","overlay-type":"","overlay-color":"","overlay-opacity":"","overlay-gradient":""},"mobile":{"background-color":"var(--ast-global-color-5)","background-image":"","background-repeat":"repeat","background-position":"center center","background-size":"auto","background-attachment":"scroll","background-type":"","background-media":"","overlay-type":"","overlay-color":"","overlay-opacity":"","overlay-gradient":""}}},"product_brand":[],"product_cat":[30],"product_tag":[81,102,1807,91,92],"class_list":{"0":"post-551","1":"product","2":"type-product","3":"status-publish","4":"has-post-thumbnail","6":"product_cat-round-shader","7":"product_tag-cartridge-tattoo-needles","8":"product_tag-rotary-tattoo-needles","9":"product_tag-tattoo-beginner-box","10":"product_tag-tattoo-equipment","11":"product_tag-tattoo-machines-parts","12":"pa_brand-rightstuff","13":"desktop-align-center","14":"tablet-align-left","15":"mobile-align-left","16":"ast-product-gallery-layout-horizontal-slider","17":"ast-product-gallery-with-no-image","18":"ast-product-tabs-layout-horizontal","20":"first","21":"outofstock","22":"taxable","23":"shipping-taxable","24":"purchasable","25":"product-type-simple"},"_links":{"self":[{"href":"https:\/\/rightstuff.eu\/fr\/wp-json\/wp\/v2\/product\/551","targetHints":{"allow":["GET"]}}],"collection":[{"href":"https:\/\/rightstuff.eu\/fr\/wp-json\/wp\/v2\/product"}],"about":[{"href":"https:\/\/rightstuff.eu\/fr\/wp-json\/wp\/v2\/types\/product"}],"replies":[{"embeddable":true,"href":"https:\/\/rightstuff.eu\/fr\/wp-json\/wp\/v2\/comments?post=551"}],"version-history":[{"count":0,"href":"https:\/\/rightstuff.eu\/fr\/wp-json\/wp\/v2\/product\/551\/revisions"}],"wp:featuredmedia":[{"embeddable":true,"href":"https:\/\/rightstuff.eu\/fr\/wp-json\/wp\/v2\/media\/28770"}],"wp:attachment":[{"href":"https:\/\/rightstuff.eu\/fr\/wp-json\/wp\/v2\/media?parent=551"}],"wp:term":[{"taxonomy":"product_brand","embeddable":true,"href":"https:\/\/rightstuff.eu\/fr\/wp-json\/wp\/v2\/product_brand?post=551"},{"taxonomy":"product_cat","embeddable":true,"href":"https:\/\/rightstuff.eu\/fr\/wp-json\/wp\/v2\/product_cat?post=551"},{"taxonomy":"product_tag","embeddable":true,"href":"https:\/\/rightstuff.eu\/fr\/wp-json\/wp\/v2\/product_tag?post=551"}],"curies":[{"name":"wp","href":"https:\/\/api.w.org\/{rel}","templated":true}]}}