{"id":55066,"date":"2023-05-16T21:08:24","date_gmt":"2023-05-16T19:08:24","guid":{"rendered":"https:\/\/rightstuff.eu\/?post_type=product&#038;p=55066"},"modified":"2026-01-26T21:26:54","modified_gmt":"2026-01-26T20:26:54","slug":"rightstuff-one-blk","status":"publish","type":"product","link":"https:\/\/rightstuff.eu\/fr\/produit\/rightstuff-one-blk\/","title":{"rendered":"RightStuff ONE - BLK"},"content":{"rendered":"<p>Voici la machine \u00e0 tatouer RightStuff ONE - BLK Single Coil, un chef-d'\u0153uvre de pr\u00e9cision et de performance. Con\u00e7ue pour les tatoueurs professionnels, cette machine exceptionnelle allie une technologie de pointe \u00e0 un design \u00e9pur\u00e9.<\/p>\n<p>\u00c9quip\u00e9 d'un puissant bobinage simple, le RightStuff ONE - BLK offre une pr\u00e9cision et une coh\u00e9rence in\u00e9gal\u00e9es. Sa couleur noire \u00e9l\u00e9gante et sophistiqu\u00e9e respire l'\u00e9l\u00e9gance et le style, ajoutant une touche de raffinement \u00e0 ton studio de tatouage.<\/p>\n<p>Construite pour supporter les rigueurs d'une utilisation quotidienne, cette machine \u00e0 tatouer b\u00e9n\u00e9ficie d'une construction durable qui garantit des performances durables. Sa conception l\u00e9g\u00e8re r\u00e9duit la fatigue, ce qui te permet de travailler sans effort et de cr\u00e9er des motifs de tatouage complexes en toute simplicit\u00e9.<\/p>\n<p>Qu'il s'agisse de tracer des contours, d'ombrer ou de mettre de la couleur, le RightStuff ONE - BLK est l'outil ultime Avec une longueur de trait r\u00e9glable.<\/p>","protected":false},"excerpt":{"rendered":"<h4>Machine \u00e0 tatouer \u00e0 bobine unique<\/h4>\n<p>&nbsp;<\/p>\n<p>Le cadre est usin\u00e9 \u00e0 partir d'une seule pi\u00e8ce d'aluminium a\u00e9ronautique 7075.<\/p>\n<p>Finition noire.<\/p>\n<p>Bobine personnalis\u00e9e de haute qualit\u00e9, tu peux choisir l'emballage transparent ou non transparent de la bobine.<\/p>\n<p>Quincaillerie en acier avec une finition en zinc noir<\/p>\n<p>Fonctionne avec toutes les tailles d'aiguilles 3 - 14RL \u00c0 5,5-9 volts<\/p>\n<p>Course 3,8 mm<\/p>\n<p>Fonctionne \u00e0 environ 135hz \u00e0 6,5 volts - sans charge<\/p>\n<p>La machine \u00e0 tatouer p\u00e8se 130 grammes.<\/p>","protected":false},"featured_media":58879,"comment_status":"open","ping_status":"closed","template":"","meta":{"site-sidebar-layout":"default","site-content-layout":"default","ast-site-content-layout":"default","site-content-style":"default","site-sidebar-style":"default","ast-global-header-display":"","ast-banner-title-visibility":"","ast-main-header-display":"","ast-hfb-above-header-display":"","ast-hfb-below-header-display":"","ast-hfb-mobile-header-display":"","site-post-title":"","ast-breadcrumbs-content":"","ast-featured-img":"","footer-sml-layout":"","ast-disable-related-posts":"","theme-transparent-header-meta":"default","adv-header-id-meta":"","stick-header-meta":"default","header-above-stick-meta":"","header-main-stick-meta":"","header-below-stick-meta":"","astra-migrate-meta-layouts":"set","ast-page-background-enabled":"default","ast-page-background-meta":{"desktop":{"background-color":"var(--ast-global-color-4)","background-image":"","background-repeat":"repeat","background-position":"center center","background-size":"auto","background-attachment":"scroll","background-type":"","background-media":"","overlay-type":"","overlay-color":"","overlay-opacity":"","overlay-gradient":""},"tablet":{"background-color":"","background-image":"","background-repeat":"repeat","background-position":"center center","background-size":"auto","background-attachment":"scroll","background-type":"","background-media":"","overlay-type":"","overlay-color":"","overlay-opacity":"","overlay-gradient":""},"mobile":{"background-color":"","background-image":"","background-repeat":"repeat","background-position":"center center","background-size":"auto","background-attachment":"scroll","background-type":"","background-media":"","overlay-type":"","overlay-color":"","overlay-opacity":"","overlay-gradient":""}},"ast-content-background-meta":{"desktop":{"background-color":"var(--ast-global-color-5)","background-image":"","background-repeat":"repeat","background-position":"center center","background-size":"auto","background-attachment":"scroll","background-type":"","background-media":"","overlay-type":"","overlay-color":"","overlay-opacity":"","overlay-gradient":""},"tablet":{"background-color":"var(--ast-global-color-5)","background-image":"","background-repeat":"repeat","background-position":"center center","background-size":"auto","background-attachment":"scroll","background-type":"","background-media":"","overlay-type":"","overlay-color":"","overlay-opacity":"","overlay-gradient":""},"mobile":{"background-color":"var(--ast-global-color-5)","background-image":"","background-repeat":"repeat","background-position":"center center","background-size":"auto","background-attachment":"scroll","background-type":"","background-media":"","overlay-type":"","overlay-color":"","overlay-opacity":"","overlay-gradient":""}}},"product_brand":[],"product_cat":[1942],"product_tag":[82,93,83,99,1801,87,91,95,72],"class_list":{"0":"post-55066","1":"product","2":"type-product","3":"status-publish","4":"has-post-thumbnail","6":"product_cat-rightstuff-one","7":"product_tag-coil-tattoo-machines","8":"product_tag-custom-tattoo-guns","9":"product_tag-custom-tattoo-machines","10":"product_tag-handmade-tattoo-machines","11":"product_tag-machines-a-tatouer-les-bobines","12":"product_tag-professional-tattoo-machines","13":"product_tag-tattoo-equipment","14":"product_tag-tattoo-guns","15":"product_tag-tattoo-machine-coils","16":"pa_brand-rightstuff","17":"desktop-align-center","18":"tablet-align-left","19":"mobile-align-left","20":"ast-product-gallery-layout-horizontal-slider","21":"ast-product-tabs-layout-horizontal","23":"first","24":"instock","25":"taxable","26":"shipping-taxable","27":"purchasable","28":"product-type-simple"},"_links":{"self":[{"href":"https:\/\/rightstuff.eu\/fr\/wp-json\/wp\/v2\/product\/55066","targetHints":{"allow":["GET"]}}],"collection":[{"href":"https:\/\/rightstuff.eu\/fr\/wp-json\/wp\/v2\/product"}],"about":[{"href":"https:\/\/rightstuff.eu\/fr\/wp-json\/wp\/v2\/types\/product"}],"replies":[{"embeddable":true,"href":"https:\/\/rightstuff.eu\/fr\/wp-json\/wp\/v2\/comments?post=55066"}],"version-history":[{"count":0,"href":"https:\/\/rightstuff.eu\/fr\/wp-json\/wp\/v2\/product\/55066\/revisions"}],"wp:featuredmedia":[{"embeddable":true,"href":"https:\/\/rightstuff.eu\/fr\/wp-json\/wp\/v2\/media\/58879"}],"wp:attachment":[{"href":"https:\/\/rightstuff.eu\/fr\/wp-json\/wp\/v2\/media?parent=55066"}],"wp:term":[{"taxonomy":"product_brand","embeddable":true,"href":"https:\/\/rightstuff.eu\/fr\/wp-json\/wp\/v2\/product_brand?post=55066"},{"taxonomy":"product_cat","embeddable":true,"href":"https:\/\/rightstuff.eu\/fr\/wp-json\/wp\/v2\/product_cat?post=55066"},{"taxonomy":"product_tag","embeddable":true,"href":"https:\/\/rightstuff.eu\/fr\/wp-json\/wp\/v2\/product_tag?post=55066"}],"curies":[{"name":"wp","href":"https:\/\/api.w.org\/{rel}","templated":true}]}}