{"id":55055,"date":"2023-05-16T19:30:16","date_gmt":"2023-05-16T17:30:16","guid":{"rendered":"https:\/\/rightstuff.eu\/?post_type=product&#038;p=55055"},"modified":"2026-03-31T10:45:49","modified_gmt":"2026-03-31T08:45:49","slug":"rightstuff-one-wht","status":"publish","type":"product","link":"https:\/\/rightstuff.eu\/fr\/produit\/rightstuff-one-wht\/","title":{"rendered":"RightStuff ONE - WHT"},"content":{"rendered":"<p>Nous te pr\u00e9sentons la machine \u00e0 tatouer \u00e0 bobine unique RightStuff ONE en BLANC. Cette machine \u00e0 tatouer haut de gamme combine un savoir-faire exceptionnel et des performances de premier ordre, con\u00e7ue pour r\u00e9pondre aux besoins des tatoueurs professionnels.<\/p>\n<p>La RightStuff ONE est dot\u00e9e d'une puissante bobine unique qui permet d'obtenir des r\u00e9sultats de tatouage constants et pr\u00e9cis. Sa couleur blanche ajoute une touche \u00e9l\u00e9gante et raffin\u00e9e \u00e0 ton poste de travail de tatouage. Fabriqu\u00e9e avec une attention m\u00e9ticuleuse aux d\u00e9tails, cette machine offre un \u00e9quilibre et un contr\u00f4le optimaux, assurant une manipulation confortable pendant les longues s\u00e9ances de tatouage.<\/p>\n<p>Construit pour r\u00e9sister aux exigences d'une utilisation quotidienne, le RightStuff ONE est fabriqu\u00e9 \u00e0 partir de mat\u00e9riaux durables qui garantissent sa long\u00e9vit\u00e9. Sa conception l\u00e9g\u00e8re r\u00e9duit la fatigue des mains et permet une man\u0153uvre en douceur, ce qui te permet de cr\u00e9er des motifs de tatouage complexes en toute simplicit\u00e9.<\/p>\n<p>Gr\u00e2ce \u00e0 sa conception polyvalente, cette machine \u00e0 tatouer \u00e0 simple bobine convient \u00e0 diff\u00e9rents styles de tatouage, notamment la doublure, l'ombrage et l'emballage des couleurs. La course r\u00e9glable permet une personnalisation pr\u00e9cise, te donnant les moyens d'obtenir les r\u00e9sultats souhait\u00e9s pour chaque client.<\/p>\n<p>Am\u00e9liore ton arsenal de tatouage avec la machine \u00e0 tatouer \u00e0 bobine unique RightStuff ONE in WHiTe, le m\u00e9lange parfait de performance, de style et de fiabilit\u00e9. \u00c9l\u00e8ve ton art et r\u00e9alise des tatouages exceptionnels qui laisseront une impression durable.<\/p>","protected":false},"excerpt":{"rendered":"<h4>Machine \u00e0 tatouer \u00e0 bobine unique<\/h4>\n<p>&nbsp;<\/p>\n<p>Le cadre est usin\u00e9 \u00e0 partir d'une seule pi\u00e8ce d'aluminium a\u00e9ronautique 7075.<\/p>\n<p>Finition du cadre par rev\u00eatement en poudre blanc.<\/p>\n<p>Bobine personnalis\u00e9e de haute qualit\u00e9 <span class=\"Apple-converted-space\">\u00a0<\/span><\/p>\n<p>Quincaillerie en acier avec une finition en zinc noir<\/p>\n<p>Fonctionne avec toutes les tailles d'aiguilles 3 - 14RL \u00c0 5,5-9 volts<\/p>\n<p>Course 3,8 mm<\/p>\n<p>Fonctionne \u00e0 environ 125hz \u00e0 6,5 volts - sans charge<\/p>\n<p>La machine \u00e0 tatouer p\u00e8se 130 grammes.<\/p>","protected":false},"featured_media":55062,"comment_status":"open","ping_status":"closed","template":"","meta":{"site-sidebar-layout":"default","site-content-layout":"default","ast-site-content-layout":"default","site-content-style":"default","site-sidebar-style":"default","ast-global-header-display":"","ast-banner-title-visibility":"","ast-main-header-display":"","ast-hfb-above-header-display":"","ast-hfb-below-header-display":"","ast-hfb-mobile-header-display":"","site-post-title":"","ast-breadcrumbs-content":"","ast-featured-img":"","footer-sml-layout":"","ast-disable-related-posts":"","theme-transparent-header-meta":"default","adv-header-id-meta":"","stick-header-meta":"default","header-above-stick-meta":"","header-main-stick-meta":"","header-below-stick-meta":"","astra-migrate-meta-layouts":"set","ast-page-background-enabled":"default","ast-page-background-meta":{"desktop":{"background-color":"var(--ast-global-color-4)","background-image":"","background-repeat":"repeat","background-position":"center center","background-size":"auto","background-attachment":"scroll","background-type":"","background-media":"","overlay-type":"","overlay-color":"","overlay-opacity":"","overlay-gradient":""},"tablet":{"background-color":"","background-image":"","background-repeat":"repeat","background-position":"center center","background-size":"auto","background-attachment":"scroll","background-type":"","background-media":"","overlay-type":"","overlay-color":"","overlay-opacity":"","overlay-gradient":""},"mobile":{"background-color":"","background-image":"","background-repeat":"repeat","background-position":"center center","background-size":"auto","background-attachment":"scroll","background-type":"","background-media":"","overlay-type":"","overlay-color":"","overlay-opacity":"","overlay-gradient":""}},"ast-content-background-meta":{"desktop":{"background-color":"var(--ast-global-color-5)","background-image":"","background-repeat":"repeat","background-position":"center center","background-size":"auto","background-attachment":"scroll","background-type":"","background-media":"","overlay-type":"","overlay-color":"","overlay-opacity":"","overlay-gradient":""},"tablet":{"background-color":"var(--ast-global-color-5)","background-image":"","background-repeat":"repeat","background-position":"center center","background-size":"auto","background-attachment":"scroll","background-type":"","background-media":"","overlay-type":"","overlay-color":"","overlay-opacity":"","overlay-gradient":""},"mobile":{"background-color":"var(--ast-global-color-5)","background-image":"","background-repeat":"repeat","background-position":"center center","background-size":"auto","background-attachment":"scroll","background-type":"","background-media":"","overlay-type":"","overlay-color":"","overlay-opacity":"","overlay-gradient":""}}},"product_brand":[],"product_cat":[1942],"product_tag":[82,93,83,99,1801,87,91,95,72],"class_list":{"0":"post-55055","1":"product","2":"type-product","3":"status-publish","4":"has-post-thumbnail","6":"product_cat-rightstuff-one","7":"product_tag-coil-tattoo-machines","8":"product_tag-custom-tattoo-guns","9":"product_tag-custom-tattoo-machines","10":"product_tag-handmade-tattoo-machines","11":"product_tag-machines-a-tatouer-les-bobines","12":"product_tag-professional-tattoo-machines","13":"product_tag-tattoo-equipment","14":"product_tag-tattoo-guns","15":"product_tag-tattoo-machine-coils","16":"pa_brand-rightstuff","17":"desktop-align-center","18":"tablet-align-left","19":"mobile-align-left","20":"ast-product-gallery-layout-horizontal-slider","21":"ast-product-gallery-with-no-image","22":"ast-product-tabs-layout-horizontal","24":"first","25":"outofstock","26":"taxable","27":"shipping-taxable","28":"purchasable","29":"product-type-simple"},"_links":{"self":[{"href":"https:\/\/rightstuff.eu\/fr\/wp-json\/wp\/v2\/product\/55055","targetHints":{"allow":["GET"]}}],"collection":[{"href":"https:\/\/rightstuff.eu\/fr\/wp-json\/wp\/v2\/product"}],"about":[{"href":"https:\/\/rightstuff.eu\/fr\/wp-json\/wp\/v2\/types\/product"}],"replies":[{"embeddable":true,"href":"https:\/\/rightstuff.eu\/fr\/wp-json\/wp\/v2\/comments?post=55055"}],"version-history":[{"count":0,"href":"https:\/\/rightstuff.eu\/fr\/wp-json\/wp\/v2\/product\/55055\/revisions"}],"wp:featuredmedia":[{"embeddable":true,"href":"https:\/\/rightstuff.eu\/fr\/wp-json\/wp\/v2\/media\/55062"}],"wp:attachment":[{"href":"https:\/\/rightstuff.eu\/fr\/wp-json\/wp\/v2\/media?parent=55055"}],"wp:term":[{"taxonomy":"product_brand","embeddable":true,"href":"https:\/\/rightstuff.eu\/fr\/wp-json\/wp\/v2\/product_brand?post=55055"},{"taxonomy":"product_cat","embeddable":true,"href":"https:\/\/rightstuff.eu\/fr\/wp-json\/wp\/v2\/product_cat?post=55055"},{"taxonomy":"product_tag","embeddable":true,"href":"https:\/\/rightstuff.eu\/fr\/wp-json\/wp\/v2\/product_tag?post=55055"}],"curies":[{"name":"wp","href":"https:\/\/api.w.org\/{rel}","templated":true}]}}