{"id":549,"date":"2013-12-01T20:06:00","date_gmt":"2013-12-01T17:06:00","guid":{"rendered":"https:\/\/rightstuff.eu\/shop\/uncategorized\/14rs\/"},"modified":"2025-01-22T01:37:15","modified_gmt":"2025-01-22T00:37:15","slug":"14rs","status":"publish","type":"product","link":"https:\/\/rightstuff.eu\/fr\/produit\/14rs\/","title":{"rendered":"Aiguille ronde 14RS"},"content":{"rendered":"<p>Autrefois, le tatouage avait des propri\u00e9t\u00e9s magiques, signifiait le statut du propri\u00e9taire, l'appartenance \u00e0 une tribu ou \u00e0 un domaine particulier. Aujourd'hui, il indique souvent l'appartenance \u00e0 une sous-culture (gothique, rocker, criminelle, etc.). Les tatouages artistiques peuvent \u00eatre color\u00e9s, monochromes et m\u00eame blancs, ethniques et fantaisistes ; ils peuvent repr\u00e9senter des animaux et des signes mystiques, contenir des portraits de personnes et des d\u00e9clarations philosophiques. Le r\u00e9sultat de l'image sur la peau d\u00e9pend de la volont\u00e9 du client et de l'art du ma\u00eetre. Ce sont g\u00e9n\u00e9ralement les clients eux-m\u00eames qui proposent les id\u00e9es et les th\u00e8mes des tatouages. Par exemple, une personne peut se rendre dans un salon de tatouage et demander \u00e0 ce que le nom de sa petite amie soit orn\u00e9 d'un c\u0153ur sur son \u00e9paule. Peut-\u00eatre que dans un an, il tombera amoureux d'une autre et voudra se d\u00e9barrasser de l'image. Le ma\u00eetre \"fermera\" alors ce tatouage avec un nouveau, en ombrant l'ancienne image avec des aiguilles 14RS. Dans ce cas, il est pr\u00e9f\u00e9rable d'utiliser du noir et des couleurs sombres pour le tatouage. Ensuite, en ombrant une nouvelle image, le ma\u00eetre cachera l'ancien tatouage. Les vrais ma\u00eetres le font de mani\u00e8re si professionnelle que personne ne devine qu'il y a un autre tatouage cach\u00e9 sous la couche de couleurs. Il va sans dire que les aiguilles 14RS doivent \u00eatre st\u00e9riles, et qu'elles peuvent \u00eatre facilement st\u00e9rilis\u00e9es une fois que le ma\u00eetre a termin\u00e9 son travail.<\/p>","protected":false},"excerpt":{"rendered":"<p>50 pi\u00e8ces\/paquet<\/p>","protected":false},"featured_media":28768,"comment_status":"open","ping_status":"closed","template":"","meta":{"site-sidebar-layout":"","site-content-layout":"","ast-site-content-layout":"default","site-content-style":"default","site-sidebar-style":"default","ast-global-header-display":"","ast-banner-title-visibility":"","ast-main-header-display":"","ast-hfb-above-header-display":"","ast-hfb-below-header-display":"","ast-hfb-mobile-header-display":"","site-post-title":"","ast-breadcrumbs-content":"","ast-featured-img":"","footer-sml-layout":"","ast-disable-related-posts":"","theme-transparent-header-meta":"","adv-header-id-meta":"","stick-header-meta":"","header-above-stick-meta":"","header-main-stick-meta":"","header-below-stick-meta":"","astra-migrate-meta-layouts":"default","ast-page-background-enabled":"default","ast-page-background-meta":{"desktop":{"background-color":"var(--ast-global-color-4)","background-image":"","background-repeat":"repeat","background-position":"center center","background-size":"auto","background-attachment":"scroll","background-type":"","background-media":"","overlay-type":"","overlay-color":"","overlay-opacity":"","overlay-gradient":""},"tablet":{"background-color":"","background-image":"","background-repeat":"repeat","background-position":"center center","background-size":"auto","background-attachment":"scroll","background-type":"","background-media":"","overlay-type":"","overlay-color":"","overlay-opacity":"","overlay-gradient":""},"mobile":{"background-color":"","background-image":"","background-repeat":"repeat","background-position":"center center","background-size":"auto","background-attachment":"scroll","background-type":"","background-media":"","overlay-type":"","overlay-color":"","overlay-opacity":"","overlay-gradient":""}},"ast-content-background-meta":{"desktop":{"background-color":"var(--ast-global-color-5)","background-image":"","background-repeat":"repeat","background-position":"center center","background-size":"auto","background-attachment":"scroll","background-type":"","background-media":"","overlay-type":"","overlay-color":"","overlay-opacity":"","overlay-gradient":""},"tablet":{"background-color":"var(--ast-global-color-5)","background-image":"","background-repeat":"repeat","background-position":"center center","background-size":"auto","background-attachment":"scroll","background-type":"","background-media":"","overlay-type":"","overlay-color":"","overlay-opacity":"","overlay-gradient":""},"mobile":{"background-color":"var(--ast-global-color-5)","background-image":"","background-repeat":"repeat","background-position":"center center","background-size":"auto","background-attachment":"scroll","background-type":"","background-media":"","overlay-type":"","overlay-color":"","overlay-opacity":"","overlay-gradient":""}}},"product_brand":[],"product_cat":[30],"product_tag":[81,88,102,91,92,94],"class_list":{"0":"post-549","1":"product","2":"type-product","3":"status-publish","4":"has-post-thumbnail","6":"product_cat-round-shader","7":"product_tag-cartridge-tattoo-needles","8":"product_tag-professional-tattoo-kit","9":"product_tag-rotary-tattoo-needles","10":"product_tag-tattoo-equipment","11":"product_tag-tattoo-machines-parts","12":"product_tag-tattoo-sets","13":"pa_brand-rightstuff","14":"desktop-align-center","15":"tablet-align-left","16":"mobile-align-left","17":"ast-product-gallery-layout-horizontal-slider","18":"ast-product-gallery-with-no-image","19":"ast-product-tabs-layout-horizontal","21":"first","22":"outofstock","23":"taxable","24":"shipping-taxable","25":"purchasable","26":"product-type-simple"},"_links":{"self":[{"href":"https:\/\/rightstuff.eu\/fr\/wp-json\/wp\/v2\/product\/549","targetHints":{"allow":["GET"]}}],"collection":[{"href":"https:\/\/rightstuff.eu\/fr\/wp-json\/wp\/v2\/product"}],"about":[{"href":"https:\/\/rightstuff.eu\/fr\/wp-json\/wp\/v2\/types\/product"}],"replies":[{"embeddable":true,"href":"https:\/\/rightstuff.eu\/fr\/wp-json\/wp\/v2\/comments?post=549"}],"version-history":[{"count":0,"href":"https:\/\/rightstuff.eu\/fr\/wp-json\/wp\/v2\/product\/549\/revisions"}],"wp:featuredmedia":[{"embeddable":true,"href":"https:\/\/rightstuff.eu\/fr\/wp-json\/wp\/v2\/media\/28768"}],"wp:attachment":[{"href":"https:\/\/rightstuff.eu\/fr\/wp-json\/wp\/v2\/media?parent=549"}],"wp:term":[{"taxonomy":"product_brand","embeddable":true,"href":"https:\/\/rightstuff.eu\/fr\/wp-json\/wp\/v2\/product_brand?post=549"},{"taxonomy":"product_cat","embeddable":true,"href":"https:\/\/rightstuff.eu\/fr\/wp-json\/wp\/v2\/product_cat?post=549"},{"taxonomy":"product_tag","embeddable":true,"href":"https:\/\/rightstuff.eu\/fr\/wp-json\/wp\/v2\/product_tag?post=549"}],"curies":[{"name":"wp","href":"https:\/\/api.w.org\/{rel}","templated":true}]}}