{"id":543,"date":"2013-12-01T22:59:00","date_gmt":"2013-12-01T19:59:00","guid":{"rendered":"https:\/\/rightstuff.eu\/shop\/uncategorized\/3rs\/"},"modified":"2025-01-22T01:37:14","modified_gmt":"2025-01-22T00:37:14","slug":"3rs","status":"publish","type":"product","link":"https:\/\/rightstuff.eu\/fr\/produit\/3rs\/","title":{"rendered":"Aiguille de l'abat-jour 3RS"},"content":{"rendered":"<p>Les tatouages sont un \"d\u00e9cor\" de la peau des marins et des prisonniers depuis assez longtemps. Ils sont port\u00e9s par des personnes compl\u00e8tement diff\u00e9rentes pour \"s'exprimer\", pour montrer une partie du corps ou, \u00e0 l'inverse, pour cacher la cicatrice. Juste pour la beaut\u00e9, apr\u00e8s tout. Mais en plus des faits bien connus (douleur, importance des conditions sanitaires lors de l'application), il y a beaucoup de sp\u00e9culations sur l'art du tatouage. Par exemple, de nombreux clients qui rendent visite \u00e0 un ma\u00eetre tatoueur ne peuvent m\u00eame pas imaginer le nombre de types d'aiguilles qu'il utilise. Par exemple, pour faire un grand tatouage et l'ombrer, il peut choisir des aiguilles plates, mais pour ombrer de tr\u00e8s petites parties de tatouage et des d\u00e9tails, il pr\u00e9f\u00e8re travailler avec des aiguilles 3RS. Ces aiguilles sont dites \"rondes\" car leur faisceau (si tu regardes leur pointe) forme un cercle r\u00e9gulier, compos\u00e9 de plusieurs aiguilles s\u00e9par\u00e9es. Les aiguilles 3RS sont livr\u00e9es dans un emballage st\u00e9rile et, \u00e9tant principalement utilis\u00e9es comme aiguilles d'ombre pour les tatouages, elles peuvent \u00eatre utilis\u00e9es pour les tatouages \u00e0 l'encre de Chine. <a href=\"https:\/\/rightstuff.eu\/product-category\/tattoo-machines\/\">machines \u00e0 tatouer<\/a>Les produits de la cat\u00e9gorie \" Autres \" sont \u00e9galement con\u00e7us pour l'estampage, la peinture, lorsque de fins d\u00e9tails de l'image sont n\u00e9cessaires.<\/p>","protected":false},"excerpt":{"rendered":"<p>50 pi\u00e8ces\/paquet<\/p>","protected":false},"featured_media":1190,"comment_status":"open","ping_status":"closed","template":"","meta":{"site-sidebar-layout":"","site-content-layout":"","ast-site-content-layout":"default","site-content-style":"default","site-sidebar-style":"default","ast-global-header-display":"","ast-banner-title-visibility":"","ast-main-header-display":"","ast-hfb-above-header-display":"","ast-hfb-below-header-display":"","ast-hfb-mobile-header-display":"","site-post-title":"","ast-breadcrumbs-content":"","ast-featured-img":"","footer-sml-layout":"","ast-disable-related-posts":"","theme-transparent-header-meta":"","adv-header-id-meta":"","stick-header-meta":"","header-above-stick-meta":"","header-main-stick-meta":"","header-below-stick-meta":"","astra-migrate-meta-layouts":"default","ast-page-background-enabled":"default","ast-page-background-meta":{"desktop":{"background-color":"var(--ast-global-color-4)","background-image":"","background-repeat":"repeat","background-position":"center center","background-size":"auto","background-attachment":"scroll","background-type":"","background-media":"","overlay-type":"","overlay-color":"","overlay-opacity":"","overlay-gradient":""},"tablet":{"background-color":"","background-image":"","background-repeat":"repeat","background-position":"center center","background-size":"auto","background-attachment":"scroll","background-type":"","background-media":"","overlay-type":"","overlay-color":"","overlay-opacity":"","overlay-gradient":""},"mobile":{"background-color":"","background-image":"","background-repeat":"repeat","background-position":"center center","background-size":"auto","background-attachment":"scroll","background-type":"","background-media":"","overlay-type":"","overlay-color":"","overlay-opacity":"","overlay-gradient":""}},"ast-content-background-meta":{"desktop":{"background-color":"var(--ast-global-color-5)","background-image":"","background-repeat":"repeat","background-position":"center center","background-size":"auto","background-attachment":"scroll","background-type":"","background-media":"","overlay-type":"","overlay-color":"","overlay-opacity":"","overlay-gradient":""},"tablet":{"background-color":"var(--ast-global-color-5)","background-image":"","background-repeat":"repeat","background-position":"center center","background-size":"auto","background-attachment":"scroll","background-type":"","background-media":"","overlay-type":"","overlay-color":"","overlay-opacity":"","overlay-gradient":""},"mobile":{"background-color":"var(--ast-global-color-5)","background-image":"","background-repeat":"repeat","background-position":"center center","background-size":"auto","background-attachment":"scroll","background-type":"","background-media":"","overlay-type":"","overlay-color":"","overlay-opacity":"","overlay-gradient":""}}},"product_brand":[],"product_cat":[30],"product_tag":[81,102,91,92],"class_list":{"0":"post-543","1":"product","2":"type-product","3":"status-publish","4":"has-post-thumbnail","6":"product_cat-round-shader","7":"product_tag-cartridge-tattoo-needles","8":"product_tag-rotary-tattoo-needles","9":"product_tag-tattoo-equipment","10":"product_tag-tattoo-machines-parts","11":"pa_brand-rightstuff","12":"desktop-align-center","13":"tablet-align-left","14":"mobile-align-left","15":"ast-product-gallery-layout-horizontal-slider","16":"ast-product-gallery-with-no-image","17":"ast-product-tabs-layout-horizontal","19":"first","20":"outofstock","21":"taxable","22":"shipping-taxable","23":"purchasable","24":"product-type-simple"},"_links":{"self":[{"href":"https:\/\/rightstuff.eu\/fr\/wp-json\/wp\/v2\/product\/543","targetHints":{"allow":["GET"]}}],"collection":[{"href":"https:\/\/rightstuff.eu\/fr\/wp-json\/wp\/v2\/product"}],"about":[{"href":"https:\/\/rightstuff.eu\/fr\/wp-json\/wp\/v2\/types\/product"}],"replies":[{"embeddable":true,"href":"https:\/\/rightstuff.eu\/fr\/wp-json\/wp\/v2\/comments?post=543"}],"version-history":[{"count":0,"href":"https:\/\/rightstuff.eu\/fr\/wp-json\/wp\/v2\/product\/543\/revisions"}],"wp:featuredmedia":[{"embeddable":true,"href":"https:\/\/rightstuff.eu\/fr\/wp-json\/wp\/v2\/media\/1190"}],"wp:attachment":[{"href":"https:\/\/rightstuff.eu\/fr\/wp-json\/wp\/v2\/media?parent=543"}],"wp:term":[{"taxonomy":"product_brand","embeddable":true,"href":"https:\/\/rightstuff.eu\/fr\/wp-json\/wp\/v2\/product_brand?post=543"},{"taxonomy":"product_cat","embeddable":true,"href":"https:\/\/rightstuff.eu\/fr\/wp-json\/wp\/v2\/product_cat?post=543"},{"taxonomy":"product_tag","embeddable":true,"href":"https:\/\/rightstuff.eu\/fr\/wp-json\/wp\/v2\/product_tag?post=543"}],"curies":[{"name":"wp","href":"https:\/\/api.w.org\/{rel}","templated":true}]}}