{"id":542,"date":"2013-12-01T19:57:00","date_gmt":"2013-12-01T16:57:00","guid":{"rendered":"https:\/\/rightstuff.eu\/shop\/uncategorized\/15rm\/"},"modified":"2025-01-22T01:37:16","modified_gmt":"2025-01-22T00:37:16","slug":"15rm","status":"publish","type":"product","link":"https:\/\/rightstuff.eu\/fr\/produit\/15rm\/","title":{"rendered":"Aiguille ronde magnum 15RM"},"content":{"rendered":"<p>Les tatouages contemporains sont r\u00e9alis\u00e9s dans diff\u00e9rents styles - fantastique, polyn\u00e9sien, russe, oriental, japonais. L'art de dessiner des tatouages japonais est aujourd'hui au sommet de sa popularit\u00e9. En r\u00e8gle g\u00e9n\u00e9rale, chacun des trac\u00e9s porte une certaine signification, cach\u00e9e dans les symboles. L'un des th\u00e8mes les plus populaires est le dragon dans diverses compositions. La signification de cette image est souvent corr\u00e9l\u00e9e \u00e0 la sagesse, \u00e0 la force, \u00e0 la confiance en soi. En outre, les images de poissons sont consid\u00e9r\u00e9es comme un symbole de courage, les tigres - avec l'intr\u00e9pidit\u00e9. En outre, le style japonais est souvent choisi par les femmes qui demandent \u00e0 un ma\u00eetre tatoueur de cr\u00e9er un tatouage de fleurs de sakura, de chrysanth\u00e8mes, de pivoines. Le style japonais peut \u00eatre devin\u00e9 par certaines des caract\u00e9ristiques les plus frappantes : les tatouages sont assez \u00e9tendus et sont r\u00e9alis\u00e9s dans une certaine forme ressemblant \u00e0 un kimono. De nombreuses nuances et lignes sont pr\u00e9sentes. Elles cr\u00e9ent une grande composition faite de nombreuses mini-images dans les limites d'un grand tatouage. Par cons\u00e9quent, un tatoueur travaille sur un tatouage japonais plusieurs jours, en utilisant pour son travail les aiguilles Magnum 15RM qui donnent le meilleur r\u00e9sultat pour r\u00e9aliser rapidement de longues lignes sur de grandes surfaces de peau. Les aiguilles Magnum 15RM sont livr\u00e9es st\u00e9riles et peuvent \u00eatre facilement st\u00e9rilis\u00e9es apr\u00e8s le travail. Ainsi, lorsqu'un client vient voir son ma\u00eetre pour un tatouage, l'artiste peut utiliser les m\u00eames aiguilles de haute qualit\u00e9.<\/p>","protected":false},"excerpt":{"rendered":"<p>50 pi\u00e8ces\/paquet<\/p>","protected":false},"featured_media":28765,"comment_status":"open","ping_status":"closed","template":"","meta":{"site-sidebar-layout":"","site-content-layout":"","ast-site-content-layout":"default","site-content-style":"default","site-sidebar-style":"default","ast-global-header-display":"","ast-banner-title-visibility":"","ast-main-header-display":"","ast-hfb-above-header-display":"","ast-hfb-below-header-display":"","ast-hfb-mobile-header-display":"","site-post-title":"","ast-breadcrumbs-content":"","ast-featured-img":"","footer-sml-layout":"","ast-disable-related-posts":"","theme-transparent-header-meta":"","adv-header-id-meta":"","stick-header-meta":"","header-above-stick-meta":"","header-main-stick-meta":"","header-below-stick-meta":"","astra-migrate-meta-layouts":"default","ast-page-background-enabled":"default","ast-page-background-meta":{"desktop":{"background-color":"var(--ast-global-color-4)","background-image":"","background-repeat":"repeat","background-position":"center center","background-size":"auto","background-attachment":"scroll","background-type":"","background-media":"","overlay-type":"","overlay-color":"","overlay-opacity":"","overlay-gradient":""},"tablet":{"background-color":"","background-image":"","background-repeat":"repeat","background-position":"center center","background-size":"auto","background-attachment":"scroll","background-type":"","background-media":"","overlay-type":"","overlay-color":"","overlay-opacity":"","overlay-gradient":""},"mobile":{"background-color":"","background-image":"","background-repeat":"repeat","background-position":"center center","background-size":"auto","background-attachment":"scroll","background-type":"","background-media":"","overlay-type":"","overlay-color":"","overlay-opacity":"","overlay-gradient":""}},"ast-content-background-meta":{"desktop":{"background-color":"var(--ast-global-color-5)","background-image":"","background-repeat":"repeat","background-position":"center center","background-size":"auto","background-attachment":"scroll","background-type":"","background-media":"","overlay-type":"","overlay-color":"","overlay-opacity":"","overlay-gradient":""},"tablet":{"background-color":"var(--ast-global-color-5)","background-image":"","background-repeat":"repeat","background-position":"center center","background-size":"auto","background-attachment":"scroll","background-type":"","background-media":"","overlay-type":"","overlay-color":"","overlay-opacity":"","overlay-gradient":""},"mobile":{"background-color":"var(--ast-global-color-5)","background-image":"","background-repeat":"repeat","background-position":"center center","background-size":"auto","background-attachment":"scroll","background-type":"","background-media":"","overlay-type":"","overlay-color":"","overlay-opacity":"","overlay-gradient":""}}},"product_brand":[],"product_cat":[29],"product_tag":[81,85,102,91,92],"class_list":{"0":"post-542","1":"product","2":"type-product","3":"status-publish","4":"has-post-thumbnail","6":"product_cat-rm","7":"product_tag-cartridge-tattoo-needles","8":"product_tag-magnum-tattoo-needles","9":"product_tag-rotary-tattoo-needles","10":"product_tag-tattoo-equipment","11":"product_tag-tattoo-machines-parts","12":"pa_brand-rightstuff","13":"desktop-align-center","14":"tablet-align-left","15":"mobile-align-left","16":"ast-product-gallery-layout-horizontal-slider","17":"ast-product-gallery-with-no-image","18":"ast-product-tabs-layout-horizontal","20":"first","21":"outofstock","22":"taxable","23":"shipping-taxable","24":"purchasable","25":"product-type-simple"},"_links":{"self":[{"href":"https:\/\/rightstuff.eu\/fr\/wp-json\/wp\/v2\/product\/542","targetHints":{"allow":["GET"]}}],"collection":[{"href":"https:\/\/rightstuff.eu\/fr\/wp-json\/wp\/v2\/product"}],"about":[{"href":"https:\/\/rightstuff.eu\/fr\/wp-json\/wp\/v2\/types\/product"}],"replies":[{"embeddable":true,"href":"https:\/\/rightstuff.eu\/fr\/wp-json\/wp\/v2\/comments?post=542"}],"version-history":[{"count":0,"href":"https:\/\/rightstuff.eu\/fr\/wp-json\/wp\/v2\/product\/542\/revisions"}],"wp:featuredmedia":[{"embeddable":true,"href":"https:\/\/rightstuff.eu\/fr\/wp-json\/wp\/v2\/media\/28765"}],"wp:attachment":[{"href":"https:\/\/rightstuff.eu\/fr\/wp-json\/wp\/v2\/media?parent=542"}],"wp:term":[{"taxonomy":"product_brand","embeddable":true,"href":"https:\/\/rightstuff.eu\/fr\/wp-json\/wp\/v2\/product_brand?post=542"},{"taxonomy":"product_cat","embeddable":true,"href":"https:\/\/rightstuff.eu\/fr\/wp-json\/wp\/v2\/product_cat?post=542"},{"taxonomy":"product_tag","embeddable":true,"href":"https:\/\/rightstuff.eu\/fr\/wp-json\/wp\/v2\/product_tag?post=542"}],"curies":[{"name":"wp","href":"https:\/\/api.w.org\/{rel}","templated":true}]}}