{"id":540,"date":"2013-12-01T19:55:00","date_gmt":"2013-12-01T16:55:00","guid":{"rendered":"https:\/\/rightstuff.eu\/shop\/uncategorized\/11rm\/"},"modified":"2025-01-22T01:37:16","modified_gmt":"2025-01-22T00:37:16","slug":"11rm","status":"publish","type":"product","link":"https:\/\/rightstuff.eu\/fr\/produit\/11rm\/","title":{"rendered":"Aiguille ronde magnum 11RM"},"content":{"rendered":"<p>L'art de cr\u00e9er des tatouages \u00e9volue - c'est pourquoi chaque jour apparaissent de nouvelles \u0153uvres de professionnels du tatouage, \u00e9tonnantes par leur complexit\u00e9 et, en m\u00eame temps, par leur signification profonde et leur dessin \u00e9tonnamment d\u00e9taill\u00e9. Par exemple, le style de tatouage Fantasy suppose un grand professionnalisme de la part du tatoueur. <a href=\"https:\/\/rs-tattoo.by\" target=\"_blank\" rel=\"noopener\">tatoueur<\/a>L'artiste doit non seulement repr\u00e9senter le croquis choisi, mais aussi comprendre la structure m\u00eame de l'image, \u00eatre capable de conseiller le bon endroit pour un tatouage.<\/p>\n<p>Traditionnellement, les personnes qui connaissent bien l'art du tatouage proposent \u00e0 leurs clients de faire une image sur leur \u00e9paule ou leur poignet. Si, il y a des si\u00e8cles, les images de diff\u00e9rents \u00eatres mystiques des temps anciens ornaient le corps des pr\u00eatres et d'autres personnes importantes, aujourd'hui, n'importe quel homme ou femme peut venir dans un salon de tatouage et demander \u00e0 un ma\u00eetre de lui faire une image bizarre sur la peau avec une signification cach\u00e9e.<\/p>\n<p>Le style de la fantaisie attire l'attention : une combinaison d'histoires int\u00e9ressantes et de performances de haute qualit\u00e9 donne un r\u00e9sultat \u00e9tonnant.<\/p>\n<p>De plus, lorsqu'un ma\u00eetre utilise l'aiguille ronde Magnum 11RM <a href=\"https:\/\/rightstuff.eu\/blog\/note-these-things-when-buying-tattoo-equipment-supplies\/\">aiguilles de tatouage professionnelles<\/a> (0,35 mm de diam\u00e8tre \u00e9galement), le tatouage devient une image extr\u00eamement r\u00e9aliste - ces aiguilles permettent d'obtenir un ombrage parfait et de r\u00e9aliser des contours denses !<\/p>","protected":false},"excerpt":{"rendered":"<h4>Aiguille ronde Magnum<\/h4>\n<p>50 pi\u00e8ces\/paquet<\/p>","protected":false},"featured_media":1189,"comment_status":"open","ping_status":"closed","template":"","meta":{"site-sidebar-layout":"","site-content-layout":"","ast-site-content-layout":"default","site-content-style":"default","site-sidebar-style":"default","ast-global-header-display":"","ast-banner-title-visibility":"","ast-main-header-display":"","ast-hfb-above-header-display":"","ast-hfb-below-header-display":"","ast-hfb-mobile-header-display":"","site-post-title":"","ast-breadcrumbs-content":"","ast-featured-img":"","footer-sml-layout":"","ast-disable-related-posts":"","theme-transparent-header-meta":"","adv-header-id-meta":"","stick-header-meta":"","header-above-stick-meta":"","header-main-stick-meta":"","header-below-stick-meta":"","astra-migrate-meta-layouts":"default","ast-page-background-enabled":"default","ast-page-background-meta":{"desktop":{"background-color":"var(--ast-global-color-4)","background-image":"","background-repeat":"repeat","background-position":"center center","background-size":"auto","background-attachment":"scroll","background-type":"","background-media":"","overlay-type":"","overlay-color":"","overlay-opacity":"","overlay-gradient":""},"tablet":{"background-color":"","background-image":"","background-repeat":"repeat","background-position":"center center","background-size":"auto","background-attachment":"scroll","background-type":"","background-media":"","overlay-type":"","overlay-color":"","overlay-opacity":"","overlay-gradient":""},"mobile":{"background-color":"","background-image":"","background-repeat":"repeat","background-position":"center center","background-size":"auto","background-attachment":"scroll","background-type":"","background-media":"","overlay-type":"","overlay-color":"","overlay-opacity":"","overlay-gradient":""}},"ast-content-background-meta":{"desktop":{"background-color":"var(--ast-global-color-5)","background-image":"","background-repeat":"repeat","background-position":"center center","background-size":"auto","background-attachment":"scroll","background-type":"","background-media":"","overlay-type":"","overlay-color":"","overlay-opacity":"","overlay-gradient":""},"tablet":{"background-color":"var(--ast-global-color-5)","background-image":"","background-repeat":"repeat","background-position":"center center","background-size":"auto","background-attachment":"scroll","background-type":"","background-media":"","overlay-type":"","overlay-color":"","overlay-opacity":"","overlay-gradient":""},"mobile":{"background-color":"var(--ast-global-color-5)","background-image":"","background-repeat":"repeat","background-position":"center center","background-size":"auto","background-attachment":"scroll","background-type":"","background-media":"","overlay-type":"","overlay-color":"","overlay-opacity":"","overlay-gradient":""}}},"product_brand":[],"product_cat":[29],"product_tag":[81,85,88,102,1807,91,70,92,94],"class_list":{"0":"post-540","1":"product","2":"type-product","3":"status-publish","4":"has-post-thumbnail","6":"product_cat-rm","7":"product_tag-cartridge-tattoo-needles","8":"product_tag-magnum-tattoo-needles","9":"product_tag-professional-tattoo-kit","10":"product_tag-rotary-tattoo-needles","11":"product_tag-tattoo-beginner-box","12":"product_tag-tattoo-equipment","13":"product_tag-tattoo-kits","14":"product_tag-tattoo-machines-parts","15":"product_tag-tattoo-sets","16":"pa_brand-rightstuff","17":"desktop-align-center","18":"tablet-align-left","19":"mobile-align-left","20":"ast-product-gallery-layout-horizontal-slider","21":"ast-product-gallery-with-no-image","22":"ast-product-tabs-layout-horizontal","24":"first","25":"outofstock","26":"taxable","27":"shipping-taxable","28":"purchasable","29":"product-type-simple"},"_links":{"self":[{"href":"https:\/\/rightstuff.eu\/fr\/wp-json\/wp\/v2\/product\/540","targetHints":{"allow":["GET"]}}],"collection":[{"href":"https:\/\/rightstuff.eu\/fr\/wp-json\/wp\/v2\/product"}],"about":[{"href":"https:\/\/rightstuff.eu\/fr\/wp-json\/wp\/v2\/types\/product"}],"replies":[{"embeddable":true,"href":"https:\/\/rightstuff.eu\/fr\/wp-json\/wp\/v2\/comments?post=540"}],"version-history":[{"count":0,"href":"https:\/\/rightstuff.eu\/fr\/wp-json\/wp\/v2\/product\/540\/revisions"}],"wp:featuredmedia":[{"embeddable":true,"href":"https:\/\/rightstuff.eu\/fr\/wp-json\/wp\/v2\/media\/1189"}],"wp:attachment":[{"href":"https:\/\/rightstuff.eu\/fr\/wp-json\/wp\/v2\/media?parent=540"}],"wp:term":[{"taxonomy":"product_brand","embeddable":true,"href":"https:\/\/rightstuff.eu\/fr\/wp-json\/wp\/v2\/product_brand?post=540"},{"taxonomy":"product_cat","embeddable":true,"href":"https:\/\/rightstuff.eu\/fr\/wp-json\/wp\/v2\/product_cat?post=540"},{"taxonomy":"product_tag","embeddable":true,"href":"https:\/\/rightstuff.eu\/fr\/wp-json\/wp\/v2\/product_tag?post=540"}],"curies":[{"name":"wp","href":"https:\/\/api.w.org\/{rel}","templated":true}]}}