{"id":525,"date":"2013-11-30T00:27:00","date_gmt":"2013-11-29T21:27:00","guid":{"rendered":"https:\/\/rightstuff.eu\/shop\/uncategorized\/5m1\/"},"modified":"2025-01-22T01:37:17","modified_gmt":"2025-01-22T00:37:17","slug":"5m1","status":"publish","type":"product","link":"https:\/\/rightstuff.eu\/fr\/produit\/5m1\/","title":{"rendered":"Aiguille Magnum 5M1"},"content":{"rendered":"<p>Lorsqu'une zone plus petite d'un tatouage doit \u00eatre peinte ou ombr\u00e9e, un professionnel peut utiliser les Magnum 5M1. Elles ab\u00eement moins la peau que les autres aiguilles Magnum, et en 2 ou 3 jours, le client d'un ma\u00eetre n'a aucune ombre d'irritation cutan\u00e9e. Bien s\u00fbr, l'\u00e9paisseur de l'aiguille de tatouage a aussi une valeur : les fines sont utilis\u00e9es pour dessiner les contours, les \u00e9paisses sont bonnes pour l'ombrage. Les aiguilles Magnum 5M1 ont un diam\u00e8tre standard de 0,35 et un aiguisage de 2,5 mm. Dans une boutique en ligne, tu peux acheter pour le tatouage ce truc et les autres aiguilles de tous les types et de toutes les tailles, avec et sans support. Il est important de prendre en compte que pour chaque technique artistique, tu dois choisir le jeu d'aiguilles appropri\u00e9, car la qualit\u00e9 du tatouage en d\u00e9pend. N'oublie jamais qu'il y a aussi une diff\u00e9rence dans le nombre d'\u00e9l\u00e9ments de per\u00e7age de la pointe : cet indicateur d\u00e9termine la quantit\u00e9 de pigment introduite (par trait) et le degr\u00e9 d'endommagement de la peau. pour couvrir rapidement la zone.<\/p>","protected":false},"excerpt":{"rendered":"<p>50 pi\u00e8ces\/paquet<\/p>","protected":false},"featured_media":1178,"comment_status":"open","ping_status":"closed","template":"","meta":{"site-sidebar-layout":"","site-content-layout":"","ast-site-content-layout":"default","site-content-style":"default","site-sidebar-style":"default","ast-global-header-display":"","ast-banner-title-visibility":"","ast-main-header-display":"","ast-hfb-above-header-display":"","ast-hfb-below-header-display":"","ast-hfb-mobile-header-display":"","site-post-title":"","ast-breadcrumbs-content":"","ast-featured-img":"","footer-sml-layout":"","ast-disable-related-posts":"","theme-transparent-header-meta":"","adv-header-id-meta":"","stick-header-meta":"","header-above-stick-meta":"","header-main-stick-meta":"","header-below-stick-meta":"","astra-migrate-meta-layouts":"default","ast-page-background-enabled":"default","ast-page-background-meta":{"desktop":{"background-color":"var(--ast-global-color-4)","background-image":"","background-repeat":"repeat","background-position":"center center","background-size":"auto","background-attachment":"scroll","background-type":"","background-media":"","overlay-type":"","overlay-color":"","overlay-opacity":"","overlay-gradient":""},"tablet":{"background-color":"","background-image":"","background-repeat":"repeat","background-position":"center center","background-size":"auto","background-attachment":"scroll","background-type":"","background-media":"","overlay-type":"","overlay-color":"","overlay-opacity":"","overlay-gradient":""},"mobile":{"background-color":"","background-image":"","background-repeat":"repeat","background-position":"center center","background-size":"auto","background-attachment":"scroll","background-type":"","background-media":"","overlay-type":"","overlay-color":"","overlay-opacity":"","overlay-gradient":""}},"ast-content-background-meta":{"desktop":{"background-color":"var(--ast-global-color-5)","background-image":"","background-repeat":"repeat","background-position":"center center","background-size":"auto","background-attachment":"scroll","background-type":"","background-media":"","overlay-type":"","overlay-color":"","overlay-opacity":"","overlay-gradient":""},"tablet":{"background-color":"var(--ast-global-color-5)","background-image":"","background-repeat":"repeat","background-position":"center center","background-size":"auto","background-attachment":"scroll","background-type":"","background-media":"","overlay-type":"","overlay-color":"","overlay-opacity":"","overlay-gradient":""},"mobile":{"background-color":"var(--ast-global-color-5)","background-image":"","background-repeat":"repeat","background-position":"center center","background-size":"auto","background-attachment":"scroll","background-type":"","background-media":"","overlay-type":"","overlay-color":"","overlay-opacity":"","overlay-gradient":""}}},"product_brand":[],"product_cat":[27],"product_tag":[81,85,102,91,92],"class_list":{"0":"post-525","1":"product","2":"type-product","3":"status-publish","4":"has-post-thumbnail","6":"product_cat-m1","7":"product_tag-cartridge-tattoo-needles","8":"product_tag-magnum-tattoo-needles","9":"product_tag-rotary-tattoo-needles","10":"product_tag-tattoo-equipment","11":"product_tag-tattoo-machines-parts","12":"pa_brand-rightstuff","13":"desktop-align-center","14":"tablet-align-left","15":"mobile-align-left","16":"ast-product-gallery-layout-horizontal-slider","17":"ast-product-gallery-with-no-image","18":"ast-product-tabs-layout-horizontal","20":"first","21":"outofstock","22":"taxable","23":"shipping-taxable","24":"purchasable","25":"product-type-simple"},"_links":{"self":[{"href":"https:\/\/rightstuff.eu\/fr\/wp-json\/wp\/v2\/product\/525","targetHints":{"allow":["GET"]}}],"collection":[{"href":"https:\/\/rightstuff.eu\/fr\/wp-json\/wp\/v2\/product"}],"about":[{"href":"https:\/\/rightstuff.eu\/fr\/wp-json\/wp\/v2\/types\/product"}],"replies":[{"embeddable":true,"href":"https:\/\/rightstuff.eu\/fr\/wp-json\/wp\/v2\/comments?post=525"}],"version-history":[{"count":0,"href":"https:\/\/rightstuff.eu\/fr\/wp-json\/wp\/v2\/product\/525\/revisions"}],"wp:featuredmedia":[{"embeddable":true,"href":"https:\/\/rightstuff.eu\/fr\/wp-json\/wp\/v2\/media\/1178"}],"wp:attachment":[{"href":"https:\/\/rightstuff.eu\/fr\/wp-json\/wp\/v2\/media?parent=525"}],"wp:term":[{"taxonomy":"product_brand","embeddable":true,"href":"https:\/\/rightstuff.eu\/fr\/wp-json\/wp\/v2\/product_brand?post=525"},{"taxonomy":"product_cat","embeddable":true,"href":"https:\/\/rightstuff.eu\/fr\/wp-json\/wp\/v2\/product_cat?post=525"},{"taxonomy":"product_tag","embeddable":true,"href":"https:\/\/rightstuff.eu\/fr\/wp-json\/wp\/v2\/product_tag?post=525"}],"curies":[{"name":"wp","href":"https:\/\/api.w.org\/{rel}","templated":true}]}}