{"id":522,"date":"2013-11-30T00:09:00","date_gmt":"2013-11-29T21:09:00","guid":{"rendered":"https:\/\/rightstuff.eu\/shop\/uncategorized\/13f\/"},"modified":"2025-01-22T01:37:17","modified_gmt":"2025-01-22T00:37:17","slug":"13f","status":"publish","type":"product","link":"https:\/\/rightstuff.eu\/fr\/produit\/13f\/","title":{"rendered":"Aiguille d'ombrage plate 13F"},"content":{"rendered":"<p>M\u00eame lorsqu'une personne qui ne conna\u00eet rien \u00e0 l'art du tatouage voit une telle aiguille, elle la qualifiera de \"plate\" pour sa forme. Utilis\u00e9es pour r\u00e9aliser un feathering dense, appliquer des lignes fines, remplir un croquis ou appliquer des ombres, ces aiguilles 13F doivent \u00eatre pr\u00e9sentes parmi les outils d'un professionnel du tatouage. La longueur des aiguilles 13F avec embase est de 50 mm. En fonction de ce qui pr\u00e9c\u00e8de, l'aiguille est utilis\u00e9e en biais ou \u00e0 plat (\u00e0 angle aigu). Avec ce mat\u00e9riel, un ma\u00eetre peut aussi dessiner des poils et de courtes lignes en un seul mouvement. Lorsqu'un artiste travaille avec une aiguille plane, il peut faire des plumes sur toute la largeur de la surface, tandis que les bords de l'aiguille servent \u00e0 cr\u00e9er des lignes. Le fait de relever les aiguilles et d'en laisser une pour travailler permet de dessiner des cheveux. Le ma\u00eetre qui travaille avec ces aiguilles doit \u00eatre extr\u00eamement prudent, car les mouvements lat\u00e9raux peuvent entra\u00eener des coupures de la peau.<\/p>","protected":false},"excerpt":{"rendered":"<p>50 pi\u00e8ces\/paquet<\/p>","protected":false},"featured_media":28758,"comment_status":"open","ping_status":"closed","template":"","meta":{"site-sidebar-layout":"","site-content-layout":"","ast-site-content-layout":"default","site-content-style":"default","site-sidebar-style":"default","ast-global-header-display":"","ast-banner-title-visibility":"","ast-main-header-display":"","ast-hfb-above-header-display":"","ast-hfb-below-header-display":"","ast-hfb-mobile-header-display":"","site-post-title":"","ast-breadcrumbs-content":"","ast-featured-img":"","footer-sml-layout":"","ast-disable-related-posts":"","theme-transparent-header-meta":"","adv-header-id-meta":"","stick-header-meta":"","header-above-stick-meta":"","header-main-stick-meta":"","header-below-stick-meta":"","astra-migrate-meta-layouts":"default","ast-page-background-enabled":"default","ast-page-background-meta":{"desktop":{"background-color":"var(--ast-global-color-4)","background-image":"","background-repeat":"repeat","background-position":"center center","background-size":"auto","background-attachment":"scroll","background-type":"","background-media":"","overlay-type":"","overlay-color":"","overlay-opacity":"","overlay-gradient":""},"tablet":{"background-color":"","background-image":"","background-repeat":"repeat","background-position":"center center","background-size":"auto","background-attachment":"scroll","background-type":"","background-media":"","overlay-type":"","overlay-color":"","overlay-opacity":"","overlay-gradient":""},"mobile":{"background-color":"","background-image":"","background-repeat":"repeat","background-position":"center center","background-size":"auto","background-attachment":"scroll","background-type":"","background-media":"","overlay-type":"","overlay-color":"","overlay-opacity":"","overlay-gradient":""}},"ast-content-background-meta":{"desktop":{"background-color":"var(--ast-global-color-5)","background-image":"","background-repeat":"repeat","background-position":"center center","background-size":"auto","background-attachment":"scroll","background-type":"","background-media":"","overlay-type":"","overlay-color":"","overlay-opacity":"","overlay-gradient":""},"tablet":{"background-color":"var(--ast-global-color-5)","background-image":"","background-repeat":"repeat","background-position":"center center","background-size":"auto","background-attachment":"scroll","background-type":"","background-media":"","overlay-type":"","overlay-color":"","overlay-opacity":"","overlay-gradient":""},"mobile":{"background-color":"var(--ast-global-color-5)","background-image":"","background-repeat":"repeat","background-position":"center center","background-size":"auto","background-attachment":"scroll","background-type":"","background-media":"","overlay-type":"","overlay-color":"","overlay-opacity":"","overlay-gradient":""}}},"product_brand":[],"product_cat":[26],"product_tag":[81,102,91,92],"class_list":{"0":"post-522","1":"product","2":"type-product","3":"status-publish","4":"has-post-thumbnail","6":"product_cat-flat","7":"product_tag-cartridge-tattoo-needles","8":"product_tag-rotary-tattoo-needles","9":"product_tag-tattoo-equipment","10":"product_tag-tattoo-machines-parts","11":"pa_brand-rightstuff","12":"desktop-align-center","13":"tablet-align-left","14":"mobile-align-left","15":"ast-product-gallery-layout-horizontal-slider","16":"ast-product-gallery-with-no-image","17":"ast-product-tabs-layout-horizontal","19":"first","20":"outofstock","21":"taxable","22":"shipping-taxable","23":"purchasable","24":"product-type-simple"},"_links":{"self":[{"href":"https:\/\/rightstuff.eu\/fr\/wp-json\/wp\/v2\/product\/522","targetHints":{"allow":["GET"]}}],"collection":[{"href":"https:\/\/rightstuff.eu\/fr\/wp-json\/wp\/v2\/product"}],"about":[{"href":"https:\/\/rightstuff.eu\/fr\/wp-json\/wp\/v2\/types\/product"}],"replies":[{"embeddable":true,"href":"https:\/\/rightstuff.eu\/fr\/wp-json\/wp\/v2\/comments?post=522"}],"version-history":[{"count":0,"href":"https:\/\/rightstuff.eu\/fr\/wp-json\/wp\/v2\/product\/522\/revisions"}],"wp:featuredmedia":[{"embeddable":true,"href":"https:\/\/rightstuff.eu\/fr\/wp-json\/wp\/v2\/media\/28758"}],"wp:attachment":[{"href":"https:\/\/rightstuff.eu\/fr\/wp-json\/wp\/v2\/media?parent=522"}],"wp:term":[{"taxonomy":"product_brand","embeddable":true,"href":"https:\/\/rightstuff.eu\/fr\/wp-json\/wp\/v2\/product_brand?post=522"},{"taxonomy":"product_cat","embeddable":true,"href":"https:\/\/rightstuff.eu\/fr\/wp-json\/wp\/v2\/product_cat?post=522"},{"taxonomy":"product_tag","embeddable":true,"href":"https:\/\/rightstuff.eu\/fr\/wp-json\/wp\/v2\/product_tag?post=522"}],"curies":[{"name":"wp","href":"https:\/\/api.w.org\/{rel}","templated":true}]}}