{"id":521,"date":"2013-11-30T00:08:00","date_gmt":"2013-11-29T21:08:00","guid":{"rendered":"https:\/\/rightstuff.eu\/shop\/uncategorized\/11f\/"},"modified":"2025-01-22T01:37:18","modified_gmt":"2025-01-22T00:37:18","slug":"11f","status":"publish","type":"product","link":"https:\/\/rightstuff.eu\/fr\/produit\/11f\/","title":{"rendered":"Aiguille d'ombrage plat 11F"},"content":{"rendered":"<p>R\u00e9cemment, des aiguilles plates soud\u00e9es en un seul ensemble sont apparues sur le march\u00e9. Elles acc\u00e9l\u00e8rent consid\u00e9rablement le processus de travail et permettent d'appliquer la peinture sous la peau de mani\u00e8re uniforme. Si un petit motif est cr\u00e9\u00e9 sur des zones sensibles, le contour est appliqu\u00e9 en une seule, au maximum trois aiguilles. Pour travailler avec des aiguilles, il faut une machine puissante. Les appareils \u00e0 rotor, bien qu'ils soient moins puissants que l'induction. <a href=\"https:\/\/rightstuff.eu\/product-category\/tattoo-machines\/\">machines \u00e0 tatouer<\/a> sont pr\u00e9f\u00e9rables lorsqu'on travaille avec ce type de mat\u00e9riel. Chaque ma\u00eetre professionnel qui r\u00e9alise un tatouage utilise certaines aiguilles, notamment des aiguilles rondes et des aiguilles plates. Alors que les aiguilles rondes servent surtout \u00e0 cr\u00e9er des contours et \u00e0 \"\u00e9crire\" quelque chose sur la peau, les aiguilles plates de tatouage 11F, qui sont utilis\u00e9es plus tard, servent \u00e0 ombrer et \u00e0 peindre ces images. Ces aiguilles plates sont situ\u00e9es dans un seul plan et soud\u00e9es en une seule rang\u00e9e. Les aiguilles st\u00e9riles de haute qualit\u00e9 (0,35 mm de diam\u00e8tre) sont parfaites pour les transitions douces et les demi-teintes.<\/p>","protected":false},"excerpt":{"rendered":"<p>50 pi\u00e8ces\/paquet<\/p>","protected":false},"featured_media":28757,"comment_status":"open","ping_status":"closed","template":"","meta":{"site-sidebar-layout":"","site-content-layout":"","ast-site-content-layout":"default","site-content-style":"default","site-sidebar-style":"default","ast-global-header-display":"","ast-banner-title-visibility":"","ast-main-header-display":"","ast-hfb-above-header-display":"","ast-hfb-below-header-display":"","ast-hfb-mobile-header-display":"","site-post-title":"","ast-breadcrumbs-content":"","ast-featured-img":"","footer-sml-layout":"","ast-disable-related-posts":"","theme-transparent-header-meta":"","adv-header-id-meta":"","stick-header-meta":"","header-above-stick-meta":"","header-main-stick-meta":"","header-below-stick-meta":"","astra-migrate-meta-layouts":"default","ast-page-background-enabled":"default","ast-page-background-meta":{"desktop":{"background-color":"var(--ast-global-color-4)","background-image":"","background-repeat":"repeat","background-position":"center center","background-size":"auto","background-attachment":"scroll","background-type":"","background-media":"","overlay-type":"","overlay-color":"","overlay-opacity":"","overlay-gradient":""},"tablet":{"background-color":"","background-image":"","background-repeat":"repeat","background-position":"center center","background-size":"auto","background-attachment":"scroll","background-type":"","background-media":"","overlay-type":"","overlay-color":"","overlay-opacity":"","overlay-gradient":""},"mobile":{"background-color":"","background-image":"","background-repeat":"repeat","background-position":"center center","background-size":"auto","background-attachment":"scroll","background-type":"","background-media":"","overlay-type":"","overlay-color":"","overlay-opacity":"","overlay-gradient":""}},"ast-content-background-meta":{"desktop":{"background-color":"var(--ast-global-color-5)","background-image":"","background-repeat":"repeat","background-position":"center center","background-size":"auto","background-attachment":"scroll","background-type":"","background-media":"","overlay-type":"","overlay-color":"","overlay-opacity":"","overlay-gradient":""},"tablet":{"background-color":"var(--ast-global-color-5)","background-image":"","background-repeat":"repeat","background-position":"center center","background-size":"auto","background-attachment":"scroll","background-type":"","background-media":"","overlay-type":"","overlay-color":"","overlay-opacity":"","overlay-gradient":""},"mobile":{"background-color":"var(--ast-global-color-5)","background-image":"","background-repeat":"repeat","background-position":"center center","background-size":"auto","background-attachment":"scroll","background-type":"","background-media":"","overlay-type":"","overlay-color":"","overlay-opacity":"","overlay-gradient":""}}},"product_brand":[],"product_cat":[26],"product_tag":[81,102,91,92],"class_list":{"0":"post-521","1":"product","2":"type-product","3":"status-publish","4":"has-post-thumbnail","6":"product_cat-flat","7":"product_tag-cartridge-tattoo-needles","8":"product_tag-rotary-tattoo-needles","9":"product_tag-tattoo-equipment","10":"product_tag-tattoo-machines-parts","11":"pa_brand-rightstuff","12":"desktop-align-center","13":"tablet-align-left","14":"mobile-align-left","15":"ast-product-gallery-layout-horizontal-slider","16":"ast-product-gallery-with-no-image","17":"ast-product-tabs-layout-horizontal","19":"first","20":"outofstock","21":"taxable","22":"shipping-taxable","23":"purchasable","24":"product-type-simple"},"_links":{"self":[{"href":"https:\/\/rightstuff.eu\/fr\/wp-json\/wp\/v2\/product\/521","targetHints":{"allow":["GET"]}}],"collection":[{"href":"https:\/\/rightstuff.eu\/fr\/wp-json\/wp\/v2\/product"}],"about":[{"href":"https:\/\/rightstuff.eu\/fr\/wp-json\/wp\/v2\/types\/product"}],"replies":[{"embeddable":true,"href":"https:\/\/rightstuff.eu\/fr\/wp-json\/wp\/v2\/comments?post=521"}],"version-history":[{"count":0,"href":"https:\/\/rightstuff.eu\/fr\/wp-json\/wp\/v2\/product\/521\/revisions"}],"wp:featuredmedia":[{"embeddable":true,"href":"https:\/\/rightstuff.eu\/fr\/wp-json\/wp\/v2\/media\/28757"}],"wp:attachment":[{"href":"https:\/\/rightstuff.eu\/fr\/wp-json\/wp\/v2\/media?parent=521"}],"wp:term":[{"taxonomy":"product_brand","embeddable":true,"href":"https:\/\/rightstuff.eu\/fr\/wp-json\/wp\/v2\/product_brand?post=521"},{"taxonomy":"product_cat","embeddable":true,"href":"https:\/\/rightstuff.eu\/fr\/wp-json\/wp\/v2\/product_cat?post=521"},{"taxonomy":"product_tag","embeddable":true,"href":"https:\/\/rightstuff.eu\/fr\/wp-json\/wp\/v2\/product_tag?post=521"}],"curies":[{"name":"wp","href":"https:\/\/api.w.org\/{rel}","templated":true}]}}