{"id":519,"date":"2013-11-30T00:00:00","date_gmt":"2013-11-29T21:00:00","guid":{"rendered":"https:\/\/rightstuff.eu\/shop\/uncategorized\/7f\/"},"modified":"2025-01-22T01:37:18","modified_gmt":"2025-01-22T00:37:18","slug":"7f","status":"publish","type":"product","link":"https:\/\/rightstuff.eu\/fr\/produit\/7f\/","title":{"rendered":"Aiguille d'ombrage plat 7F"},"content":{"rendered":"<p>Pour qu'un tatouage ait l'air professionnel, c'est-\u00e0-dire qu'il soit beau et tr\u00e8s r\u00e9aliste, un artiste doit toujours acheter seulement <a href=\"https:\/\/rightstuff.eu\/product-tag\/tattoo-supplies\/\">l'\u00e9quipement ad\u00e9quat<\/a>. Les machines \u00e0 tatouer et les aiguilles en particulier doivent \u00eatre fabriqu\u00e9es avec des mat\u00e9riaux de haute qualit\u00e9 et par un fabricant de confiance. Les ma\u00eetres tatoueurs utilisent des aiguilles en acier ligatur\u00e9, en nickel ou en platine. Un ma\u00eetre qui travaille avec des tatouages devrait toujours avoir ces aiguilles en surplus, et \u00eatre pr\u00eat \u00e0 suivre n'importe quel caprice d'un client. Par cons\u00e9quent, les artistes tatoueurs feraient mieux de commander en ligne les aiguilles de tatouage plates dont ils pensent avoir besoin. Bien que le mat\u00e9riel offert ait une tr\u00e8s longue dur\u00e9e de vie, il arrive parfois qu'il soit cass\u00e9. Pour ne pas perdre de temps \u00e0 chercher un type d'aiguilles appropri\u00e9, un ma\u00eetre du tatouage doit avoir ces unit\u00e9s utiles \u00e0 port\u00e9e de main. Les aiguilles 7F donnent une grande qualit\u00e9 d'ombrage, de douceur d'ombrage et de fluidit\u00e9 des transitions d'une image de tatouage. Le maquillage permanent est \u00e9galement r\u00e9alis\u00e9 avec ce mat\u00e9riel. Le diam\u00e8tre de l'aiguille est de 0,35 mm et sa longueur avec la base atteint 50 mm. La longueur de l'aiguille seule est de 15 mm.<\/p>","protected":false},"excerpt":{"rendered":"<p>50 pi\u00e8ces\/paquet<\/p>","protected":false},"featured_media":1173,"comment_status":"open","ping_status":"closed","template":"","meta":{"site-sidebar-layout":"","site-content-layout":"","ast-site-content-layout":"default","site-content-style":"default","site-sidebar-style":"default","ast-global-header-display":"","ast-banner-title-visibility":"","ast-main-header-display":"","ast-hfb-above-header-display":"","ast-hfb-below-header-display":"","ast-hfb-mobile-header-display":"","site-post-title":"","ast-breadcrumbs-content":"","ast-featured-img":"","footer-sml-layout":"","ast-disable-related-posts":"","theme-transparent-header-meta":"","adv-header-id-meta":"","stick-header-meta":"","header-above-stick-meta":"","header-main-stick-meta":"","header-below-stick-meta":"","astra-migrate-meta-layouts":"default","ast-page-background-enabled":"default","ast-page-background-meta":{"desktop":{"background-color":"var(--ast-global-color-4)","background-image":"","background-repeat":"repeat","background-position":"center center","background-size":"auto","background-attachment":"scroll","background-type":"","background-media":"","overlay-type":"","overlay-color":"","overlay-opacity":"","overlay-gradient":""},"tablet":{"background-color":"","background-image":"","background-repeat":"repeat","background-position":"center center","background-size":"auto","background-attachment":"scroll","background-type":"","background-media":"","overlay-type":"","overlay-color":"","overlay-opacity":"","overlay-gradient":""},"mobile":{"background-color":"","background-image":"","background-repeat":"repeat","background-position":"center center","background-size":"auto","background-attachment":"scroll","background-type":"","background-media":"","overlay-type":"","overlay-color":"","overlay-opacity":"","overlay-gradient":""}},"ast-content-background-meta":{"desktop":{"background-color":"var(--ast-global-color-5)","background-image":"","background-repeat":"repeat","background-position":"center center","background-size":"auto","background-attachment":"scroll","background-type":"","background-media":"","overlay-type":"","overlay-color":"","overlay-opacity":"","overlay-gradient":""},"tablet":{"background-color":"var(--ast-global-color-5)","background-image":"","background-repeat":"repeat","background-position":"center center","background-size":"auto","background-attachment":"scroll","background-type":"","background-media":"","overlay-type":"","overlay-color":"","overlay-opacity":"","overlay-gradient":""},"mobile":{"background-color":"var(--ast-global-color-5)","background-image":"","background-repeat":"repeat","background-position":"center center","background-size":"auto","background-attachment":"scroll","background-type":"","background-media":"","overlay-type":"","overlay-color":"","overlay-opacity":"","overlay-gradient":""}}},"product_brand":[],"product_cat":[26],"product_tag":[81,102,91,92],"class_list":{"0":"post-519","1":"product","2":"type-product","3":"status-publish","4":"has-post-thumbnail","6":"product_cat-flat","7":"product_tag-cartridge-tattoo-needles","8":"product_tag-rotary-tattoo-needles","9":"product_tag-tattoo-equipment","10":"product_tag-tattoo-machines-parts","11":"pa_brand-rightstuff","12":"desktop-align-center","13":"tablet-align-left","14":"mobile-align-left","15":"ast-product-gallery-layout-horizontal-slider","16":"ast-product-gallery-with-no-image","17":"ast-product-tabs-layout-horizontal","19":"first","20":"outofstock","21":"taxable","22":"shipping-taxable","23":"purchasable","24":"product-type-simple"},"_links":{"self":[{"href":"https:\/\/rightstuff.eu\/fr\/wp-json\/wp\/v2\/product\/519","targetHints":{"allow":["GET"]}}],"collection":[{"href":"https:\/\/rightstuff.eu\/fr\/wp-json\/wp\/v2\/product"}],"about":[{"href":"https:\/\/rightstuff.eu\/fr\/wp-json\/wp\/v2\/types\/product"}],"replies":[{"embeddable":true,"href":"https:\/\/rightstuff.eu\/fr\/wp-json\/wp\/v2\/comments?post=519"}],"version-history":[{"count":0,"href":"https:\/\/rightstuff.eu\/fr\/wp-json\/wp\/v2\/product\/519\/revisions"}],"wp:featuredmedia":[{"embeddable":true,"href":"https:\/\/rightstuff.eu\/fr\/wp-json\/wp\/v2\/media\/1173"}],"wp:attachment":[{"href":"https:\/\/rightstuff.eu\/fr\/wp-json\/wp\/v2\/media?parent=519"}],"wp:term":[{"taxonomy":"product_brand","embeddable":true,"href":"https:\/\/rightstuff.eu\/fr\/wp-json\/wp\/v2\/product_brand?post=519"},{"taxonomy":"product_cat","embeddable":true,"href":"https:\/\/rightstuff.eu\/fr\/wp-json\/wp\/v2\/product_cat?post=519"},{"taxonomy":"product_tag","embeddable":true,"href":"https:\/\/rightstuff.eu\/fr\/wp-json\/wp\/v2\/product_tag?post=519"}],"curies":[{"name":"wp","href":"https:\/\/api.w.org\/{rel}","templated":true}]}}