{"id":518,"date":"2013-11-23T19:00:00","date_gmt":"2013-11-23T18:00:00","guid":{"rendered":"https:\/\/rightstuff.eu\/shop\/uncategorized\/18rl\/"},"modified":"2025-01-22T01:37:19","modified_gmt":"2025-01-22T00:37:19","slug":"18rl","status":"publish","type":"product","link":"https:\/\/rightstuff.eu\/fr\/produit\/18rl\/","title":{"rendered":"Aiguille de doublure ronde 18RL"},"content":{"rendered":"<p>De nos jours, le tatouage commence \u00e0 int\u00e9resser tous ceux qui ne sont pas trop paresseux - apr\u00e8s la d\u00e9ception des ann\u00e9es 2000, associ\u00e9e \u00e0 l'\u00e9mergence d'un tr\u00e8s grand nombre de studios de qualit\u00e9 studieuse, ce sont maintenant des centaines de dessinateurs et d'artistes vraiment talentueux qui viennent au tatouage. En m\u00eame temps, \"plongeant\" dans un monde de tatouage, ils ne quittent pas leurs occupations habituelles. Au m\u00eame titre que le design, la peinture ou, par exemple, le graffiti, le tatouage commence \u00e0 \u00eatre per\u00e7u comme une autre m\u00e9thode d'expression personnelle. Si avant le tatouage \u00e9tait ma\u00eetris\u00e9 pendant des ann\u00e9es comme un m\u00e9tier artisanal, maintenant tu peux rencontrer des artistes du tatouage avec 2 et m\u00eame 3 hautes formations sp\u00e9cialis\u00e9es. Ils cr\u00e9ent de v\u00e9ritables chefs-d'\u0153uvre sur la peau de leurs clients, non seulement en suivant leurs caprices, mais en proposant aux clients leurs propres id\u00e9es. Par exemple, ils peuvent proposer \u00e0 une personne qui vient dans un studio pour faire un tatouage, de lui donner un signe sp\u00e9cial sur une \u00e9paule, un bras ou une hanche. Ils expliqueront la signification du signe et diront m\u00eame au client comment il peut influencer sa vie. Ces signes et tatouages avec des lignes pleines sont r\u00e9alis\u00e9s avec des aiguilles 18 RL. Elles sont fines (0,35 mm de diam\u00e8tre), pointues (aff\u00fbtage de 1,5 mm), et le processus de tatouage ne provoque aucune douleur chez le client.<\/p>","protected":false},"excerpt":{"rendered":"<p>50 pi\u00e8ces\/paquet<\/p>","protected":false},"featured_media":28755,"comment_status":"open","ping_status":"closed","template":"","meta":{"site-sidebar-layout":"","site-content-layout":"","ast-site-content-layout":"default","site-content-style":"default","site-sidebar-style":"default","ast-global-header-display":"","ast-banner-title-visibility":"","ast-main-header-display":"","ast-hfb-above-header-display":"","ast-hfb-below-header-display":"","ast-hfb-mobile-header-display":"","site-post-title":"","ast-breadcrumbs-content":"","ast-featured-img":"","footer-sml-layout":"","ast-disable-related-posts":"","theme-transparent-header-meta":"","adv-header-id-meta":"","stick-header-meta":"","header-above-stick-meta":"","header-main-stick-meta":"","header-below-stick-meta":"","astra-migrate-meta-layouts":"default","ast-page-background-enabled":"default","ast-page-background-meta":{"desktop":{"background-color":"var(--ast-global-color-4)","background-image":"","background-repeat":"repeat","background-position":"center center","background-size":"auto","background-attachment":"scroll","background-type":"","background-media":"","overlay-type":"","overlay-color":"","overlay-opacity":"","overlay-gradient":""},"tablet":{"background-color":"","background-image":"","background-repeat":"repeat","background-position":"center center","background-size":"auto","background-attachment":"scroll","background-type":"","background-media":"","overlay-type":"","overlay-color":"","overlay-opacity":"","overlay-gradient":""},"mobile":{"background-color":"","background-image":"","background-repeat":"repeat","background-position":"center center","background-size":"auto","background-attachment":"scroll","background-type":"","background-media":"","overlay-type":"","overlay-color":"","overlay-opacity":"","overlay-gradient":""}},"ast-content-background-meta":{"desktop":{"background-color":"var(--ast-global-color-5)","background-image":"","background-repeat":"repeat","background-position":"center center","background-size":"auto","background-attachment":"scroll","background-type":"","background-media":"","overlay-type":"","overlay-color":"","overlay-opacity":"","overlay-gradient":""},"tablet":{"background-color":"var(--ast-global-color-5)","background-image":"","background-repeat":"repeat","background-position":"center center","background-size":"auto","background-attachment":"scroll","background-type":"","background-media":"","overlay-type":"","overlay-color":"","overlay-opacity":"","overlay-gradient":""},"mobile":{"background-color":"var(--ast-global-color-5)","background-image":"","background-repeat":"repeat","background-position":"center center","background-size":"auto","background-attachment":"scroll","background-type":"","background-media":"","overlay-type":"","overlay-color":"","overlay-opacity":"","overlay-gradient":""}}},"product_brand":[],"product_cat":[25],"product_tag":[81,102,91,92],"class_list":{"0":"post-518","1":"product","2":"type-product","3":"status-publish","4":"has-post-thumbnail","6":"product_cat-round-liner","7":"product_tag-cartridge-tattoo-needles","8":"product_tag-rotary-tattoo-needles","9":"product_tag-tattoo-equipment","10":"product_tag-tattoo-machines-parts","11":"pa_brand-rightstuff","12":"desktop-align-center","13":"tablet-align-left","14":"mobile-align-left","15":"ast-product-gallery-layout-horizontal-slider","16":"ast-product-gallery-with-no-image","17":"ast-product-tabs-layout-horizontal","19":"first","20":"outofstock","21":"taxable","22":"shipping-taxable","23":"purchasable","24":"product-type-simple"},"_links":{"self":[{"href":"https:\/\/rightstuff.eu\/fr\/wp-json\/wp\/v2\/product\/518","targetHints":{"allow":["GET"]}}],"collection":[{"href":"https:\/\/rightstuff.eu\/fr\/wp-json\/wp\/v2\/product"}],"about":[{"href":"https:\/\/rightstuff.eu\/fr\/wp-json\/wp\/v2\/types\/product"}],"replies":[{"embeddable":true,"href":"https:\/\/rightstuff.eu\/fr\/wp-json\/wp\/v2\/comments?post=518"}],"version-history":[{"count":0,"href":"https:\/\/rightstuff.eu\/fr\/wp-json\/wp\/v2\/product\/518\/revisions"}],"wp:featuredmedia":[{"embeddable":true,"href":"https:\/\/rightstuff.eu\/fr\/wp-json\/wp\/v2\/media\/28755"}],"wp:attachment":[{"href":"https:\/\/rightstuff.eu\/fr\/wp-json\/wp\/v2\/media?parent=518"}],"wp:term":[{"taxonomy":"product_brand","embeddable":true,"href":"https:\/\/rightstuff.eu\/fr\/wp-json\/wp\/v2\/product_brand?post=518"},{"taxonomy":"product_cat","embeddable":true,"href":"https:\/\/rightstuff.eu\/fr\/wp-json\/wp\/v2\/product_cat?post=518"},{"taxonomy":"product_tag","embeddable":true,"href":"https:\/\/rightstuff.eu\/fr\/wp-json\/wp\/v2\/product_tag?post=518"}],"curies":[{"name":"wp","href":"https:\/\/api.w.org\/{rel}","templated":true}]}}