{"id":515,"date":"2013-11-23T22:50:00","date_gmt":"2013-11-23T19:50:00","guid":{"rendered":"https:\/\/rightstuff.eu\/shop\/uncategorized\/13rl\/"},"modified":"2025-01-22T01:37:18","modified_gmt":"2025-01-22T00:37:18","slug":"13rl","status":"publish","type":"product","link":"https:\/\/rightstuff.eu\/fr\/produit\/13rl\/","title":{"rendered":"Aiguille de doublure ronde 13RL"},"content":{"rendered":"<p>Dans le monde occidental, le tatouage est depuis longtemps li\u00e9 \u00e0 l'art. En 1897, le \"Stand Magazine\", journal londonien, mentionnait l'Angleterre, le Japon et les \u00c9tats-Unis comme centres de tatouage artistique. Il y a cent ans, les rois, les comtes et le reste de l'aristocratie britannique choisissaient les tatouages les plus complexes du point de vue visuel et technologique. En d'autres termes, d\u00e8s le d\u00e9but du si\u00e8cle dernier, les tatouages \u00e9taient analys\u00e9s comme de l'art. Dans les ann\u00e9es 1970, en Am\u00e9rique, c'est le \"boom\" de l'\u00e9panouissement du tatouage, mais les artistes qui s'occupent des tatouages n'ont pas re\u00e7u d'\u00e9ducation artistique. Pendant pr\u00e8s de 150 ans d'histoire du tatouage dans le monde occidental, les tatouages \u00e9taient principalement associ\u00e9s aux criminels, aux marins et aux filles de joie. Aujourd'hui, le tatouage est un art et les artistes qui le pratiquent sont des professionnels qui ont \u00e9tudi\u00e9 dans des \u00e9coles d'art sp\u00e9cialis\u00e9es. Ils savent que les images de peau de haute qualit\u00e9 ne peuvent \u00eatre r\u00e9alis\u00e9es qu'\u00e0 l'aide de <a href=\"https:\/\/rightstuff.eu\/product-tag\/tattoo-supplies\/\">le meilleur \u00e9quipement<\/a>. Un tatouage peut \u00eatre r\u00e9alis\u00e9 avec plusieurs aiguilles. Par exemple, lorsqu'un ma\u00eetre travaille sur les lignes pleines d'une image, il peut utiliser 13 aiguilles RL. Fabriqu\u00e9es en acier inoxydable, ces aiguilles de 0,35 de diam\u00e8tre sont parfaitement finies et aff\u00fbt\u00e9es (aff\u00fbtage de 1,5 mm). Le travail du ma\u00eetre s'acc\u00e9l\u00e8re et devient plus facile.<\/p>","protected":false},"excerpt":{"rendered":"<p>50 pi\u00e8ces\/paquet<\/p>","protected":false},"featured_media":28752,"comment_status":"open","ping_status":"closed","template":"","meta":{"site-sidebar-layout":"","site-content-layout":"","ast-site-content-layout":"default","site-content-style":"default","site-sidebar-style":"default","ast-global-header-display":"","ast-banner-title-visibility":"","ast-main-header-display":"","ast-hfb-above-header-display":"","ast-hfb-below-header-display":"","ast-hfb-mobile-header-display":"","site-post-title":"","ast-breadcrumbs-content":"","ast-featured-img":"","footer-sml-layout":"","ast-disable-related-posts":"","theme-transparent-header-meta":"","adv-header-id-meta":"","stick-header-meta":"","header-above-stick-meta":"","header-main-stick-meta":"","header-below-stick-meta":"","astra-migrate-meta-layouts":"default","ast-page-background-enabled":"default","ast-page-background-meta":{"desktop":{"background-color":"var(--ast-global-color-4)","background-image":"","background-repeat":"repeat","background-position":"center center","background-size":"auto","background-attachment":"scroll","background-type":"","background-media":"","overlay-type":"","overlay-color":"","overlay-opacity":"","overlay-gradient":""},"tablet":{"background-color":"","background-image":"","background-repeat":"repeat","background-position":"center center","background-size":"auto","background-attachment":"scroll","background-type":"","background-media":"","overlay-type":"","overlay-color":"","overlay-opacity":"","overlay-gradient":""},"mobile":{"background-color":"","background-image":"","background-repeat":"repeat","background-position":"center center","background-size":"auto","background-attachment":"scroll","background-type":"","background-media":"","overlay-type":"","overlay-color":"","overlay-opacity":"","overlay-gradient":""}},"ast-content-background-meta":{"desktop":{"background-color":"var(--ast-global-color-5)","background-image":"","background-repeat":"repeat","background-position":"center center","background-size":"auto","background-attachment":"scroll","background-type":"","background-media":"","overlay-type":"","overlay-color":"","overlay-opacity":"","overlay-gradient":""},"tablet":{"background-color":"var(--ast-global-color-5)","background-image":"","background-repeat":"repeat","background-position":"center center","background-size":"auto","background-attachment":"scroll","background-type":"","background-media":"","overlay-type":"","overlay-color":"","overlay-opacity":"","overlay-gradient":""},"mobile":{"background-color":"var(--ast-global-color-5)","background-image":"","background-repeat":"repeat","background-position":"center center","background-size":"auto","background-attachment":"scroll","background-type":"","background-media":"","overlay-type":"","overlay-color":"","overlay-opacity":"","overlay-gradient":""}}},"product_brand":[],"product_cat":[25],"product_tag":[81,102,91,92],"class_list":{"0":"post-515","1":"product","2":"type-product","3":"status-publish","4":"has-post-thumbnail","6":"product_cat-round-liner","7":"product_tag-cartridge-tattoo-needles","8":"product_tag-rotary-tattoo-needles","9":"product_tag-tattoo-equipment","10":"product_tag-tattoo-machines-parts","11":"pa_brand-rightstuff","12":"desktop-align-center","13":"tablet-align-left","14":"mobile-align-left","15":"ast-product-gallery-layout-horizontal-slider","16":"ast-product-gallery-with-no-image","17":"ast-product-tabs-layout-horizontal","19":"first","20":"outofstock","21":"taxable","22":"shipping-taxable","23":"purchasable","24":"product-type-simple"},"_links":{"self":[{"href":"https:\/\/rightstuff.eu\/fr\/wp-json\/wp\/v2\/product\/515","targetHints":{"allow":["GET"]}}],"collection":[{"href":"https:\/\/rightstuff.eu\/fr\/wp-json\/wp\/v2\/product"}],"about":[{"href":"https:\/\/rightstuff.eu\/fr\/wp-json\/wp\/v2\/types\/product"}],"replies":[{"embeddable":true,"href":"https:\/\/rightstuff.eu\/fr\/wp-json\/wp\/v2\/comments?post=515"}],"version-history":[{"count":0,"href":"https:\/\/rightstuff.eu\/fr\/wp-json\/wp\/v2\/product\/515\/revisions"}],"wp:featuredmedia":[{"embeddable":true,"href":"https:\/\/rightstuff.eu\/fr\/wp-json\/wp\/v2\/media\/28752"}],"wp:attachment":[{"href":"https:\/\/rightstuff.eu\/fr\/wp-json\/wp\/v2\/media?parent=515"}],"wp:term":[{"taxonomy":"product_brand","embeddable":true,"href":"https:\/\/rightstuff.eu\/fr\/wp-json\/wp\/v2\/product_brand?post=515"},{"taxonomy":"product_cat","embeddable":true,"href":"https:\/\/rightstuff.eu\/fr\/wp-json\/wp\/v2\/product_cat?post=515"},{"taxonomy":"product_tag","embeddable":true,"href":"https:\/\/rightstuff.eu\/fr\/wp-json\/wp\/v2\/product_tag?post=515"}],"curies":[{"name":"wp","href":"https:\/\/api.w.org\/{rel}","templated":true}]}}