{"id":51156,"date":"2023-01-24T18:49:14","date_gmt":"2023-01-24T17:49:14","guid":{"rendered":"https:\/\/rightstuff.eu\/?post_type=product&#038;p=51156"},"modified":"2025-01-22T01:27:35","modified_gmt":"2025-01-22T00:27:35","slug":"magnum-cartridge-27m-030","status":"publish","type":"product","link":"https:\/\/rightstuff.eu\/fr\/produit\/magnum-cartridge-27m-030\/","title":{"rendered":"Cartouche d'aiguilles Magnum 27M -0,30"},"content":{"rendered":"<p>Cette cartouche de tatouage 27 magnum est un excellent choix pour tout tatoueur professionnel. Elle est fabriqu\u00e9e en acier inoxydable de haute qualit\u00e9 et comporte une pointe aiguis\u00e9e et pr\u00e9cise qui garantit une exp\u00e9rience de tatouage douce et coh\u00e9rente.<\/p>\n<p>La cartouche est con\u00e7ue pour s'adapter \u00e0 la plupart des machines \u00e0 tatouer standard et est compatible avec toutes les grandes marques. La cartouche d'aiguilles 27 magnum est parfaite pour cr\u00e9er des lignes fines et des d\u00e9tails, ainsi que pour r\u00e9aliser des ombrages et des travaux de couleur. Elle est \u00e9galement id\u00e9ale pour cr\u00e9er des tatouages plus grands et plus audacieux. Avec sa qualit\u00e9 et ses performances sup\u00e9rieures, cette cartouche de tatouage 27 magnum est un excellent choix pour tout tatoueur professionnel.<\/p>","protected":false},"excerpt":{"rendered":"<p>C\u00f4ne moyen<\/p>\n<p>MicroTextured<\/p>\n<p>Aiguilles de 0,30 mm<\/p>\n<p>20 pi\u00e8ces\/paquet<\/p>","protected":false},"featured_media":54722,"comment_status":"open","ping_status":"closed","template":"","meta":{"site-sidebar-layout":"","site-content-layout":"","ast-site-content-layout":"default","site-content-style":"default","site-sidebar-style":"default","ast-global-header-display":"","ast-banner-title-visibility":"","ast-main-header-display":"","ast-hfb-above-header-display":"","ast-hfb-below-header-display":"","ast-hfb-mobile-header-display":"","site-post-title":"","ast-breadcrumbs-content":"","ast-featured-img":"","footer-sml-layout":"","ast-disable-related-posts":"","theme-transparent-header-meta":"","adv-header-id-meta":"","stick-header-meta":"","header-above-stick-meta":"","header-main-stick-meta":"","header-below-stick-meta":"","astra-migrate-meta-layouts":"default","ast-page-background-enabled":"default","ast-page-background-meta":{"desktop":{"background-color":"var(--ast-global-color-4)","background-image":"","background-repeat":"repeat","background-position":"center center","background-size":"auto","background-attachment":"scroll","background-type":"","background-media":"","overlay-type":"","overlay-color":"","overlay-opacity":"","overlay-gradient":""},"tablet":{"background-color":"","background-image":"","background-repeat":"repeat","background-position":"center center","background-size":"auto","background-attachment":"scroll","background-type":"","background-media":"","overlay-type":"","overlay-color":"","overlay-opacity":"","overlay-gradient":""},"mobile":{"background-color":"","background-image":"","background-repeat":"repeat","background-position":"center center","background-size":"auto","background-attachment":"scroll","background-type":"","background-media":"","overlay-type":"","overlay-color":"","overlay-opacity":"","overlay-gradient":""}},"ast-content-background-meta":{"desktop":{"background-color":"var(--ast-global-color-5)","background-image":"","background-repeat":"repeat","background-position":"center center","background-size":"auto","background-attachment":"scroll","background-type":"","background-media":"","overlay-type":"","overlay-color":"","overlay-opacity":"","overlay-gradient":""},"tablet":{"background-color":"var(--ast-global-color-5)","background-image":"","background-repeat":"repeat","background-position":"center center","background-size":"auto","background-attachment":"scroll","background-type":"","background-media":"","overlay-type":"","overlay-color":"","overlay-opacity":"","overlay-gradient":""},"mobile":{"background-color":"var(--ast-global-color-5)","background-image":"","background-repeat":"repeat","background-position":"center center","background-size":"auto","background-attachment":"scroll","background-type":"","background-media":"","overlay-type":"","overlay-color":"","overlay-opacity":"","overlay-gradient":""}}},"product_brand":[],"product_cat":[226],"product_tag":[81,1795,308,306,310,309,307,102,71,91,92,1793],"class_list":{"0":"post-51156","1":"product","2":"type-product","3":"status-publish","4":"has-post-thumbnail","6":"product_cat-magnum-cartridges","7":"product_tag-cartridge-tattoo-needles","8":"product_tag-cartuchos-de-agujas-de-tatuaje","9":"product_tag-disposable-tattoo-cartridge","10":"product_tag-needle-cartridge","11":"product_tag-premium-cartridge","12":"product_tag-premium-needle-cartridge","13":"product_tag-rightstripes","14":"product_tag-rotary-tattoo-needles","15":"product_tag-tattoo-cartridges","16":"product_tag-tattoo-equipment","17":"product_tag-tattoo-machines-parts","18":"product_tag-tattoonadeln-cartridges","19":"pa_brand-rightstuff","20":"pa_quantity-5-pcs","21":"pa_quantity-box-of-20","22":"desktop-align-center","23":"tablet-align-left","24":"mobile-align-left","25":"ast-product-gallery-layout-horizontal-slider","26":"ast-product-gallery-with-no-image","27":"ast-product-single-variable","28":"ast-product-tabs-layout-horizontal","30":"first","31":"instock","32":"taxable","33":"shipping-taxable","34":"purchasable","35":"product-type-variable"},"_links":{"self":[{"href":"https:\/\/rightstuff.eu\/fr\/wp-json\/wp\/v2\/product\/51156","targetHints":{"allow":["GET"]}}],"collection":[{"href":"https:\/\/rightstuff.eu\/fr\/wp-json\/wp\/v2\/product"}],"about":[{"href":"https:\/\/rightstuff.eu\/fr\/wp-json\/wp\/v2\/types\/product"}],"replies":[{"embeddable":true,"href":"https:\/\/rightstuff.eu\/fr\/wp-json\/wp\/v2\/comments?post=51156"}],"version-history":[{"count":0,"href":"https:\/\/rightstuff.eu\/fr\/wp-json\/wp\/v2\/product\/51156\/revisions"}],"wp:featuredmedia":[{"embeddable":true,"href":"https:\/\/rightstuff.eu\/fr\/wp-json\/wp\/v2\/media\/54722"}],"wp:attachment":[{"href":"https:\/\/rightstuff.eu\/fr\/wp-json\/wp\/v2\/media?parent=51156"}],"wp:term":[{"taxonomy":"product_brand","embeddable":true,"href":"https:\/\/rightstuff.eu\/fr\/wp-json\/wp\/v2\/product_brand?post=51156"},{"taxonomy":"product_cat","embeddable":true,"href":"https:\/\/rightstuff.eu\/fr\/wp-json\/wp\/v2\/product_cat?post=51156"},{"taxonomy":"product_tag","embeddable":true,"href":"https:\/\/rightstuff.eu\/fr\/wp-json\/wp\/v2\/product_tag?post=51156"}],"curies":[{"name":"wp","href":"https:\/\/api.w.org\/{rel}","templated":true}]}}