{"id":51143,"date":"2023-01-24T18:05:03","date_gmt":"2023-01-24T17:05:03","guid":{"rendered":"https:\/\/rightstuff.eu\/?post_type=product&#038;p=51143"},"modified":"2025-01-22T01:27:25","modified_gmt":"2025-01-22T00:27:25","slug":"magnum-cartridge-19m-030","status":"publish","type":"product","link":"https:\/\/rightstuff.eu\/fr\/produit\/magnum-cartridge-19m-030\/","title":{"rendered":"Cartouche d'aiguilles Magnum 19M -0,30"},"content":{"rendered":"<p>Cette aiguille \u00e0 cartouche de tatouage 19 magnum est un excellent choix pour tout artiste tatoueur. Elle est fabriqu\u00e9e en acier inoxydable de haute qualit\u00e9 et comporte une pointe aiguis\u00e9e et pr\u00e9cise qui est parfaite pour cr\u00e9er des motifs d\u00e9taill\u00e9s et complexes. L'aiguille est con\u00e7ue pour s'adapter \u00e0 la plupart des machines \u00e0 tatouer standard et est facile \u00e0 installer et \u00e0 utiliser.<\/p>\n<p>Les 19 <a href=\"https:\/\/rightstuff.eu\/cartridges\/magnum-cartridges\/magnum-cartridge-7m-030\/\">Cartouche Magnum Tattoo<\/a> L'aiguille est con\u00e7ue pour fournir un flux d'encre lisse et constant, permettant un tatouage plus pr\u00e9cis et plus exact.L'aiguille est \u00e9galement con\u00e7ue pour r\u00e9duire le risque de contamination crois\u00e9e, ce qui en fait un choix s\u00fbr et hygi\u00e9nique pour tout artiste tatoueur. Avec sa construction durable et ses performances fiables, cette aiguille de cartouche de tatouage 19 magnum est s\u00fbre d'\u00eatre un excellent ajout \u00e0 la bo\u00eete \u00e0 outils de tout tatoueur.<\/p>","protected":false},"excerpt":{"rendered":"<p>C\u00f4ne moyen<\/p>\n<p>MicroTextured<\/p>\n<p>Aiguilles de 0,30 mm<\/p>\n<p>20 pi\u00e8ces\/paquet<\/p>","protected":false},"featured_media":32006,"comment_status":"open","ping_status":"closed","template":"","meta":{"site-sidebar-layout":"","site-content-layout":"","ast-site-content-layout":"default","site-content-style":"default","site-sidebar-style":"default","ast-global-header-display":"","ast-banner-title-visibility":"","ast-main-header-display":"","ast-hfb-above-header-display":"","ast-hfb-below-header-display":"","ast-hfb-mobile-header-display":"","site-post-title":"","ast-breadcrumbs-content":"","ast-featured-img":"","footer-sml-layout":"","ast-disable-related-posts":"","theme-transparent-header-meta":"","adv-header-id-meta":"","stick-header-meta":"","header-above-stick-meta":"","header-main-stick-meta":"","header-below-stick-meta":"","astra-migrate-meta-layouts":"default","ast-page-background-enabled":"default","ast-page-background-meta":{"desktop":{"background-color":"var(--ast-global-color-4)","background-image":"","background-repeat":"repeat","background-position":"center center","background-size":"auto","background-attachment":"scroll","background-type":"","background-media":"","overlay-type":"","overlay-color":"","overlay-opacity":"","overlay-gradient":""},"tablet":{"background-color":"","background-image":"","background-repeat":"repeat","background-position":"center center","background-size":"auto","background-attachment":"scroll","background-type":"","background-media":"","overlay-type":"","overlay-color":"","overlay-opacity":"","overlay-gradient":""},"mobile":{"background-color":"","background-image":"","background-repeat":"repeat","background-position":"center center","background-size":"auto","background-attachment":"scroll","background-type":"","background-media":"","overlay-type":"","overlay-color":"","overlay-opacity":"","overlay-gradient":""}},"ast-content-background-meta":{"desktop":{"background-color":"var(--ast-global-color-5)","background-image":"","background-repeat":"repeat","background-position":"center center","background-size":"auto","background-attachment":"scroll","background-type":"","background-media":"","overlay-type":"","overlay-color":"","overlay-opacity":"","overlay-gradient":""},"tablet":{"background-color":"var(--ast-global-color-5)","background-image":"","background-repeat":"repeat","background-position":"center center","background-size":"auto","background-attachment":"scroll","background-type":"","background-media":"","overlay-type":"","overlay-color":"","overlay-opacity":"","overlay-gradient":""},"mobile":{"background-color":"var(--ast-global-color-5)","background-image":"","background-repeat":"repeat","background-position":"center center","background-size":"auto","background-attachment":"scroll","background-type":"","background-media":"","overlay-type":"","overlay-color":"","overlay-opacity":"","overlay-gradient":""}}},"product_brand":[],"product_cat":[226],"product_tag":[81,1795,308,306,310,309,307,102,71,91,92,1793],"class_list":{"0":"post-51143","1":"product","2":"type-product","3":"status-publish","4":"has-post-thumbnail","6":"product_cat-magnum-cartridges","7":"product_tag-cartridge-tattoo-needles","8":"product_tag-cartuchos-de-agujas-de-tatuaje","9":"product_tag-disposable-tattoo-cartridge","10":"product_tag-needle-cartridge","11":"product_tag-premium-cartridge","12":"product_tag-premium-needle-cartridge","13":"product_tag-rightstripes","14":"product_tag-rotary-tattoo-needles","15":"product_tag-tattoo-cartridges","16":"product_tag-tattoo-equipment","17":"product_tag-tattoo-machines-parts","18":"product_tag-tattoonadeln-cartridges","19":"pa_brand-rightstuff","20":"pa_quantity-5-pcs","21":"pa_quantity-box-of-20","22":"desktop-align-center","23":"tablet-align-left","24":"mobile-align-left","25":"ast-product-gallery-layout-horizontal-slider","26":"ast-product-gallery-with-no-image","27":"ast-product-single-variable","28":"ast-product-tabs-layout-horizontal","30":"first","31":"instock","32":"taxable","33":"shipping-taxable","34":"purchasable","35":"product-type-variable"},"_links":{"self":[{"href":"https:\/\/rightstuff.eu\/fr\/wp-json\/wp\/v2\/product\/51143","targetHints":{"allow":["GET"]}}],"collection":[{"href":"https:\/\/rightstuff.eu\/fr\/wp-json\/wp\/v2\/product"}],"about":[{"href":"https:\/\/rightstuff.eu\/fr\/wp-json\/wp\/v2\/types\/product"}],"replies":[{"embeddable":true,"href":"https:\/\/rightstuff.eu\/fr\/wp-json\/wp\/v2\/comments?post=51143"}],"version-history":[{"count":0,"href":"https:\/\/rightstuff.eu\/fr\/wp-json\/wp\/v2\/product\/51143\/revisions"}],"wp:featuredmedia":[{"embeddable":true,"href":"https:\/\/rightstuff.eu\/fr\/wp-json\/wp\/v2\/media\/32006"}],"wp:attachment":[{"href":"https:\/\/rightstuff.eu\/fr\/wp-json\/wp\/v2\/media?parent=51143"}],"wp:term":[{"taxonomy":"product_brand","embeddable":true,"href":"https:\/\/rightstuff.eu\/fr\/wp-json\/wp\/v2\/product_brand?post=51143"},{"taxonomy":"product_cat","embeddable":true,"href":"https:\/\/rightstuff.eu\/fr\/wp-json\/wp\/v2\/product_cat?post=51143"},{"taxonomy":"product_tag","embeddable":true,"href":"https:\/\/rightstuff.eu\/fr\/wp-json\/wp\/v2\/product_tag?post=51143"}],"curies":[{"name":"wp","href":"https:\/\/api.w.org\/{rel}","templated":true}]}}