{"id":511,"date":"2013-11-23T22:40:00","date_gmt":"2013-11-23T20:40:00","guid":{"rendered":"https:\/\/rightstuff.eu\/shop\/uncategorized\/5rl\/"},"modified":"2025-01-22T01:37:18","modified_gmt":"2025-01-22T00:37:18","slug":"5rl","status":"publish","type":"product","link":"https:\/\/rightstuff.eu\/fr\/produit\/5rl\/","title":{"rendered":"Aiguille de doublure ronde 5RL"},"content":{"rendered":"<p>Le tatouage contemporain partage aujourd'hui formellement et visuellement la d\u00e9finition d'\"artisanat\" et d'\"art\". Cependant, il diff\u00e8re certainement trop de ce que nous avons l'habitude de comprendre par le mot ART. En r\u00e8gle g\u00e9n\u00e9rale, tu ne peux pas acheter ou vendre un tatouage, une fois r\u00e9alis\u00e9 pour toi, comme tu peux le faire avec des peintures habituelles.<\/p>\n<p>Pendant ce temps, tu peux presque physiquement sentir \u00e0 quel point un tatouage a chang\u00e9 ta vie. Naturellement, si l'image sur ta peau a une signification secr\u00e8te, tu peux t'inspirer du fait qu'elle t'aidera \u00e0 faire face au mal et \u00e0 la malice. C'est curieux, mais \u00e7a marche. Les tatoueurs, qui travaillent dans ce domaine depuis des ann\u00e9es, connaissent de nombreux clients qui ont r\u00e9ussi \u00e0 changer leur vie apr\u00e8s s'\u00eatre fait un tatouage \"avec une signification\".<\/p>\n<p>Certes, ces tatouages \"utiles\" ne peuvent \u00eatre cr\u00e9\u00e9s que si... <a href=\"https:\/\/rightstuff.eu\/product-tag\/tattoo-supplies\/\">\u00e9quipement professionnel<\/a>Les aiguilles utilis\u00e9es sont de tr\u00e8s bonne qualit\u00e9.<\/p>\n<p>Les aiguilles rondes de liner 5RL en acier inoxydable qui ont un diam\u00e8tre de 0,35 mm, doivent \u00eatre pr\u00e9sentes dans le studio de tout tatoueur ou \u00eatre gard\u00e9es dans son placard lorsque le gars travaille \u00e0 la maison. Ces aiguilles de tatouage, faites pour r\u00e9aliser des lignes de longueur moyenne, peuvent \u00eatre command\u00e9es en ligne \u00e0 n'importe quel moment.<\/p>","protected":false},"excerpt":{"rendered":"<p>50 pi\u00e8ces\/paquet<\/p>","protected":false},"featured_media":1177,"comment_status":"open","ping_status":"closed","template":"","meta":{"site-sidebar-layout":"","site-content-layout":"","ast-site-content-layout":"default","site-content-style":"default","site-sidebar-style":"default","ast-global-header-display":"","ast-banner-title-visibility":"","ast-main-header-display":"","ast-hfb-above-header-display":"","ast-hfb-below-header-display":"","ast-hfb-mobile-header-display":"","site-post-title":"","ast-breadcrumbs-content":"","ast-featured-img":"","footer-sml-layout":"","ast-disable-related-posts":"","theme-transparent-header-meta":"","adv-header-id-meta":"","stick-header-meta":"","header-above-stick-meta":"","header-main-stick-meta":"","header-below-stick-meta":"","astra-migrate-meta-layouts":"default","ast-page-background-enabled":"default","ast-page-background-meta":{"desktop":{"background-color":"var(--ast-global-color-4)","background-image":"","background-repeat":"repeat","background-position":"center center","background-size":"auto","background-attachment":"scroll","background-type":"","background-media":"","overlay-type":"","overlay-color":"","overlay-opacity":"","overlay-gradient":""},"tablet":{"background-color":"","background-image":"","background-repeat":"repeat","background-position":"center center","background-size":"auto","background-attachment":"scroll","background-type":"","background-media":"","overlay-type":"","overlay-color":"","overlay-opacity":"","overlay-gradient":""},"mobile":{"background-color":"","background-image":"","background-repeat":"repeat","background-position":"center center","background-size":"auto","background-attachment":"scroll","background-type":"","background-media":"","overlay-type":"","overlay-color":"","overlay-opacity":"","overlay-gradient":""}},"ast-content-background-meta":{"desktop":{"background-color":"var(--ast-global-color-5)","background-image":"","background-repeat":"repeat","background-position":"center center","background-size":"auto","background-attachment":"scroll","background-type":"","background-media":"","overlay-type":"","overlay-color":"","overlay-opacity":"","overlay-gradient":""},"tablet":{"background-color":"var(--ast-global-color-5)","background-image":"","background-repeat":"repeat","background-position":"center center","background-size":"auto","background-attachment":"scroll","background-type":"","background-media":"","overlay-type":"","overlay-color":"","overlay-opacity":"","overlay-gradient":""},"mobile":{"background-color":"var(--ast-global-color-5)","background-image":"","background-repeat":"repeat","background-position":"center center","background-size":"auto","background-attachment":"scroll","background-type":"","background-media":"","overlay-type":"","overlay-color":"","overlay-opacity":"","overlay-gradient":""}}},"product_brand":[],"product_cat":[25],"product_tag":[81,102,91,92],"class_list":{"0":"post-511","1":"product","2":"type-product","3":"status-publish","4":"has-post-thumbnail","6":"product_cat-round-liner","7":"product_tag-cartridge-tattoo-needles","8":"product_tag-rotary-tattoo-needles","9":"product_tag-tattoo-equipment","10":"product_tag-tattoo-machines-parts","11":"pa_brand-rightstuff","12":"desktop-align-center","13":"tablet-align-left","14":"mobile-align-left","15":"ast-product-gallery-layout-horizontal-slider","16":"ast-product-gallery-with-no-image","17":"ast-product-tabs-layout-horizontal","19":"first","20":"outofstock","21":"taxable","22":"shipping-taxable","23":"purchasable","24":"product-type-simple"},"_links":{"self":[{"href":"https:\/\/rightstuff.eu\/fr\/wp-json\/wp\/v2\/product\/511","targetHints":{"allow":["GET"]}}],"collection":[{"href":"https:\/\/rightstuff.eu\/fr\/wp-json\/wp\/v2\/product"}],"about":[{"href":"https:\/\/rightstuff.eu\/fr\/wp-json\/wp\/v2\/types\/product"}],"replies":[{"embeddable":true,"href":"https:\/\/rightstuff.eu\/fr\/wp-json\/wp\/v2\/comments?post=511"}],"version-history":[{"count":0,"href":"https:\/\/rightstuff.eu\/fr\/wp-json\/wp\/v2\/product\/511\/revisions"}],"wp:featuredmedia":[{"embeddable":true,"href":"https:\/\/rightstuff.eu\/fr\/wp-json\/wp\/v2\/media\/1177"}],"wp:attachment":[{"href":"https:\/\/rightstuff.eu\/fr\/wp-json\/wp\/v2\/media?parent=511"}],"wp:term":[{"taxonomy":"product_brand","embeddable":true,"href":"https:\/\/rightstuff.eu\/fr\/wp-json\/wp\/v2\/product_brand?post=511"},{"taxonomy":"product_cat","embeddable":true,"href":"https:\/\/rightstuff.eu\/fr\/wp-json\/wp\/v2\/product_cat?post=511"},{"taxonomy":"product_tag","embeddable":true,"href":"https:\/\/rightstuff.eu\/fr\/wp-json\/wp\/v2\/product_tag?post=511"}],"curies":[{"name":"wp","href":"https:\/\/api.w.org\/{rel}","templated":true}]}}