{"id":50951,"date":"2022-12-01T22:18:58","date_gmt":"2022-12-01T21:18:58","guid":{"rendered":"https:\/\/rightstuff.eu\/?post_type=product&#038;p=50951"},"modified":"2025-01-22T01:27:20","modified_gmt":"2025-01-22T00:27:20","slug":"minidozzer-trueliner-brass","status":"publish","type":"product","link":"https:\/\/rightstuff.eu\/fr\/produit\/minidozzer-trueliner-brass\/","title":{"rendered":"miniDOZZER TrueLiner BRASS"},"content":{"rendered":"<p>Les artistes exp\u00e9riment\u00e9s, travaillant dans le domaine du tatouage depuis de nombreuses ann\u00e9es, appr\u00e9cieront ce miniDOZZER TrueLiner en laiton. \u00a0<a href=\"https:\/\/rightstuff.eu\/blog\/rotary-tattoo-machine-vs-coil-one\/\">Machine \u00e0 tatouer \u00e0 bobines<\/a>. Ce produit contemporain est vraiment une solution sans compromis pour un professionnel. L'appareil cr\u00e9era uniform\u00e9ment toutes les lignes en un seul passage, mais il n\u00e9cessite des mains exp\u00e9riment\u00e9es et disciplin\u00e9es. Il ne conna\u00eet pas les probl\u00e8mes li\u00e9s \u00e0 l'utilisation d'aiguilles 7-14 Rl.<\/p>\n<p>La machine \u00e0 longs traits pour la cr\u00e9ation de peintures sur la peau est con\u00e7ue pour travailler avec des peaux fines et d\u00e9licates. Lorsqu'une jeune femme demande \u00e0 un ma\u00eetre de lui faire un certain tatouage et que l'image comporte de nombreux d\u00e9tails et lignes, l'artiste utilisera certainement cet outil. Ce liner est pr\u00e9sent\u00e9 dans un cadre robuste mais l\u00e9ger. Ses bobines de 26 mm de la meilleure qualit\u00e9 ont neuf tours.<\/p>\n<p>En achetant ce True Liner chez Right Stuff, tu obtiens un appareil r\u00e9gl\u00e9 et pr\u00eat \u00e0 l'emploi. Cependant, comme tout autre Brass <a href=\"http:\/\/mazzay.by\" target=\"_blank\" rel=\"noopener\">machine \u00e0 tatouer<\/a>L'outil peut n\u00e9cessiter un r\u00e9glage plus fin. L'appareil fonctionne \u00e0 une fr\u00e9quence de 135 Hz \u00e0 une tension de 6,5 V lorsqu'il est d\u00e9charg\u00e9.<\/p>","protected":false},"excerpt":{"rendered":"<h3>Machine \u00e0 tatouer en laiton<\/h3>\n<p>Le cadre est usin\u00e9 \u00e0 partir d'une seule pi\u00e8ce de laiton.<br \/>\nBobines de haute qualit\u00e9 - 26 mm * 9 spires<br \/>\nQuincaillerie en acier<br \/>\nAiguilles pr\u00e9f\u00e9r\u00e9es 7-14rl<br \/>\nCourse longue<br \/>\nFonctionne \u00e0 135hz \u00e0 6,5 volts - non charg\u00e9<\/p>\n<p>Le poids de la machine \u00e0 tatouer est de 200 gr.<\/p>","protected":false},"featured_media":50952,"comment_status":"open","ping_status":"closed","template":"","meta":{"site-sidebar-layout":"default","site-content-layout":"","ast-site-content-layout":"default","site-content-style":"default","site-sidebar-style":"default","ast-global-header-display":"","ast-banner-title-visibility":"","ast-main-header-display":"","ast-hfb-above-header-display":"","ast-hfb-below-header-display":"","ast-hfb-mobile-header-display":"","site-post-title":"","ast-breadcrumbs-content":"","ast-featured-img":"","footer-sml-layout":"","ast-disable-related-posts":"","theme-transparent-header-meta":"default","adv-header-id-meta":"","stick-header-meta":"default","header-above-stick-meta":"","header-main-stick-meta":"","header-below-stick-meta":"","astra-migrate-meta-layouts":"set","ast-page-background-enabled":"default","ast-page-background-meta":{"desktop":{"background-color":"var(--ast-global-color-4)","background-image":"","background-repeat":"repeat","background-position":"center center","background-size":"auto","background-attachment":"scroll","background-type":"","background-media":"","overlay-type":"","overlay-color":"","overlay-opacity":"","overlay-gradient":""},"tablet":{"background-color":"","background-image":"","background-repeat":"repeat","background-position":"center center","background-size":"auto","background-attachment":"scroll","background-type":"","background-media":"","overlay-type":"","overlay-color":"","overlay-opacity":"","overlay-gradient":""},"mobile":{"background-color":"","background-image":"","background-repeat":"repeat","background-position":"center center","background-size":"auto","background-attachment":"scroll","background-type":"","background-media":"","overlay-type":"","overlay-color":"","overlay-opacity":"","overlay-gradient":""}},"ast-content-background-meta":{"desktop":{"background-color":"var(--ast-global-color-5)","background-image":"","background-repeat":"repeat","background-position":"center center","background-size":"auto","background-attachment":"scroll","background-type":"","background-media":"","overlay-type":"","overlay-color":"","overlay-opacity":"","overlay-gradient":""},"tablet":{"background-color":"var(--ast-global-color-5)","background-image":"","background-repeat":"repeat","background-position":"center center","background-size":"auto","background-attachment":"scroll","background-type":"","background-media":"","overlay-type":"","overlay-color":"","overlay-opacity":"","overlay-gradient":""},"mobile":{"background-color":"var(--ast-global-color-5)","background-image":"","background-repeat":"repeat","background-position":"center center","background-size":"auto","background-attachment":"scroll","background-type":"","background-media":"","overlay-type":"","overlay-color":"","overlay-opacity":"","overlay-gradient":""}}},"product_brand":[],"product_cat":[32],"product_tag":[82,93,83,99,1801,87,91,95,72],"class_list":{"0":"post-50951","1":"product","2":"type-product","3":"status-publish","4":"has-post-thumbnail","6":"product_cat-dozzer","7":"product_tag-coil-tattoo-machines","8":"product_tag-custom-tattoo-guns","9":"product_tag-custom-tattoo-machines","10":"product_tag-handmade-tattoo-machines","11":"product_tag-machines-a-tatouer-les-bobines","12":"product_tag-professional-tattoo-machines","13":"product_tag-tattoo-equipment","14":"product_tag-tattoo-guns","15":"product_tag-tattoo-machine-coils","16":"pa_brand-rightstuff","17":"desktop-align-center","18":"tablet-align-left","19":"mobile-align-left","20":"ast-product-gallery-layout-horizontal-slider","21":"ast-product-gallery-with-no-image","22":"ast-product-tabs-layout-horizontal","24":"first","25":"outofstock","26":"taxable","27":"shipping-taxable","28":"purchasable","29":"product-type-simple"},"_links":{"self":[{"href":"https:\/\/rightstuff.eu\/fr\/wp-json\/wp\/v2\/product\/50951","targetHints":{"allow":["GET"]}}],"collection":[{"href":"https:\/\/rightstuff.eu\/fr\/wp-json\/wp\/v2\/product"}],"about":[{"href":"https:\/\/rightstuff.eu\/fr\/wp-json\/wp\/v2\/types\/product"}],"replies":[{"embeddable":true,"href":"https:\/\/rightstuff.eu\/fr\/wp-json\/wp\/v2\/comments?post=50951"}],"version-history":[{"count":0,"href":"https:\/\/rightstuff.eu\/fr\/wp-json\/wp\/v2\/product\/50951\/revisions"}],"wp:featuredmedia":[{"embeddable":true,"href":"https:\/\/rightstuff.eu\/fr\/wp-json\/wp\/v2\/media\/50952"}],"wp:attachment":[{"href":"https:\/\/rightstuff.eu\/fr\/wp-json\/wp\/v2\/media?parent=50951"}],"wp:term":[{"taxonomy":"product_brand","embeddable":true,"href":"https:\/\/rightstuff.eu\/fr\/wp-json\/wp\/v2\/product_brand?post=50951"},{"taxonomy":"product_cat","embeddable":true,"href":"https:\/\/rightstuff.eu\/fr\/wp-json\/wp\/v2\/product_cat?post=50951"},{"taxonomy":"product_tag","embeddable":true,"href":"https:\/\/rightstuff.eu\/fr\/wp-json\/wp\/v2\/product_tag?post=50951"}],"curies":[{"name":"wp","href":"https:\/\/api.w.org\/{rel}","templated":true}]}}