{"id":50900,"date":"2022-10-20T22:00:18","date_gmt":"2022-10-20T20:00:18","guid":{"rendered":"https:\/\/rightstuff.eu\/?post_type=product&#038;p=50900"},"modified":"2025-11-24T12:28:31","modified_gmt":"2025-11-24T11:28:31","slug":"aircord","status":"publish","type":"product","link":"https:\/\/rightstuff.eu\/fr\/produit\/aircord\/","title":{"rendered":"AirCord"},"content":{"rendered":"<p>Tu es \u00e0 la recherche d'un nouveau c\u00e2ble \u00e0 clip pour ta machine \u00e0 tatouer ? Jette un coup d'\u0153il \u00e0 ce c\u00e2ble ! Ce c\u00e2ble est fabriqu\u00e9 \u00e0 partir de mat\u00e9riaux de haute qualit\u00e9, il durera donc longtemps. Il est \u00e9galement fin, seulement 1,8 mm de diam\u00e8tre, donc il s'adaptera \u00e0 n'importe quelle machine. Que tu sois un d\u00e9butant ou un tatoueur professionnel, ce cordon \u00e0 pince est un excellent choix pour un \u00e9quipement fiable et durable.<\/p>","protected":false},"excerpt":{"rendered":"<p>AirCord - Cordon \u00e0 pince<\/p>\n<p>Jack 6,3 mm pour la connexion \u00e0 la ligne Clip<\/p>\n<p>Longueur 2m<\/p>\n<p>Fil de haute qualit\u00e9, de qualit\u00e9 militaire<\/p>\n<p>L\u00e9ger et solide, diam\u00e8tre du fil de 1,8 mm.<\/p>\n<p>Seulement 20 grammes sans prise d'alimentation<\/p>\n<p>Veste ext\u00e9rieure en t\u00e9flon<\/p>\n<p>&nbsp;<\/p>","protected":false},"featured_media":58082,"comment_status":"open","ping_status":"closed","template":"","meta":{"site-sidebar-layout":"default","site-content-layout":"","ast-site-content-layout":"default","site-content-style":"default","site-sidebar-style":"default","ast-global-header-display":"","ast-banner-title-visibility":"","ast-main-header-display":"","ast-hfb-above-header-display":"","ast-hfb-below-header-display":"","ast-hfb-mobile-header-display":"","site-post-title":"","ast-breadcrumbs-content":"","ast-featured-img":"","footer-sml-layout":"","ast-disable-related-posts":"","theme-transparent-header-meta":"default","adv-header-id-meta":"","stick-header-meta":"default","header-above-stick-meta":"","header-main-stick-meta":"","header-below-stick-meta":"","astra-migrate-meta-layouts":"set","ast-page-background-enabled":"default","ast-page-background-meta":{"desktop":{"background-color":"var(--ast-global-color-4)","background-image":"","background-repeat":"repeat","background-position":"center center","background-size":"auto","background-attachment":"scroll","background-type":"","background-media":"","overlay-type":"","overlay-color":"","overlay-opacity":"","overlay-gradient":""},"tablet":{"background-color":"","background-image":"","background-repeat":"repeat","background-position":"center center","background-size":"auto","background-attachment":"scroll","background-type":"","background-media":"","overlay-type":"","overlay-color":"","overlay-opacity":"","overlay-gradient":""},"mobile":{"background-color":"","background-image":"","background-repeat":"repeat","background-position":"center center","background-size":"auto","background-attachment":"scroll","background-type":"","background-media":"","overlay-type":"","overlay-color":"","overlay-opacity":"","overlay-gradient":""}},"ast-content-background-meta":{"desktop":{"background-color":"var(--ast-global-color-5)","background-image":"","background-repeat":"repeat","background-position":"center center","background-size":"auto","background-attachment":"scroll","background-type":"","background-media":"","overlay-type":"","overlay-color":"","overlay-opacity":"","overlay-gradient":""},"tablet":{"background-color":"var(--ast-global-color-5)","background-image":"","background-repeat":"repeat","background-position":"center center","background-size":"auto","background-attachment":"scroll","background-type":"","background-media":"","overlay-type":"","overlay-color":"","overlay-opacity":"","overlay-gradient":""},"mobile":{"background-color":"var(--ast-global-color-5)","background-image":"","background-repeat":"repeat","background-position":"center center","background-size":"auto","background-attachment":"scroll","background-type":"","background-media":"","overlay-type":"","overlay-color":"","overlay-opacity":"","overlay-gradient":""}}},"product_brand":[],"product_cat":[54],"product_tag":[90,91,70,92,94,69],"class_list":{"0":"post-50900","1":"product","2":"type-product","3":"status-publish","4":"has-post-thumbnail","6":"product_cat-power-supply","7":"product_tag-tattoo-accessories","8":"product_tag-tattoo-equipment","9":"product_tag-tattoo-kits","10":"product_tag-tattoo-machines-parts","11":"product_tag-tattoo-sets","12":"product_tag-tattoo-supplies","13":"pa_brand-rightstuff","14":"desktop-align-center","15":"tablet-align-left","16":"mobile-align-left","17":"ast-product-gallery-layout-horizontal-slider","18":"ast-product-gallery-with-no-image","19":"ast-product-tabs-layout-horizontal","21":"first","22":"instock","23":"taxable","24":"shipping-taxable","25":"purchasable","26":"product-type-simple"},"_links":{"self":[{"href":"https:\/\/rightstuff.eu\/fr\/wp-json\/wp\/v2\/product\/50900","targetHints":{"allow":["GET"]}}],"collection":[{"href":"https:\/\/rightstuff.eu\/fr\/wp-json\/wp\/v2\/product"}],"about":[{"href":"https:\/\/rightstuff.eu\/fr\/wp-json\/wp\/v2\/types\/product"}],"replies":[{"embeddable":true,"href":"https:\/\/rightstuff.eu\/fr\/wp-json\/wp\/v2\/comments?post=50900"}],"version-history":[{"count":0,"href":"https:\/\/rightstuff.eu\/fr\/wp-json\/wp\/v2\/product\/50900\/revisions"}],"wp:featuredmedia":[{"embeddable":true,"href":"https:\/\/rightstuff.eu\/fr\/wp-json\/wp\/v2\/media\/58082"}],"wp:attachment":[{"href":"https:\/\/rightstuff.eu\/fr\/wp-json\/wp\/v2\/media?parent=50900"}],"wp:term":[{"taxonomy":"product_brand","embeddable":true,"href":"https:\/\/rightstuff.eu\/fr\/wp-json\/wp\/v2\/product_brand?post=50900"},{"taxonomy":"product_cat","embeddable":true,"href":"https:\/\/rightstuff.eu\/fr\/wp-json\/wp\/v2\/product_cat?post=50900"},{"taxonomy":"product_tag","embeddable":true,"href":"https:\/\/rightstuff.eu\/fr\/wp-json\/wp\/v2\/product_tag?post=50900"}],"curies":[{"name":"wp","href":"https:\/\/api.w.org\/{rel}","templated":true}]}}