{"id":49425,"date":"2020-05-25T19:26:09","date_gmt":"2020-05-25T16:26:09","guid":{"rendered":"https:\/\/rightstuff.eu\/?post_type=product&#038;p=49425"},"modified":"2025-01-22T01:32:15","modified_gmt":"2025-01-22T00:32:15","slug":"pen-tattoo-machine-finer-28mm-grip-black","status":"publish","type":"product","link":"https:\/\/rightstuff.eu\/fr\/produit\/pen-tattoo-machine-finer-28mm-grip-black\/","title":{"rendered":"Stylo machine \u00e0 tatouer Finer - 28mm grip (Noir)"},"content":{"rendered":"","protected":false},"excerpt":{"rendered":"<p>Machine \u00e0 tatouer \u00e0 stylo Finer Black<\/p>\n<p>Longueur 120 mm, diam\u00e8tre 21 mm<br \/>\nPoign\u00e9e 28mm<\/p>\n<p>Compatible avec toutes les cartouches standard<\/p>\n<p>nous recommandons d'utiliser notre <a href=\"https:\/\/rightstuff.eu\/tattoo-cartridges\/\">Cartouches RightStripes<\/a><\/p>\n<p>Course 3,2 mm<\/p>\n<p>Moteur sans noyau 8w \u00e0 haut rendement<br \/>\nProfondeur d'aiguille jusqu'\u00e0 4 mm<br \/>\n10000 RPM<br \/>\nTension pr\u00e9f\u00e9r\u00e9e 4,5-12 volts<\/p>\n<p>Connexion RCA<br \/>\nCorps en aluminium<br \/>\nPoids 86 gr.<\/p>\n<p>&nbsp;<\/p>\n<p>La machine \u00e0 tatouer Pen finer est une petite machine l\u00e9g\u00e8re qui est parfaite pour les petits tatouages et les travaux d\u00e9taill\u00e9s. Avec une taille de poign\u00e9e de 28 mm, elle est compatible avec toutes les cartouches standard, et a une longueur de course de 3,2 mm. Elle est \u00e9galement dot\u00e9e d'un moteur sans noyau de 8w tr\u00e8s efficace et est capable d'atteindre une profondeur d'aiguille de 4mm.<\/p>\n<p>&nbsp;<\/p>\n<p>&nbsp;<\/p>","protected":false},"featured_media":49421,"comment_status":"open","ping_status":"closed","template":"","meta":{"site-sidebar-layout":"default","site-content-layout":"default","ast-site-content-layout":"default","site-content-style":"default","site-sidebar-style":"default","ast-global-header-display":"","ast-banner-title-visibility":"","ast-main-header-display":"","ast-hfb-above-header-display":"","ast-hfb-below-header-display":"","ast-hfb-mobile-header-display":"","site-post-title":"","ast-breadcrumbs-content":"","ast-featured-img":"","footer-sml-layout":"","ast-disable-related-posts":"","theme-transparent-header-meta":"default","adv-header-id-meta":"","stick-header-meta":"default","header-above-stick-meta":"","header-main-stick-meta":"","header-below-stick-meta":"","astra-migrate-meta-layouts":"set","ast-page-background-enabled":"default","ast-page-background-meta":{"desktop":{"background-color":"var(--ast-global-color-4)","background-image":"","background-repeat":"repeat","background-position":"center center","background-size":"auto","background-attachment":"scroll","background-type":"","background-media":"","overlay-type":"","overlay-color":"","overlay-opacity":"","overlay-gradient":""},"tablet":{"background-color":"","background-image":"","background-repeat":"repeat","background-position":"center center","background-size":"auto","background-attachment":"scroll","background-type":"","background-media":"","overlay-type":"","overlay-color":"","overlay-opacity":"","overlay-gradient":""},"mobile":{"background-color":"","background-image":"","background-repeat":"repeat","background-position":"center center","background-size":"auto","background-attachment":"scroll","background-type":"","background-media":"","overlay-type":"","overlay-color":"","overlay-opacity":"","overlay-gradient":""}},"ast-content-background-meta":{"desktop":{"background-color":"var(--ast-global-color-5)","background-image":"","background-repeat":"repeat","background-position":"center center","background-size":"auto","background-attachment":"scroll","background-type":"","background-media":"","overlay-type":"","overlay-color":"","overlay-opacity":"","overlay-gradient":""},"tablet":{"background-color":"var(--ast-global-color-5)","background-image":"","background-repeat":"repeat","background-position":"center center","background-size":"auto","background-attachment":"scroll","background-type":"","background-media":"","overlay-type":"","overlay-color":"","overlay-opacity":"","overlay-gradient":""},"mobile":{"background-color":"var(--ast-global-color-5)","background-image":"","background-repeat":"repeat","background-position":"center center","background-size":"auto","background-attachment":"scroll","background-type":"","background-media":"","overlay-type":"","overlay-color":"","overlay-opacity":"","overlay-gradient":""}}},"product_brand":[],"product_cat":[1803],"product_tag":[1804,101,93,100,99,53,50,87,98,48,97,1792,1797,71,91,95,52,41,51],"class_list":{"0":"post-49425","1":"product","2":"type-product","3":"status-publish","4":"has-post-thumbnail","6":"product_cat-pen-tattoo-machines","7":"product_tag-beginner-tattoo-kits","8":"product_tag-custom-rotary-machines","9":"product_tag-custom-tattoo-guns","10":"product_tag-handmade-rotary-tattoo-machines","11":"product_tag-handmade-tattoo-machines","12":"product_tag-hornet-tattoo-machine","13":"product_tag-pen-tattoo-machine","14":"product_tag-professional-tattoo-machines","15":"product_tag-rotary-tattoo-guns","16":"product_tag-rotary-tattoo-machine","17":"product_tag-rotary-tattoo-pen","18":"product_tag-rotary-tattoomaschinen","19":"product_tag-rotative-machines-a-tatouer","20":"product_tag-tattoo-cartridges","21":"product_tag-tattoo-equipment","22":"product_tag-tattoo-guns","23":"product_tag-tattoo-machine-pen","24":"product_tag-tattoo-machines","25":"product_tag-tattoo-pen","26":"pa_brand-rightstuff","27":"desktop-align-center","28":"tablet-align-left","29":"mobile-align-left","30":"ast-product-gallery-layout-horizontal-slider","31":"ast-product-gallery-with-no-image","32":"ast-product-tabs-layout-horizontal","34":"first","35":"outofstock","36":"purchasable","37":"product-type-simple"},"_links":{"self":[{"href":"https:\/\/rightstuff.eu\/fr\/wp-json\/wp\/v2\/product\/49425","targetHints":{"allow":["GET"]}}],"collection":[{"href":"https:\/\/rightstuff.eu\/fr\/wp-json\/wp\/v2\/product"}],"about":[{"href":"https:\/\/rightstuff.eu\/fr\/wp-json\/wp\/v2\/types\/product"}],"replies":[{"embeddable":true,"href":"https:\/\/rightstuff.eu\/fr\/wp-json\/wp\/v2\/comments?post=49425"}],"version-history":[{"count":0,"href":"https:\/\/rightstuff.eu\/fr\/wp-json\/wp\/v2\/product\/49425\/revisions"}],"wp:featuredmedia":[{"embeddable":true,"href":"https:\/\/rightstuff.eu\/fr\/wp-json\/wp\/v2\/media\/49421"}],"wp:attachment":[{"href":"https:\/\/rightstuff.eu\/fr\/wp-json\/wp\/v2\/media?parent=49425"}],"wp:term":[{"taxonomy":"product_brand","embeddable":true,"href":"https:\/\/rightstuff.eu\/fr\/wp-json\/wp\/v2\/product_brand?post=49425"},{"taxonomy":"product_cat","embeddable":true,"href":"https:\/\/rightstuff.eu\/fr\/wp-json\/wp\/v2\/product_cat?post=49425"},{"taxonomy":"product_tag","embeddable":true,"href":"https:\/\/rightstuff.eu\/fr\/wp-json\/wp\/v2\/product_tag?post=49425"}],"curies":[{"name":"wp","href":"https:\/\/api.w.org\/{rel}","templated":true}]}}