{"id":48486,"date":"2020-03-03T21:25:56","date_gmt":"2020-03-03T18:25:56","guid":{"rendered":"https:\/\/rightstuff.eu\/?post_type=product&#038;p=48486"},"modified":"2025-01-22T01:32:16","modified_gmt":"2025-01-22T00:32:16","slug":"lucky-trueliner-alu-tattoo-machine-blck-mgt","status":"publish","type":"product","link":"https:\/\/rightstuff.eu\/fr\/produit\/lucky-trueliner-alu-tattoo-machine-blck-mgt\/","title":{"rendered":"Machine \u00e0 tatouer LUCKY TrueLiner ALU BLCK\/MGT"},"content":{"rendered":"","protected":false},"excerpt":{"rendered":"<p>Paquebot d'alimentation<\/p>\n<p>Le cadre est usin\u00e9 \u00e0 partir d'une seule pi\u00e8ce d'aluminium a\u00e9ronautique 7075.<br \/>\nBobines de haute qualit\u00e9 - 26 mm * 9 spires<br \/>\nQuincaillerie en acier bleui<br \/>\nAiguilles pr\u00e9f\u00e9r\u00e9es 9-18rl<br \/>\nCourse longue<br \/>\nFonctionne \u00e0 135hz \u00e0 6,6 volts - non charg\u00e9<\/p>\n<p>Poids de la machine \u00e0 tatouer 150gr.<\/p>\n<p>&nbsp;<\/p>\n<p>La machine Lucky TrueLiner ALU est une machine \u00e0 tatouer \u00e0 bobines de haute qualit\u00e9 qui est parfaite pour le lining. Elle est fabriqu\u00e9e \u00e0 partir d'une seule pi\u00e8ce d'aluminium, poss\u00e8de des bobines de haute qualit\u00e9 - 26 mm * 9 spires, un mat\u00e9riel en acier bleut\u00e9, et des aiguilles pr\u00e9f\u00e9r\u00e9es 9-18rl. Elle a une longue course et fonctionne \u00e0 135hz \u00e0 6,6 volts - \u00e0 vide. Cette machine \u00e0 tatouer est l\u00e9g\u00e8re (150 g) et parfaite pour tous les tatoueurs.<\/p>\n<p>&nbsp;<\/p>\n<p>&nbsp;<\/p>","protected":false},"featured_media":48491,"comment_status":"open","ping_status":"closed","template":"","meta":{"site-sidebar-layout":"","site-content-layout":"","ast-site-content-layout":"default","site-content-style":"default","site-sidebar-style":"default","ast-global-header-display":"","ast-banner-title-visibility":"","ast-main-header-display":"","ast-hfb-above-header-display":"","ast-hfb-below-header-display":"","ast-hfb-mobile-header-display":"","site-post-title":"","ast-breadcrumbs-content":"","ast-featured-img":"","footer-sml-layout":"","ast-disable-related-posts":"","theme-transparent-header-meta":"","adv-header-id-meta":"","stick-header-meta":"","header-above-stick-meta":"","header-main-stick-meta":"","header-below-stick-meta":"","astra-migrate-meta-layouts":"default","ast-page-background-enabled":"default","ast-page-background-meta":{"desktop":{"background-color":"var(--ast-global-color-4)","background-image":"","background-repeat":"repeat","background-position":"center center","background-size":"auto","background-attachment":"scroll","background-type":"","background-media":"","overlay-type":"","overlay-color":"","overlay-opacity":"","overlay-gradient":""},"tablet":{"background-color":"","background-image":"","background-repeat":"repeat","background-position":"center center","background-size":"auto","background-attachment":"scroll","background-type":"","background-media":"","overlay-type":"","overlay-color":"","overlay-opacity":"","overlay-gradient":""},"mobile":{"background-color":"","background-image":"","background-repeat":"repeat","background-position":"center center","background-size":"auto","background-attachment":"scroll","background-type":"","background-media":"","overlay-type":"","overlay-color":"","overlay-opacity":"","overlay-gradient":""}},"ast-content-background-meta":{"desktop":{"background-color":"var(--ast-global-color-5)","background-image":"","background-repeat":"repeat","background-position":"center center","background-size":"auto","background-attachment":"scroll","background-type":"","background-media":"","overlay-type":"","overlay-color":"","overlay-opacity":"","overlay-gradient":""},"tablet":{"background-color":"var(--ast-global-color-5)","background-image":"","background-repeat":"repeat","background-position":"center center","background-size":"auto","background-attachment":"scroll","background-type":"","background-media":"","overlay-type":"","overlay-color":"","overlay-opacity":"","overlay-gradient":""},"mobile":{"background-color":"var(--ast-global-color-5)","background-image":"","background-repeat":"repeat","background-position":"center center","background-size":"auto","background-attachment":"scroll","background-type":"","background-media":"","overlay-type":"","overlay-color":"","overlay-opacity":"","overlay-gradient":""}}},"product_brand":[],"product_cat":[8],"product_tag":[82,93,83,99,1802,88,87,1807,91,95,72,70,94],"class_list":{"0":"post-48486","1":"product","2":"type-product","3":"status-publish","4":"has-post-thumbnail","6":"product_cat-lucky","7":"product_tag-coil-tattoo-machines","8":"product_tag-custom-tattoo-guns","9":"product_tag-custom-tattoo-machines","10":"product_tag-handmade-tattoo-machines","11":"product_tag-maquinas-de-tatuaje-de-bobina","12":"product_tag-professional-tattoo-kit","13":"product_tag-professional-tattoo-machines","14":"product_tag-tattoo-beginner-box","15":"product_tag-tattoo-equipment","16":"product_tag-tattoo-guns","17":"product_tag-tattoo-machine-coils","18":"product_tag-tattoo-kits","19":"product_tag-tattoo-sets","20":"pa_brand-rightstuff","21":"desktop-align-center","22":"tablet-align-left","23":"mobile-align-left","24":"ast-product-gallery-layout-horizontal-slider","25":"ast-product-gallery-with-no-image","26":"ast-product-tabs-layout-horizontal","28":"first","29":"instock","30":"taxable","31":"shipping-taxable","32":"purchasable","33":"product-type-simple"},"_links":{"self":[{"href":"https:\/\/rightstuff.eu\/fr\/wp-json\/wp\/v2\/product\/48486","targetHints":{"allow":["GET"]}}],"collection":[{"href":"https:\/\/rightstuff.eu\/fr\/wp-json\/wp\/v2\/product"}],"about":[{"href":"https:\/\/rightstuff.eu\/fr\/wp-json\/wp\/v2\/types\/product"}],"replies":[{"embeddable":true,"href":"https:\/\/rightstuff.eu\/fr\/wp-json\/wp\/v2\/comments?post=48486"}],"version-history":[{"count":0,"href":"https:\/\/rightstuff.eu\/fr\/wp-json\/wp\/v2\/product\/48486\/revisions"}],"wp:featuredmedia":[{"embeddable":true,"href":"https:\/\/rightstuff.eu\/fr\/wp-json\/wp\/v2\/media\/48491"}],"wp:attachment":[{"href":"https:\/\/rightstuff.eu\/fr\/wp-json\/wp\/v2\/media?parent=48486"}],"wp:term":[{"taxonomy":"product_brand","embeddable":true,"href":"https:\/\/rightstuff.eu\/fr\/wp-json\/wp\/v2\/product_brand?post=48486"},{"taxonomy":"product_cat","embeddable":true,"href":"https:\/\/rightstuff.eu\/fr\/wp-json\/wp\/v2\/product_cat?post=48486"},{"taxonomy":"product_tag","embeddable":true,"href":"https:\/\/rightstuff.eu\/fr\/wp-json\/wp\/v2\/product_tag?post=48486"}],"curies":[{"name":"wp","href":"https:\/\/api.w.org\/{rel}","templated":true}]}}