{"id":31810,"date":"2019-04-04T17:35:04","date_gmt":"2019-04-04T14:35:04","guid":{"rendered":"https:\/\/rightstuff.eu\/?post_type=product&#038;p=31810"},"modified":"2025-01-22T01:32:24","modified_gmt":"2025-01-22T00:32:24","slug":"minidozzer-fastliner-alu-blk-ylw","status":"publish","type":"product","link":"https:\/\/rightstuff.eu\/fr\/produit\/minidozzer-fastliner-alu-blk-ylw\/","title":{"rendered":"miniDOZZER FastLiner ALU BLK\/YLW"},"content":{"rendered":"<p>&nbsp;<\/p>\n<p>Les professionnels qui travaillent dans les salons de tatouage populaires rencontrent souvent de nombreux clients par jour, travaillant pendant 8 \u00e0 10 heures. Pour cr\u00e9er des images de la peau, ils utilisent des \u00e9quipements sp\u00e9ciaux - des appareils pour les lignes et les ombres. Par cons\u00e9quent, en raison des vibrations provenant de ces machines, ils ressentent une certaine fatigue et une tension dans les mains. En travaillant avec la machine \u00e0 tatouer miniDOZZER FastLiner ALU, tu n'auras jamais ces sensations d\u00e9sagr\u00e9ables et m\u00eame douloureuses. Le mat\u00e9riau du cadre de l'appareil est de l'aluminium a\u00e9ronautique 7075, c'est pourquoi le poids de l'appareil n'est que de 145 grammes. Compar\u00e9 aux liners fabriqu\u00e9s aux m\u00eames fins (cr\u00e9er des lignes r\u00e9guli\u00e8res sur la peau d'un client), cet article est tr\u00e8s l\u00e9ger et pratique. M\u00eame en travaillant avec lui pendant 8 heures, tu ne ressentiras aucune sensation g\u00eanante.<\/p>\n<p>L'article fonctionne avec des aiguilles de 3 \u00e0 9 Rl. Faisant des traits moyens, il fonctionne tr\u00e8s rapidement \u00e0 une fr\u00e9quence de 160 Hz et une tension de 6, 6 V. Ce liner compact 26 millim\u00e8tres 8 wraps coils est l'outil parfait pour les professionnels. Cependant, les d\u00e9butants apprendront facilement tous les d\u00e9tails du travail avec ce mat\u00e9riel.<\/p>","protected":false},"excerpt":{"rendered":"<p>Le cadre est usin\u00e9 \u00e0 partir d'une seule pi\u00e8ce d'aluminium a\u00e9ronautique 7075.<br \/>\nBobines de haute qualit\u00e9 - 26 mm * 8 enveloppes<br \/>\nQuincaillerie en acier bleui<br \/>\nAiguilles pr\u00e9f\u00e9r\u00e9es 3-9RL<br \/>\nCourse moyenne<br \/>\nFonctionne \u00e0 160hz \u00e0 6,6 volts - non charg\u00e9<\/p>\n<p>La machine \u00e0 tatouer p\u00e8se 145 grammes.<\/p>","protected":false},"featured_media":57015,"comment_status":"open","ping_status":"closed","template":"","meta":{"site-sidebar-layout":"default","site-content-layout":"","ast-site-content-layout":"default","site-content-style":"default","site-sidebar-style":"default","ast-global-header-display":"","ast-banner-title-visibility":"","ast-main-header-display":"","ast-hfb-above-header-display":"","ast-hfb-below-header-display":"","ast-hfb-mobile-header-display":"","site-post-title":"","ast-breadcrumbs-content":"","ast-featured-img":"","footer-sml-layout":"","ast-disable-related-posts":"","theme-transparent-header-meta":"default","adv-header-id-meta":"","stick-header-meta":"default","header-above-stick-meta":"","header-main-stick-meta":"","header-below-stick-meta":"","astra-migrate-meta-layouts":"set","ast-page-background-enabled":"default","ast-page-background-meta":{"desktop":{"background-color":"var(--ast-global-color-4)","background-image":"","background-repeat":"repeat","background-position":"center center","background-size":"auto","background-attachment":"scroll","background-type":"","background-media":"","overlay-type":"","overlay-color":"","overlay-opacity":"","overlay-gradient":""},"tablet":{"background-color":"","background-image":"","background-repeat":"repeat","background-position":"center center","background-size":"auto","background-attachment":"scroll","background-type":"","background-media":"","overlay-type":"","overlay-color":"","overlay-opacity":"","overlay-gradient":""},"mobile":{"background-color":"","background-image":"","background-repeat":"repeat","background-position":"center center","background-size":"auto","background-attachment":"scroll","background-type":"","background-media":"","overlay-type":"","overlay-color":"","overlay-opacity":"","overlay-gradient":""}},"ast-content-background-meta":{"desktop":{"background-color":"var(--ast-global-color-5)","background-image":"","background-repeat":"repeat","background-position":"center center","background-size":"auto","background-attachment":"scroll","background-type":"","background-media":"","overlay-type":"","overlay-color":"","overlay-opacity":"","overlay-gradient":""},"tablet":{"background-color":"var(--ast-global-color-5)","background-image":"","background-repeat":"repeat","background-position":"center center","background-size":"auto","background-attachment":"scroll","background-type":"","background-media":"","overlay-type":"","overlay-color":"","overlay-opacity":"","overlay-gradient":""},"mobile":{"background-color":"var(--ast-global-color-5)","background-image":"","background-repeat":"repeat","background-position":"center center","background-size":"auto","background-attachment":"scroll","background-type":"","background-media":"","overlay-type":"","overlay-color":"","overlay-opacity":"","overlay-gradient":""}}},"product_brand":[],"product_cat":[32],"product_tag":[82,93,83,99,1801,87,91,95,72],"class_list":{"0":"post-31810","1":"product","2":"type-product","3":"status-publish","4":"has-post-thumbnail","6":"product_cat-dozzer","7":"product_tag-coil-tattoo-machines","8":"product_tag-custom-tattoo-guns","9":"product_tag-custom-tattoo-machines","10":"product_tag-handmade-tattoo-machines","11":"product_tag-machines-a-tatouer-les-bobines","12":"product_tag-professional-tattoo-machines","13":"product_tag-tattoo-equipment","14":"product_tag-tattoo-guns","15":"product_tag-tattoo-machine-coils","16":"pa_brand-rightstuff","17":"desktop-align-center","18":"tablet-align-left","19":"mobile-align-left","20":"ast-product-gallery-layout-horizontal-slider","21":"ast-product-tabs-layout-horizontal","23":"first","24":"instock","25":"taxable","26":"shipping-taxable","27":"purchasable","28":"product-type-simple"},"_links":{"self":[{"href":"https:\/\/rightstuff.eu\/fr\/wp-json\/wp\/v2\/product\/31810","targetHints":{"allow":["GET"]}}],"collection":[{"href":"https:\/\/rightstuff.eu\/fr\/wp-json\/wp\/v2\/product"}],"about":[{"href":"https:\/\/rightstuff.eu\/fr\/wp-json\/wp\/v2\/types\/product"}],"replies":[{"embeddable":true,"href":"https:\/\/rightstuff.eu\/fr\/wp-json\/wp\/v2\/comments?post=31810"}],"version-history":[{"count":0,"href":"https:\/\/rightstuff.eu\/fr\/wp-json\/wp\/v2\/product\/31810\/revisions"}],"wp:featuredmedia":[{"embeddable":true,"href":"https:\/\/rightstuff.eu\/fr\/wp-json\/wp\/v2\/media\/57015"}],"wp:attachment":[{"href":"https:\/\/rightstuff.eu\/fr\/wp-json\/wp\/v2\/media?parent=31810"}],"wp:term":[{"taxonomy":"product_brand","embeddable":true,"href":"https:\/\/rightstuff.eu\/fr\/wp-json\/wp\/v2\/product_brand?post=31810"},{"taxonomy":"product_cat","embeddable":true,"href":"https:\/\/rightstuff.eu\/fr\/wp-json\/wp\/v2\/product_cat?post=31810"},{"taxonomy":"product_tag","embeddable":true,"href":"https:\/\/rightstuff.eu\/fr\/wp-json\/wp\/v2\/product_tag?post=31810"}],"curies":[{"name":"wp","href":"https:\/\/api.w.org\/{rel}","templated":true}]}}