{"id":31237,"date":"2018-06-07T17:58:27","date_gmt":"2018-06-07T15:58:27","guid":{"rendered":"https:\/\/rightstuff.eu\/?post_type=product&#038;p=31237"},"modified":"2026-03-12T13:54:21","modified_gmt":"2026-03-12T12:54:21","slug":"cartridge-click-grip-32-mm","status":"publish","type":"product","link":"https:\/\/rightstuff.eu\/fr\/produit\/cartridge-click-grip-32-mm\/","title":{"rendered":"Cartouche Click Grip 32 mm"},"content":{"rendered":"<p>La poign\u00e9e r\u00e9glable pour cartouches de tatouage RightStuff est faite d'acier et d'aluminium pour un aspect et une sensation professionnels. La poign\u00e9e est r\u00e9glable pour s'adapter \u00e0 diff\u00e9rentes profondeurs d'aiguille de cartouche, et son diam\u00e8tre est de -32 mm. Le poids de la poign\u00e9e est de 100 grammes, ce qui la rend robuste et durable. La fonction autoclavable garantit que la poign\u00e9e peut \u00eatre st\u00e9rilis\u00e9e jusqu'\u00e0 t-138 celsium, et la barre d'entra\u00eenement de 90 mm est incluse pour faciliter l'installation.<\/p>","protected":false},"excerpt":{"rendered":"<p>RightStuff Cartridge Click Grip.<br \/>\nFabriqu\u00e9 en acier et en aluminium.<br \/>\nProfondeur r\u00e9glable de l'aiguille de la cartouche.<br \/>\nDiam\u00e8tre -32 mm<br \/>\nPoids - 100 grammes<\/p>\n<p>Autoclavable jusqu'\u00e0 t-138 Celsium<\/p>\n<p>Barre d'entra\u00eenement de 90 mm incluse<\/p>","protected":false},"featured_media":31238,"comment_status":"open","ping_status":"closed","template":"","meta":{"site-sidebar-layout":"default","site-content-layout":"default","ast-site-content-layout":"default","site-content-style":"default","site-sidebar-style":"default","ast-global-header-display":"","ast-banner-title-visibility":"","ast-main-header-display":"","ast-hfb-above-header-display":"","ast-hfb-below-header-display":"","ast-hfb-mobile-header-display":"","site-post-title":"","ast-breadcrumbs-content":"","ast-featured-img":"","footer-sml-layout":"","ast-disable-related-posts":"","theme-transparent-header-meta":"default","adv-header-id-meta":"","stick-header-meta":"default","header-above-stick-meta":"","header-main-stick-meta":"","header-below-stick-meta":"","astra-migrate-meta-layouts":"set","ast-page-background-enabled":"default","ast-page-background-meta":{"desktop":{"background-color":"var(--ast-global-color-4)","background-image":"","background-repeat":"repeat","background-position":"center center","background-size":"auto","background-attachment":"scroll","background-type":"","background-media":"","overlay-type":"","overlay-color":"","overlay-opacity":"","overlay-gradient":""},"tablet":{"background-color":"","background-image":"","background-repeat":"repeat","background-position":"center center","background-size":"auto","background-attachment":"scroll","background-type":"","background-media":"","overlay-type":"","overlay-color":"","overlay-opacity":"","overlay-gradient":""},"mobile":{"background-color":"","background-image":"","background-repeat":"repeat","background-position":"center center","background-size":"auto","background-attachment":"scroll","background-type":"","background-media":"","overlay-type":"","overlay-color":"","overlay-opacity":"","overlay-gradient":""}},"ast-content-background-meta":{"desktop":{"background-color":"var(--ast-global-color-5)","background-image":"","background-repeat":"repeat","background-position":"center center","background-size":"auto","background-attachment":"scroll","background-type":"","background-media":"","overlay-type":"","overlay-color":"","overlay-opacity":"","overlay-gradient":""},"tablet":{"background-color":"var(--ast-global-color-5)","background-image":"","background-repeat":"repeat","background-position":"center center","background-size":"auto","background-attachment":"scroll","background-type":"","background-media":"","overlay-type":"","overlay-color":"","overlay-opacity":"","overlay-gradient":""},"mobile":{"background-color":"var(--ast-global-color-5)","background-image":"","background-repeat":"repeat","background-position":"center center","background-size":"auto","background-attachment":"scroll","background-type":"","background-media":"","overlay-type":"","overlay-color":"","overlay-opacity":"","overlay-gradient":""}}},"product_brand":[],"product_cat":[106,2011],"product_tag":[109,107,110,108],"class_list":{"0":"post-31237","1":"product","2":"type-product","3":"status-publish","4":"has-post-thumbnail","6":"product_cat-cartridge-grips","7":"product_cat-cartridge-grips-cartridges","8":"product_tag-cartridge-grip","9":"product_tag-grip","10":"product_tag-tattoo-cartridge-grip","11":"product_tag-tattoo-grip","12":"pa_brand-rightstuff","13":"desktop-align-center","14":"tablet-align-left","15":"mobile-align-left","16":"ast-product-gallery-layout-horizontal-slider","17":"ast-product-gallery-with-no-image","18":"ast-product-tabs-layout-horizontal","20":"first","21":"instock","22":"taxable","23":"shipping-taxable","24":"purchasable","25":"product-type-simple"},"_links":{"self":[{"href":"https:\/\/rightstuff.eu\/fr\/wp-json\/wp\/v2\/product\/31237","targetHints":{"allow":["GET"]}}],"collection":[{"href":"https:\/\/rightstuff.eu\/fr\/wp-json\/wp\/v2\/product"}],"about":[{"href":"https:\/\/rightstuff.eu\/fr\/wp-json\/wp\/v2\/types\/product"}],"replies":[{"embeddable":true,"href":"https:\/\/rightstuff.eu\/fr\/wp-json\/wp\/v2\/comments?post=31237"}],"version-history":[{"count":0,"href":"https:\/\/rightstuff.eu\/fr\/wp-json\/wp\/v2\/product\/31237\/revisions"}],"wp:featuredmedia":[{"embeddable":true,"href":"https:\/\/rightstuff.eu\/fr\/wp-json\/wp\/v2\/media\/31238"}],"wp:attachment":[{"href":"https:\/\/rightstuff.eu\/fr\/wp-json\/wp\/v2\/media?parent=31237"}],"wp:term":[{"taxonomy":"product_brand","embeddable":true,"href":"https:\/\/rightstuff.eu\/fr\/wp-json\/wp\/v2\/product_brand?post=31237"},{"taxonomy":"product_cat","embeddable":true,"href":"https:\/\/rightstuff.eu\/fr\/wp-json\/wp\/v2\/product_cat?post=31237"},{"taxonomy":"product_tag","embeddable":true,"href":"https:\/\/rightstuff.eu\/fr\/wp-json\/wp\/v2\/product_tag?post=31237"}],"curies":[{"name":"wp","href":"https:\/\/api.w.org\/{rel}","templated":true}]}}