{"id":31234,"date":"2018-06-07T17:57:25","date_gmt":"2018-06-07T14:57:25","guid":{"rendered":"https:\/\/rightstuff.eu\/?post_type=product&#038;p=31234"},"modified":"2026-03-20T15:29:27","modified_gmt":"2026-03-20T14:29:27","slug":"cartridge-click-grip-25-mm","status":"publish","type":"product","link":"https:\/\/rightstuff.eu\/fr\/produit\/cartridge-click-grip-25-mm\/","title":{"rendered":"Cartouche Click Grip 25 mm"},"content":{"rendered":"<p>La poign\u00e9e de cartouche r\u00e9glable RightStuff est une poign\u00e9e de tatouage de haute qualit\u00e9, con\u00e7ue avec pr\u00e9cision et fabriqu\u00e9e \u00e0 partir d'acier et d'aluminium. Elle offre une profondeur d'aiguille r\u00e9glable de 1 mm \u00e0 5 mm, ce qui te permet de personnaliser ta prise pour un maximum de contr\u00f4le et de pr\u00e9cision. Ce grip est con\u00e7u pour s'adapter \u00e0 toutes les cartouches standard et est autoclavable jusqu'\u00e0 138\u00b0 Celsius. Pesant 64 grammes et mesurant 25 mm de diam\u00e8tre, cette poign\u00e9e offre une sensation de s\u00e9curit\u00e9 et de confort qui t'aidera \u00e0 atteindre le plus haut niveau de d\u00e9tail dans ton travail.<\/p>","protected":false},"excerpt":{"rendered":"<p>Poign\u00e9e de cartouche r\u00e9glable.<br \/>\nFabriqu\u00e9 en acier et en aluminium.<br \/>\nProfondeur r\u00e9glable de l'aiguille de la cartouche.<br \/>\nDiam\u00e8tre -25 mm<br \/>\nPoids - 64 grammes<\/p>\n<p>Autoclavable jusqu'\u00e0 t-138 Celsium<\/p>\n<p>Barre d'entra\u00eenement de 90 mm incluse<\/p>","protected":false},"featured_media":31235,"comment_status":"open","ping_status":"closed","template":"","meta":{"site-sidebar-layout":"default","site-content-layout":"","ast-site-content-layout":"default","site-content-style":"default","site-sidebar-style":"default","ast-global-header-display":"","ast-banner-title-visibility":"","ast-main-header-display":"","ast-hfb-above-header-display":"","ast-hfb-below-header-display":"","ast-hfb-mobile-header-display":"","site-post-title":"","ast-breadcrumbs-content":"","ast-featured-img":"","footer-sml-layout":"","ast-disable-related-posts":"","theme-transparent-header-meta":"default","adv-header-id-meta":"","stick-header-meta":"default","header-above-stick-meta":"","header-main-stick-meta":"","header-below-stick-meta":"","astra-migrate-meta-layouts":"set","ast-page-background-enabled":"default","ast-page-background-meta":{"desktop":{"background-color":"var(--ast-global-color-4)","background-image":"","background-repeat":"repeat","background-position":"center center","background-size":"auto","background-attachment":"scroll","background-type":"","background-media":"","overlay-type":"","overlay-color":"","overlay-opacity":"","overlay-gradient":""},"tablet":{"background-color":"","background-image":"","background-repeat":"repeat","background-position":"center center","background-size":"auto","background-attachment":"scroll","background-type":"","background-media":"","overlay-type":"","overlay-color":"","overlay-opacity":"","overlay-gradient":""},"mobile":{"background-color":"","background-image":"","background-repeat":"repeat","background-position":"center center","background-size":"auto","background-attachment":"scroll","background-type":"","background-media":"","overlay-type":"","overlay-color":"","overlay-opacity":"","overlay-gradient":""}},"ast-content-background-meta":{"desktop":{"background-color":"var(--ast-global-color-5)","background-image":"","background-repeat":"repeat","background-position":"center center","background-size":"auto","background-attachment":"scroll","background-type":"","background-media":"","overlay-type":"","overlay-color":"","overlay-opacity":"","overlay-gradient":""},"tablet":{"background-color":"var(--ast-global-color-5)","background-image":"","background-repeat":"repeat","background-position":"center center","background-size":"auto","background-attachment":"scroll","background-type":"","background-media":"","overlay-type":"","overlay-color":"","overlay-opacity":"","overlay-gradient":""},"mobile":{"background-color":"var(--ast-global-color-5)","background-image":"","background-repeat":"repeat","background-position":"center center","background-size":"auto","background-attachment":"scroll","background-type":"","background-media":"","overlay-type":"","overlay-color":"","overlay-opacity":"","overlay-gradient":""}}},"product_brand":[],"product_cat":[106,2011],"product_tag":[1804,109,107,110,108],"class_list":{"0":"post-31234","1":"product","2":"type-product","3":"status-publish","4":"has-post-thumbnail","6":"product_cat-cartridge-grips","7":"product_cat-cartridge-grips-cartridges","8":"product_tag-beginner-tattoo-kits","9":"product_tag-cartridge-grip","10":"product_tag-grip","11":"product_tag-tattoo-cartridge-grip","12":"product_tag-tattoo-grip","13":"pa_brand-rightstuff","14":"desktop-align-center","15":"tablet-align-left","16":"mobile-align-left","17":"ast-product-gallery-layout-horizontal-slider","18":"ast-product-gallery-with-no-image","19":"ast-product-tabs-layout-horizontal","21":"first","22":"instock","23":"taxable","24":"shipping-taxable","25":"purchasable","26":"product-type-simple"},"_links":{"self":[{"href":"https:\/\/rightstuff.eu\/fr\/wp-json\/wp\/v2\/product\/31234","targetHints":{"allow":["GET"]}}],"collection":[{"href":"https:\/\/rightstuff.eu\/fr\/wp-json\/wp\/v2\/product"}],"about":[{"href":"https:\/\/rightstuff.eu\/fr\/wp-json\/wp\/v2\/types\/product"}],"replies":[{"embeddable":true,"href":"https:\/\/rightstuff.eu\/fr\/wp-json\/wp\/v2\/comments?post=31234"}],"version-history":[{"count":0,"href":"https:\/\/rightstuff.eu\/fr\/wp-json\/wp\/v2\/product\/31234\/revisions"}],"wp:featuredmedia":[{"embeddable":true,"href":"https:\/\/rightstuff.eu\/fr\/wp-json\/wp\/v2\/media\/31235"}],"wp:attachment":[{"href":"https:\/\/rightstuff.eu\/fr\/wp-json\/wp\/v2\/media?parent=31234"}],"wp:term":[{"taxonomy":"product_brand","embeddable":true,"href":"https:\/\/rightstuff.eu\/fr\/wp-json\/wp\/v2\/product_brand?post=31234"},{"taxonomy":"product_cat","embeddable":true,"href":"https:\/\/rightstuff.eu\/fr\/wp-json\/wp\/v2\/product_cat?post=31234"},{"taxonomy":"product_tag","embeddable":true,"href":"https:\/\/rightstuff.eu\/fr\/wp-json\/wp\/v2\/product_tag?post=31234"}],"curies":[{"name":"wp","href":"https:\/\/api.w.org\/{rel}","templated":true}]}}