{"id":31228,"date":"2018-06-05T22:31:45","date_gmt":"2018-06-05T19:31:45","guid":{"rendered":"https:\/\/rightstuff.eu\/?post_type=product&#038;p=31228"},"modified":"2026-01-27T18:01:20","modified_gmt":"2026-01-27T17:01:20","slug":"keg-slide-rotary-tattoo-machine-gold","status":"publish","type":"product","link":"https:\/\/rightstuff.eu\/fr\/produit\/keg-slide-rotary-tattoo-machine-gold\/","title":{"rendered":"KEG - Machine \u00e0 tatouer (Or)"},"content":{"rendered":"<p>La machine \u00e0 tatouer \u00e0 glissi\u00e8re KEG est un outil de haute qualit\u00e9, de niveau professionnel, parfait pour tout artiste tatoueur. Elle est fabriqu\u00e9e \u00e0 partir d'un alliage d'aluminium l\u00e9ger et durable et pr\u00e9sente une finition dor\u00e9e pour un look \u00e9l\u00e9gant. La machine est con\u00e7ue pour offrir des performances r\u00e9guli\u00e8res et homog\u00e8nes, avec un minimum de vibrations et de bruit. Elle est dot\u00e9e d'un moteur puissant capable de g\u00e9rer une grande vari\u00e9t\u00e9 de configurations d'aiguilles et de produire un large \u00e9ventail de poids de lignes. La machine est \u00e9galement dot\u00e9e d'un m\u00e9canisme de glissi\u00e8re unique qui permet un contr\u00f4le pr\u00e9cis de la profondeur et de la vitesse de l'aiguille. La conception ergonomique de la machine assure une prise en main confortable et une maniabilit\u00e9 ais\u00e9e. Cette machine \u00e0 tatouer \u00e0 glissi\u00e8re KEG est un choix id\u00e9al pour tout artiste \u00e0 la recherche d'un outil fiable et performant.<\/p>","protected":false},"excerpt":{"rendered":"<h4>Machine \u00e0 tatouer \u00e0 glissi\u00e8re<\/h4>\n<p>Course de 4,2 mm<br \/>\n8000 RPM<br \/>\nTension pr\u00e9f\u00e9r\u00e9e 6-13 volts<\/p>\n<p>Recommand\u00e9 <a href=\"https:\/\/rightstuff.eu\/needles\/m1\/9m1\/\">Aiguilles<\/a>: Jusqu'\u00e0 9 Liner, jusqu'\u00e0 23 Mag<br \/>\nCorps en aluminium<br \/>\nPoids 120 gr.<br \/>\nCordon \u00e0 pince et RCA<\/p>\n<p>&nbsp;<\/p>\n<p>La machine \u00e0 tatouer rotative KEG Slide est l'outil id\u00e9al pour les tatoueurs exp\u00e9riment\u00e9s et d\u00e9butants. Gr\u00e2ce \u00e0 sa vitesse de rotation \u00e9lev\u00e9e et \u00e0 sa tension r\u00e9glable, elle permet d'obtenir des lignes et des courbes douces et pr\u00e9cises, ce qui permet de cr\u00e9er n'importe quel style de tatouage. En outre, sa conception l\u00e9g\u00e8re et compacte la rend facile \u00e0 manipuler et \u00e0 transporter, ce qui est parfait pour les artistes en d\u00e9placement.<\/p>\n<p>&nbsp;<\/p>\n<p>&nbsp;<\/p>","protected":false},"featured_media":56900,"comment_status":"open","ping_status":"closed","template":"","meta":{"site-sidebar-layout":"default","site-content-layout":"","ast-site-content-layout":"default","site-content-style":"default","site-sidebar-style":"default","ast-global-header-display":"","ast-banner-title-visibility":"","ast-main-header-display":"","ast-hfb-above-header-display":"","ast-hfb-below-header-display":"","ast-hfb-mobile-header-display":"","site-post-title":"","ast-breadcrumbs-content":"","ast-featured-img":"","footer-sml-layout":"","ast-disable-related-posts":"","theme-transparent-header-meta":"default","adv-header-id-meta":"","stick-header-meta":"default","header-above-stick-meta":"","header-main-stick-meta":"","header-below-stick-meta":"","astra-migrate-meta-layouts":"set","ast-page-background-enabled":"default","ast-page-background-meta":{"desktop":{"background-color":"var(--ast-global-color-4)","background-image":"","background-repeat":"repeat","background-position":"center center","background-size":"auto","background-attachment":"scroll","background-type":"","background-media":"","overlay-type":"","overlay-color":"","overlay-opacity":"","overlay-gradient":""},"tablet":{"background-color":"","background-image":"","background-repeat":"repeat","background-position":"center center","background-size":"auto","background-attachment":"scroll","background-type":"","background-media":"","overlay-type":"","overlay-color":"","overlay-opacity":"","overlay-gradient":""},"mobile":{"background-color":"","background-image":"","background-repeat":"repeat","background-position":"center center","background-size":"auto","background-attachment":"scroll","background-type":"","background-media":"","overlay-type":"","overlay-color":"","overlay-opacity":"","overlay-gradient":""}},"ast-content-background-meta":{"desktop":{"background-color":"var(--ast-global-color-5)","background-image":"","background-repeat":"repeat","background-position":"center center","background-size":"auto","background-attachment":"scroll","background-type":"","background-media":"","overlay-type":"","overlay-color":"","overlay-opacity":"","overlay-gradient":""},"tablet":{"background-color":"var(--ast-global-color-5)","background-image":"","background-repeat":"repeat","background-position":"center center","background-size":"auto","background-attachment":"scroll","background-type":"","background-media":"","overlay-type":"","overlay-color":"","overlay-opacity":"","overlay-gradient":""},"mobile":{"background-color":"var(--ast-global-color-5)","background-image":"","background-repeat":"repeat","background-position":"center center","background-size":"auto","background-attachment":"scroll","background-type":"","background-media":"","overlay-type":"","overlay-color":"","overlay-opacity":"","overlay-gradient":""}}},"product_brand":[],"product_cat":[1996],"product_tag":[101,93,83,100,99,1798,87,98,48,1806,97,1792,1797,1807,91,95,72,41],"class_list":{"0":"post-31228","1":"product","2":"type-product","3":"status-publish","4":"has-post-thumbnail","6":"product_cat-slide","7":"product_tag-custom-rotary-machines","8":"product_tag-custom-tattoo-guns","9":"product_tag-custom-tattoo-machines","10":"product_tag-handmade-rotary-tattoo-machines","11":"product_tag-handmade-tattoo-machines","12":"product_tag-maquinas-rotativas-de-tatuaje","13":"product_tag-professional-tattoo-machines","14":"product_tag-rotary-tattoo-guns","15":"product_tag-rotary-tattoo-machine","16":"product_tag-rotary-tattoo-machines","17":"product_tag-rotary-tattoo-pen","18":"product_tag-rotary-tattoomaschinen","19":"product_tag-rotative-machines-a-tatouer","20":"product_tag-tattoo-beginner-box","21":"product_tag-tattoo-equipment","22":"product_tag-tattoo-guns","23":"product_tag-tattoo-machine-coils","24":"product_tag-tattoo-machines","25":"pa_brand-rightstuff","26":"desktop-align-center","27":"tablet-align-left","28":"mobile-align-left","29":"ast-product-gallery-layout-horizontal-slider","30":"ast-product-tabs-layout-horizontal","32":"first","33":"outofstock","34":"sale","35":"taxable","36":"shipping-taxable","37":"purchasable","38":"product-type-simple"},"_links":{"self":[{"href":"https:\/\/rightstuff.eu\/fr\/wp-json\/wp\/v2\/product\/31228","targetHints":{"allow":["GET"]}}],"collection":[{"href":"https:\/\/rightstuff.eu\/fr\/wp-json\/wp\/v2\/product"}],"about":[{"href":"https:\/\/rightstuff.eu\/fr\/wp-json\/wp\/v2\/types\/product"}],"replies":[{"embeddable":true,"href":"https:\/\/rightstuff.eu\/fr\/wp-json\/wp\/v2\/comments?post=31228"}],"version-history":[{"count":0,"href":"https:\/\/rightstuff.eu\/fr\/wp-json\/wp\/v2\/product\/31228\/revisions"}],"wp:featuredmedia":[{"embeddable":true,"href":"https:\/\/rightstuff.eu\/fr\/wp-json\/wp\/v2\/media\/56900"}],"wp:attachment":[{"href":"https:\/\/rightstuff.eu\/fr\/wp-json\/wp\/v2\/media?parent=31228"}],"wp:term":[{"taxonomy":"product_brand","embeddable":true,"href":"https:\/\/rightstuff.eu\/fr\/wp-json\/wp\/v2\/product_brand?post=31228"},{"taxonomy":"product_cat","embeddable":true,"href":"https:\/\/rightstuff.eu\/fr\/wp-json\/wp\/v2\/product_cat?post=31228"},{"taxonomy":"product_tag","embeddable":true,"href":"https:\/\/rightstuff.eu\/fr\/wp-json\/wp\/v2\/product_tag?post=31228"}],"curies":[{"name":"wp","href":"https:\/\/api.w.org\/{rel}","templated":true}]}}