{"id":31013,"date":"2018-03-22T20:07:44","date_gmt":"2018-03-22T19:07:44","guid":{"rendered":"https:\/\/rightstuff.eu\/?post_type=product&#038;p=31013"},"modified":"2025-01-22T01:32:28","modified_gmt":"2025-01-22T00:32:28","slug":"minidozzer-trueliner-alu-blck-blue","status":"publish","type":"product","link":"https:\/\/rightstuff.eu\/fr\/produit\/minidozzer-trueliner-alu-blck-blue\/","title":{"rendered":"miniDOZZER TrueLiner ALU BLCK\/BLUE"},"content":{"rendered":"<p>Les artistes exp\u00e9riment\u00e9s, qui travaillent dans le domaine du tatouage depuis de nombreuses ann\u00e9es, appr\u00e9cieront cette machine \u00e0 tatouer l\u00e9g\u00e8re (150 g) en aluminium miniDOZZER TrueLiner ALU. Cet appareil contemporain est vraiment une solution sans compromis pour un professionnel. L'appareil cr\u00e9era uniform\u00e9ment n'importe quelle ligne en un seul passage, mais il n\u00e9cessite des mains exp\u00e9riment\u00e9es et disciplin\u00e9es.<\/p>\n<p>Elle ne conna\u00eet pas les probl\u00e8mes li\u00e9s au travail avec des aiguilles 7 -14 Rl. La machine \u00e0 longue course pour cr\u00e9er des peintures sur la peau est cr\u00e9\u00e9e pour travailler avec des peaux fines et d\u00e9licates le plus souvent. Lorsqu'une jeune femme demande \u00e0 un ma\u00eetre de lui faire un certain tatouage, et que l'image comporte de nombreux d\u00e9tails et lignes, l'artiste utilisera certainement cet outil. Ce liner est pr\u00e9sent\u00e9 dans un cadre robuste mais l\u00e9ger. Ses bobines de 26 mm de la meilleure qualit\u00e9 ont neuf enroulements.<\/p>\n<p>En commandant cette machine \u00e0 tatouer en aluminium True Liner chez Right Stuff, tu obtiens l'appareil r\u00e9gl\u00e9 et pr\u00eat \u00e0 l'emploi. Cependant, comme toute autre machine \u00e0 tatouer, l'outil peut n\u00e9cessiter un r\u00e9glage plus fin. L'appareil fonctionne \u00e0 une fr\u00e9quence de 140Hz et \u00e0 une tension de 6, 6 V lorsqu'il est d\u00e9charg\u00e9.<\/p>","protected":false},"excerpt":{"rendered":"<p>Machine \u00e0 tatouer \u00e0 bobines<\/p>\n<p>Le cadre est usin\u00e9 \u00e0 partir d'une seule pi\u00e8ce d'aluminium a\u00e9ronautique 7075.<br \/>\nBobines de haute qualit\u00e9 - 26 mm * 9 spires<br \/>\nQuincaillerie en acier<br \/>\nAiguilles pr\u00e9f\u00e9r\u00e9es 7-14rl<br \/>\nCourse longue<br \/>\nFonctionne \u00e0 140hz \u00e0 6,6 volts - non charg\u00e9<\/p>\n<p>Poids de la machine \u00e0 tatouer 150gr.<\/p>","protected":false},"featured_media":57021,"comment_status":"open","ping_status":"closed","template":"","meta":{"site-sidebar-layout":"default","site-content-layout":"","ast-site-content-layout":"default","site-content-style":"default","site-sidebar-style":"default","ast-global-header-display":"","ast-banner-title-visibility":"","ast-main-header-display":"","ast-hfb-above-header-display":"","ast-hfb-below-header-display":"","ast-hfb-mobile-header-display":"","site-post-title":"","ast-breadcrumbs-content":"","ast-featured-img":"","footer-sml-layout":"","ast-disable-related-posts":"","theme-transparent-header-meta":"default","adv-header-id-meta":"","stick-header-meta":"default","header-above-stick-meta":"","header-main-stick-meta":"","header-below-stick-meta":"","astra-migrate-meta-layouts":"set","ast-page-background-enabled":"default","ast-page-background-meta":{"desktop":{"background-color":"var(--ast-global-color-4)","background-image":"","background-repeat":"repeat","background-position":"center center","background-size":"auto","background-attachment":"scroll","background-type":"","background-media":"","overlay-type":"","overlay-color":"","overlay-opacity":"","overlay-gradient":""},"tablet":{"background-color":"","background-image":"","background-repeat":"repeat","background-position":"center center","background-size":"auto","background-attachment":"scroll","background-type":"","background-media":"","overlay-type":"","overlay-color":"","overlay-opacity":"","overlay-gradient":""},"mobile":{"background-color":"","background-image":"","background-repeat":"repeat","background-position":"center center","background-size":"auto","background-attachment":"scroll","background-type":"","background-media":"","overlay-type":"","overlay-color":"","overlay-opacity":"","overlay-gradient":""}},"ast-content-background-meta":{"desktop":{"background-color":"var(--ast-global-color-5)","background-image":"","background-repeat":"repeat","background-position":"center center","background-size":"auto","background-attachment":"scroll","background-type":"","background-media":"","overlay-type":"","overlay-color":"","overlay-opacity":"","overlay-gradient":""},"tablet":{"background-color":"var(--ast-global-color-5)","background-image":"","background-repeat":"repeat","background-position":"center center","background-size":"auto","background-attachment":"scroll","background-type":"","background-media":"","overlay-type":"","overlay-color":"","overlay-opacity":"","overlay-gradient":""},"mobile":{"background-color":"var(--ast-global-color-5)","background-image":"","background-repeat":"repeat","background-position":"center center","background-size":"auto","background-attachment":"scroll","background-type":"","background-media":"","overlay-type":"","overlay-color":"","overlay-opacity":"","overlay-gradient":""}}},"product_brand":[],"product_cat":[32],"product_tag":[82,93,83,99,1801,87,91,95,72],"class_list":{"0":"post-31013","1":"product","2":"type-product","3":"status-publish","4":"has-post-thumbnail","6":"product_cat-dozzer","7":"product_tag-coil-tattoo-machines","8":"product_tag-custom-tattoo-guns","9":"product_tag-custom-tattoo-machines","10":"product_tag-handmade-tattoo-machines","11":"product_tag-machines-a-tatouer-les-bobines","12":"product_tag-professional-tattoo-machines","13":"product_tag-tattoo-equipment","14":"product_tag-tattoo-guns","15":"product_tag-tattoo-machine-coils","16":"pa_brand-rightstuff","17":"desktop-align-center","18":"tablet-align-left","19":"mobile-align-left","20":"ast-product-gallery-layout-horizontal-slider","21":"ast-product-tabs-layout-horizontal","23":"first","24":"instock","25":"taxable","26":"shipping-taxable","27":"purchasable","28":"product-type-simple"},"_links":{"self":[{"href":"https:\/\/rightstuff.eu\/fr\/wp-json\/wp\/v2\/product\/31013","targetHints":{"allow":["GET"]}}],"collection":[{"href":"https:\/\/rightstuff.eu\/fr\/wp-json\/wp\/v2\/product"}],"about":[{"href":"https:\/\/rightstuff.eu\/fr\/wp-json\/wp\/v2\/types\/product"}],"replies":[{"embeddable":true,"href":"https:\/\/rightstuff.eu\/fr\/wp-json\/wp\/v2\/comments?post=31013"}],"version-history":[{"count":0,"href":"https:\/\/rightstuff.eu\/fr\/wp-json\/wp\/v2\/product\/31013\/revisions"}],"wp:featuredmedia":[{"embeddable":true,"href":"https:\/\/rightstuff.eu\/fr\/wp-json\/wp\/v2\/media\/57021"}],"wp:attachment":[{"href":"https:\/\/rightstuff.eu\/fr\/wp-json\/wp\/v2\/media?parent=31013"}],"wp:term":[{"taxonomy":"product_brand","embeddable":true,"href":"https:\/\/rightstuff.eu\/fr\/wp-json\/wp\/v2\/product_brand?post=31013"},{"taxonomy":"product_cat","embeddable":true,"href":"https:\/\/rightstuff.eu\/fr\/wp-json\/wp\/v2\/product_cat?post=31013"},{"taxonomy":"product_tag","embeddable":true,"href":"https:\/\/rightstuff.eu\/fr\/wp-json\/wp\/v2\/product_tag?post=31013"}],"curies":[{"name":"wp","href":"https:\/\/api.w.org\/{rel}","templated":true}]}}