{"id":29838,"date":"2017-04-18T13:41:39","date_gmt":"2017-04-18T13:41:39","guid":{"rendered":"https:\/\/rightstuff.eu\/?post_type=product&#038;p=29838"},"modified":"2025-01-22T01:37:07","modified_gmt":"2025-01-22T00:37:07","slug":"lucky-trueliner-rs-vb-collab-10","status":"publish","type":"product","link":"https:\/\/rightstuff.eu\/fr\/produit\/lucky-trueliner-rs-vb-collab-10\/","title":{"rendered":"Machine \u00e0 tatouer LUCKY TrueLiner RS-VB Collab 10"},"content":{"rendered":"<p>La machine \u00e0 tatouer LUCKY TrueLiner RS-VB Collab 10 est un appareil professionnel permettant de cr\u00e9er des lignes claires et pr\u00e9cises. L'appareil a \u00e9t\u00e9 con\u00e7u par un c\u00e9l\u00e8bre ma\u00eetre tatoueur, qui vit et travaille \u00e0 Moscou. Cette personne a cr\u00e9\u00e9 son propre atelier pour inventer et fabriquer des produits sp\u00e9ciaux pour tous les artistes qui cr\u00e9ent des tatouages. Au cours des dix derni\u00e8res ann\u00e9es, environ 800 machines personnalis\u00e9es uniques et plus d'un millier d'appareils de s\u00e9rie pour la peinture de la peau ont \u00e9t\u00e9 produits dans cet atelier. Real Stuff offre un prix sp\u00e9cial \u00e0 tous ceux qui souhaitent commander cet outil de pointe pour les tatouages.<\/p>\n<p>Cette puissante gaine en acier a un impact correct et net \u00e0 la fin de l'amplitude (utiliser des aiguilles 9-18 Rl) et une certaine inertie du percuteur, de sorte que l'outil professionnel r\u00e9alise des contours r\u00e9guliers tr\u00e8s rapidement. Le ma\u00eetre qui l'utilisera devra se souvenir de la tension n\u00e9cessaire (6,6 V pour un appareil non charg\u00e9) et de la fr\u00e9quence de 130 Hz. Avec un poids de 200 grammes, l'appareil tient tr\u00e8s bien dans la main. Des bobines de 26 mm et de 9 spires sont utilis\u00e9es.<\/p>","protected":false},"excerpt":{"rendered":"<p>Design by VladBlad all hardware and tunings RightStuff<br \/>\nS\u00e9rie limit\u00e9e de 10 machines, chaque machine \u00e9tant unique en son genre<br \/>\nMachine \u00e0 tatouer power liner<br \/>\nLe cadre est usin\u00e9 \u00e0 partir d'une seule pi\u00e8ce d'acier.<br \/>\nBobines de haute qualit\u00e9 - 26 mm * 9 spires<br \/>\nAiguilles pr\u00e9f\u00e9r\u00e9es 9-18rl<br \/>\nCourse longue<br \/>\nFonctionne \u00e0 130hz \u00e0 6,6 volts - non charg\u00e9<\/p>\n<p>La machine \u00e0 tatouer p\u00e8se 200gr.<\/p>","protected":false},"featured_media":0,"comment_status":"open","ping_status":"closed","template":"","meta":{"site-sidebar-layout":"","site-content-layout":"","ast-site-content-layout":"default","site-content-style":"default","site-sidebar-style":"default","ast-global-header-display":"","ast-banner-title-visibility":"","ast-main-header-display":"","ast-hfb-above-header-display":"","ast-hfb-below-header-display":"","ast-hfb-mobile-header-display":"","site-post-title":"","ast-breadcrumbs-content":"","ast-featured-img":"","footer-sml-layout":"","ast-disable-related-posts":"","theme-transparent-header-meta":"","adv-header-id-meta":"","stick-header-meta":"","header-above-stick-meta":"","header-main-stick-meta":"","header-below-stick-meta":"","astra-migrate-meta-layouts":"default","ast-page-background-enabled":"default","ast-page-background-meta":{"desktop":{"background-color":"var(--ast-global-color-4)","background-image":"","background-repeat":"repeat","background-position":"center center","background-size":"auto","background-attachment":"scroll","background-type":"","background-media":"","overlay-type":"","overlay-color":"","overlay-opacity":"","overlay-gradient":""},"tablet":{"background-color":"","background-image":"","background-repeat":"repeat","background-position":"center center","background-size":"auto","background-attachment":"scroll","background-type":"","background-media":"","overlay-type":"","overlay-color":"","overlay-opacity":"","overlay-gradient":""},"mobile":{"background-color":"","background-image":"","background-repeat":"repeat","background-position":"center center","background-size":"auto","background-attachment":"scroll","background-type":"","background-media":"","overlay-type":"","overlay-color":"","overlay-opacity":"","overlay-gradient":""}},"ast-content-background-meta":{"desktop":{"background-color":"var(--ast-global-color-5)","background-image":"","background-repeat":"repeat","background-position":"center center","background-size":"auto","background-attachment":"scroll","background-type":"","background-media":"","overlay-type":"","overlay-color":"","overlay-opacity":"","overlay-gradient":""},"tablet":{"background-color":"var(--ast-global-color-5)","background-image":"","background-repeat":"repeat","background-position":"center center","background-size":"auto","background-attachment":"scroll","background-type":"","background-media":"","overlay-type":"","overlay-color":"","overlay-opacity":"","overlay-gradient":""},"mobile":{"background-color":"var(--ast-global-color-5)","background-image":"","background-repeat":"repeat","background-position":"center center","background-size":"auto","background-attachment":"scroll","background-type":"","background-media":"","overlay-type":"","overlay-color":"","overlay-opacity":"","overlay-gradient":""}}},"product_brand":[],"product_cat":[8],"product_tag":[93,83,99,1802,87,91,95,72],"class_list":{"0":"post-29838","1":"product","2":"type-product","3":"status-publish","5":"product_cat-lucky","6":"product_tag-custom-tattoo-guns","7":"product_tag-custom-tattoo-machines","8":"product_tag-handmade-tattoo-machines","9":"product_tag-maquinas-de-tatuaje-de-bobina","10":"product_tag-professional-tattoo-machines","11":"product_tag-tattoo-equipment","12":"product_tag-tattoo-guns","13":"product_tag-tattoo-machine-coils","14":"pa_brand-rightstuff","15":"desktop-align-center","16":"tablet-align-left","17":"mobile-align-left","18":"ast-product-gallery-layout-horizontal-slider","19":"ast-product-tabs-layout-horizontal","21":"first","22":"outofstock","23":"taxable","24":"shipping-taxable","25":"purchasable","26":"product-type-simple"},"_links":{"self":[{"href":"https:\/\/rightstuff.eu\/fr\/wp-json\/wp\/v2\/product\/29838","targetHints":{"allow":["GET"]}}],"collection":[{"href":"https:\/\/rightstuff.eu\/fr\/wp-json\/wp\/v2\/product"}],"about":[{"href":"https:\/\/rightstuff.eu\/fr\/wp-json\/wp\/v2\/types\/product"}],"replies":[{"embeddable":true,"href":"https:\/\/rightstuff.eu\/fr\/wp-json\/wp\/v2\/comments?post=29838"}],"version-history":[{"count":0,"href":"https:\/\/rightstuff.eu\/fr\/wp-json\/wp\/v2\/product\/29838\/revisions"}],"wp:attachment":[{"href":"https:\/\/rightstuff.eu\/fr\/wp-json\/wp\/v2\/media?parent=29838"}],"wp:term":[{"taxonomy":"product_brand","embeddable":true,"href":"https:\/\/rightstuff.eu\/fr\/wp-json\/wp\/v2\/product_brand?post=29838"},{"taxonomy":"product_cat","embeddable":true,"href":"https:\/\/rightstuff.eu\/fr\/wp-json\/wp\/v2\/product_cat?post=29838"},{"taxonomy":"product_tag","embeddable":true,"href":"https:\/\/rightstuff.eu\/fr\/wp-json\/wp\/v2\/product_tag?post=29838"}],"curies":[{"name":"wp","href":"https:\/\/api.w.org\/{rel}","templated":true}]}}