{"id":29837,"date":"2017-04-18T13:40:27","date_gmt":"2017-04-18T13:40:27","guid":{"rendered":"https:\/\/rightstuff.eu\/?post_type=product&#038;p=29837"},"modified":"2025-01-22T01:37:08","modified_gmt":"2025-01-22T00:37:08","slug":"lucky-trueliner-rs-vb-collab-9","status":"publish","type":"product","link":"https:\/\/rightstuff.eu\/fr\/produit\/lucky-trueliner-rs-vb-collab-9\/","title":{"rendered":"Machine \u00e0 tatouer LUCKY TrueLiner RS-VB Collab 9"},"content":{"rendered":"<p>Tout propri\u00e9taire d'une entreprise de tatouage ou un ma\u00eetre individuel doit conna\u00eetre la fonction de chaque type de machine. La machine \u00e0 tatouer LUCKY TrueLiner RS-VB Collab 9 est un appareil permettant de cr\u00e9er les contours des images. En fonctionnant, cet appareil TrueLiner produit un \"bourdonnement\" sonore. Ne r\u00e9alisez pas de grandes peintures avec le liner. Il fonctionne rapidement en faisant de longs traits avec des aiguilles de 9 \u00e0 18 Rl, et l'artiste peut s\u00e9rieusement endommager la peau du client et m\u00eame y laisser des cicatrices.<\/p>\n<p>Le but de ce liner professionnel (contouring machine) est de marteler un pigment d'une couleur choisie sous la peau. L'appareil de 200 grammes permet au ma\u00eetre de cr\u00e9er le contour d'un tatouage en une seule approche. En g\u00e9n\u00e9ral, les machines de ce type ont moins de bobines. Par exemple, ce mod\u00e8le a 26 millim\u00e8tres de neuf spires. Il est tr\u00e8s rapide, ce qui permet au client du salon de tatouage de ne pas ressentir de douleur. P\u00e9n\u00e9trant rapidement dans la case du corps, la peinture (l'encre) forme une ligne claire et ne s'estompe jamais. La fr\u00e9quence de fonctionnement de l'appareil est de 130Hz.<\/p>","protected":false},"excerpt":{"rendered":"<p>Design by VladBlad all hardware and tunings RightStuff<br \/>\nS\u00e9rie limit\u00e9e de 10 machines, chaque machine \u00e9tant unique en son genre<br \/>\nMachine \u00e0 tatouer power liner<br \/>\nLe cadre est usin\u00e9 \u00e0 partir d'une seule pi\u00e8ce d'acier.<br \/>\nBobines de haute qualit\u00e9 - 26 mm * 9 spires<br \/>\nAiguilles pr\u00e9f\u00e9r\u00e9es 9-18rl<br \/>\nCourse longue<br \/>\nFonctionne \u00e0 130hz \u00e0 6,6 volts - non charg\u00e9<\/p>\n<p>La machine \u00e0 tatouer p\u00e8se 200gr.<\/p>","protected":false},"featured_media":0,"comment_status":"open","ping_status":"closed","template":"","meta":{"site-sidebar-layout":"","site-content-layout":"","ast-site-content-layout":"default","site-content-style":"default","site-sidebar-style":"default","ast-global-header-display":"","ast-banner-title-visibility":"","ast-main-header-display":"","ast-hfb-above-header-display":"","ast-hfb-below-header-display":"","ast-hfb-mobile-header-display":"","site-post-title":"","ast-breadcrumbs-content":"","ast-featured-img":"","footer-sml-layout":"","ast-disable-related-posts":"","theme-transparent-header-meta":"","adv-header-id-meta":"","stick-header-meta":"","header-above-stick-meta":"","header-main-stick-meta":"","header-below-stick-meta":"","astra-migrate-meta-layouts":"default","ast-page-background-enabled":"default","ast-page-background-meta":{"desktop":{"background-color":"var(--ast-global-color-4)","background-image":"","background-repeat":"repeat","background-position":"center center","background-size":"auto","background-attachment":"scroll","background-type":"","background-media":"","overlay-type":"","overlay-color":"","overlay-opacity":"","overlay-gradient":""},"tablet":{"background-color":"","background-image":"","background-repeat":"repeat","background-position":"center center","background-size":"auto","background-attachment":"scroll","background-type":"","background-media":"","overlay-type":"","overlay-color":"","overlay-opacity":"","overlay-gradient":""},"mobile":{"background-color":"","background-image":"","background-repeat":"repeat","background-position":"center center","background-size":"auto","background-attachment":"scroll","background-type":"","background-media":"","overlay-type":"","overlay-color":"","overlay-opacity":"","overlay-gradient":""}},"ast-content-background-meta":{"desktop":{"background-color":"var(--ast-global-color-5)","background-image":"","background-repeat":"repeat","background-position":"center center","background-size":"auto","background-attachment":"scroll","background-type":"","background-media":"","overlay-type":"","overlay-color":"","overlay-opacity":"","overlay-gradient":""},"tablet":{"background-color":"var(--ast-global-color-5)","background-image":"","background-repeat":"repeat","background-position":"center center","background-size":"auto","background-attachment":"scroll","background-type":"","background-media":"","overlay-type":"","overlay-color":"","overlay-opacity":"","overlay-gradient":""},"mobile":{"background-color":"var(--ast-global-color-5)","background-image":"","background-repeat":"repeat","background-position":"center center","background-size":"auto","background-attachment":"scroll","background-type":"","background-media":"","overlay-type":"","overlay-color":"","overlay-opacity":"","overlay-gradient":""}}},"product_brand":[],"product_cat":[8],"product_tag":[93,83,99,1802,87,91,95,72],"class_list":{"0":"post-29837","1":"product","2":"type-product","3":"status-publish","5":"product_cat-lucky","6":"product_tag-custom-tattoo-guns","7":"product_tag-custom-tattoo-machines","8":"product_tag-handmade-tattoo-machines","9":"product_tag-maquinas-de-tatuaje-de-bobina","10":"product_tag-professional-tattoo-machines","11":"product_tag-tattoo-equipment","12":"product_tag-tattoo-guns","13":"product_tag-tattoo-machine-coils","14":"pa_brand-rightstuff","15":"desktop-align-center","16":"tablet-align-left","17":"mobile-align-left","18":"ast-product-gallery-layout-horizontal-slider","19":"ast-product-tabs-layout-horizontal","21":"first","22":"outofstock","23":"taxable","24":"shipping-taxable","25":"purchasable","26":"product-type-simple"},"_links":{"self":[{"href":"https:\/\/rightstuff.eu\/fr\/wp-json\/wp\/v2\/product\/29837","targetHints":{"allow":["GET"]}}],"collection":[{"href":"https:\/\/rightstuff.eu\/fr\/wp-json\/wp\/v2\/product"}],"about":[{"href":"https:\/\/rightstuff.eu\/fr\/wp-json\/wp\/v2\/types\/product"}],"replies":[{"embeddable":true,"href":"https:\/\/rightstuff.eu\/fr\/wp-json\/wp\/v2\/comments?post=29837"}],"version-history":[{"count":0,"href":"https:\/\/rightstuff.eu\/fr\/wp-json\/wp\/v2\/product\/29837\/revisions"}],"wp:attachment":[{"href":"https:\/\/rightstuff.eu\/fr\/wp-json\/wp\/v2\/media?parent=29837"}],"wp:term":[{"taxonomy":"product_brand","embeddable":true,"href":"https:\/\/rightstuff.eu\/fr\/wp-json\/wp\/v2\/product_brand?post=29837"},{"taxonomy":"product_cat","embeddable":true,"href":"https:\/\/rightstuff.eu\/fr\/wp-json\/wp\/v2\/product_cat?post=29837"},{"taxonomy":"product_tag","embeddable":true,"href":"https:\/\/rightstuff.eu\/fr\/wp-json\/wp\/v2\/product_tag?post=29837"}],"curies":[{"name":"wp","href":"https:\/\/api.w.org\/{rel}","templated":true}]}}