{"id":29836,"date":"2017-04-18T13:39:04","date_gmt":"2017-04-18T13:39:04","guid":{"rendered":"https:\/\/rightstuff.eu\/?post_type=product&#038;p=29836"},"modified":"2025-01-22T01:37:08","modified_gmt":"2025-01-22T00:37:08","slug":"lucky-trueliner-rs-vb-collab-8","status":"publish","type":"product","link":"https:\/\/rightstuff.eu\/fr\/produit\/lucky-trueliner-rs-vb-collab-8\/","title":{"rendered":"Machine \u00e0 tatouer LUCKY TrueLiner RS-VB Collab 8"},"content":{"rendered":"<p>Il y a quelques ann\u00e9es, le tatouage \u00e9tait r\u00e9serv\u00e9 aux hommes. Aujourd'hui, alors que les femmes ouvrent souvent leur entreprise et atteignent m\u00eame les plus grands r\u00e9sultats en montrant un r\u00e9el succ\u00e8s, certaines femmes choisissent la profession de tatoueur. Aucune femme \u00e9l\u00e9gante, propri\u00e9taire d'un salon de tatouage ou travaillant individuellement, cr\u00e9ant des images marquantes de la peau, ne refusera cette jolie machine \u00e0 tatouer rose LUCKY TrueLiner RS-VB Collab 8 avec le th\u00e8me \"Hello Kitty\". Cependant, malgr\u00e9 le design frivole de cette machine, il s'agit d'un v\u00e9ritable outil pour un professionnel du tatouage. Fonctionnant avec 8 \u00e0 18 aiguilles, elle permet de cr\u00e9er des lignes et des images claires, m\u00eame sur les zones de peau probl\u00e9matiques pr\u00e9sentant de la cellulite. Les femmes, qui deviennent clientes d'un salon de tatouage, appr\u00e9cient de se faire peindre la peau lorsqu'un ma\u00eetre travaille avec ce joli outil.<\/p>\n<p>Cet appareil \u00e0 course longue et rapide fonctionne \u00e0 une fr\u00e9quence de 130 Hz et \u00e0 une tension \"classique\" de 6,6 V. Il p\u00e8se 200 grammes et utilise des bobines d'origine de 26 mm avec 9 spires. L'appareil p\u00e8se 200 grammes et utilise des bobines originales de 26 mm \u00e0 9 spires. Le cadre, recouvert d'un rev\u00eatement en poudre de polyester chimiquement r\u00e9sistant, est prot\u00e9g\u00e9 contre la corrosion.<\/p>","protected":false},"excerpt":{"rendered":"<p>Design by VladBlad all hardware and tunings RightStuff<br \/>\nS\u00e9rie limit\u00e9e de 10 machines, chaque machine \u00e9tant unique en son genre<br \/>\nMachine \u00e0 tatouer power liner<br \/>\nLe cadre est usin\u00e9 \u00e0 partir d'une seule pi\u00e8ce d'acier.<br \/>\nBobines de haute qualit\u00e9 - 26 mm * 9 spires<br \/>\nAiguilles pr\u00e9f\u00e9r\u00e9es 9-18rl<br \/>\nCourse longue<br \/>\nFonctionne \u00e0 130hz \u00e0 6,6 volts - non charg\u00e9<\/p>\n<p>La machine \u00e0 tatouer p\u00e8se 200gr.<\/p>","protected":false},"featured_media":0,"comment_status":"open","ping_status":"closed","template":"","meta":{"site-sidebar-layout":"","site-content-layout":"","ast-site-content-layout":"default","site-content-style":"default","site-sidebar-style":"default","ast-global-header-display":"","ast-banner-title-visibility":"","ast-main-header-display":"","ast-hfb-above-header-display":"","ast-hfb-below-header-display":"","ast-hfb-mobile-header-display":"","site-post-title":"","ast-breadcrumbs-content":"","ast-featured-img":"","footer-sml-layout":"","ast-disable-related-posts":"","theme-transparent-header-meta":"","adv-header-id-meta":"","stick-header-meta":"","header-above-stick-meta":"","header-main-stick-meta":"","header-below-stick-meta":"","astra-migrate-meta-layouts":"default","ast-page-background-enabled":"default","ast-page-background-meta":{"desktop":{"background-color":"var(--ast-global-color-4)","background-image":"","background-repeat":"repeat","background-position":"center center","background-size":"auto","background-attachment":"scroll","background-type":"","background-media":"","overlay-type":"","overlay-color":"","overlay-opacity":"","overlay-gradient":""},"tablet":{"background-color":"","background-image":"","background-repeat":"repeat","background-position":"center center","background-size":"auto","background-attachment":"scroll","background-type":"","background-media":"","overlay-type":"","overlay-color":"","overlay-opacity":"","overlay-gradient":""},"mobile":{"background-color":"","background-image":"","background-repeat":"repeat","background-position":"center center","background-size":"auto","background-attachment":"scroll","background-type":"","background-media":"","overlay-type":"","overlay-color":"","overlay-opacity":"","overlay-gradient":""}},"ast-content-background-meta":{"desktop":{"background-color":"var(--ast-global-color-5)","background-image":"","background-repeat":"repeat","background-position":"center center","background-size":"auto","background-attachment":"scroll","background-type":"","background-media":"","overlay-type":"","overlay-color":"","overlay-opacity":"","overlay-gradient":""},"tablet":{"background-color":"var(--ast-global-color-5)","background-image":"","background-repeat":"repeat","background-position":"center center","background-size":"auto","background-attachment":"scroll","background-type":"","background-media":"","overlay-type":"","overlay-color":"","overlay-opacity":"","overlay-gradient":""},"mobile":{"background-color":"var(--ast-global-color-5)","background-image":"","background-repeat":"repeat","background-position":"center center","background-size":"auto","background-attachment":"scroll","background-type":"","background-media":"","overlay-type":"","overlay-color":"","overlay-opacity":"","overlay-gradient":""}}},"product_brand":[],"product_cat":[8],"product_tag":[93,83,99,1802,87,91,95,72],"class_list":{"0":"post-29836","1":"product","2":"type-product","3":"status-publish","5":"product_cat-lucky","6":"product_tag-custom-tattoo-guns","7":"product_tag-custom-tattoo-machines","8":"product_tag-handmade-tattoo-machines","9":"product_tag-maquinas-de-tatuaje-de-bobina","10":"product_tag-professional-tattoo-machines","11":"product_tag-tattoo-equipment","12":"product_tag-tattoo-guns","13":"product_tag-tattoo-machine-coils","14":"pa_brand-rightstuff","15":"desktop-align-center","16":"tablet-align-left","17":"mobile-align-left","18":"ast-product-gallery-layout-horizontal-slider","19":"ast-product-tabs-layout-horizontal","21":"first","22":"outofstock","23":"taxable","24":"shipping-taxable","25":"purchasable","26":"product-type-simple"},"_links":{"self":[{"href":"https:\/\/rightstuff.eu\/fr\/wp-json\/wp\/v2\/product\/29836","targetHints":{"allow":["GET"]}}],"collection":[{"href":"https:\/\/rightstuff.eu\/fr\/wp-json\/wp\/v2\/product"}],"about":[{"href":"https:\/\/rightstuff.eu\/fr\/wp-json\/wp\/v2\/types\/product"}],"replies":[{"embeddable":true,"href":"https:\/\/rightstuff.eu\/fr\/wp-json\/wp\/v2\/comments?post=29836"}],"version-history":[{"count":0,"href":"https:\/\/rightstuff.eu\/fr\/wp-json\/wp\/v2\/product\/29836\/revisions"}],"wp:attachment":[{"href":"https:\/\/rightstuff.eu\/fr\/wp-json\/wp\/v2\/media?parent=29836"}],"wp:term":[{"taxonomy":"product_brand","embeddable":true,"href":"https:\/\/rightstuff.eu\/fr\/wp-json\/wp\/v2\/product_brand?post=29836"},{"taxonomy":"product_cat","embeddable":true,"href":"https:\/\/rightstuff.eu\/fr\/wp-json\/wp\/v2\/product_cat?post=29836"},{"taxonomy":"product_tag","embeddable":true,"href":"https:\/\/rightstuff.eu\/fr\/wp-json\/wp\/v2\/product_tag?post=29836"}],"curies":[{"name":"wp","href":"https:\/\/api.w.org\/{rel}","templated":true}]}}