{"id":29834,"date":"2017-04-18T13:29:47","date_gmt":"2017-04-18T13:29:47","guid":{"rendered":"https:\/\/rightstuff.eu\/?post_type=product&#038;p=29834"},"modified":"2025-01-22T01:37:08","modified_gmt":"2025-01-22T00:37:08","slug":"lucky-trueliner-rs-vb-collab-6","status":"publish","type":"product","link":"https:\/\/rightstuff.eu\/fr\/produit\/lucky-trueliner-rs-vb-collab-6\/","title":{"rendered":"Machine \u00e0 tatouer LUCKY TrueLiner RS-VB Collab 6"},"content":{"rendered":"<p>Les artistes contemporains offrent \u00e0 leurs clients un v\u00e9ritable \u201coc\u00e9an\u201d de tatouages : d'un minuscule papillon sur l'\u00e9paule \u00e0 un immense portrait color\u00e9 d'une c\u00e9l\u00e9brit\u00e9 sur la poitrine. Hi\u00e9roglyphes exotiques, bracelets, signes magiques et ornements - aujourd'hui, les salons de tatouage donnent aux visiteurs toutes les chances de choisir ce qui leur convient. Toutefois, si l'on s'int\u00e9resse de pr\u00e8s \u00e0 un tatouage, il ne faut jamais oublier que l'image peut changer de forme au bout de quelques ann\u00e9es. Avec le temps, la peau perd de son \u00e9lasticit\u00e9 et l'image se d\u00e9forme. Bien entendu, les technologies modernes permettent aux sp\u00e9cialistes de corriger et m\u00eame d'effacer ces dessins. Pour \u00e9viter des cons\u00e9quences d\u00e9sagr\u00e9ables, confiez toujours un tatouage \u00e0 un professionnel travaillant avec du mat\u00e9riel de haute qualit\u00e9.<\/p>\n<p>La machine \u00e0 tatouer LUCKY TrueLiner RS-VB Collab 6 est un appareil universel qui cr\u00e9e des images absolument claires et non floues. Fonctionnant avec des aiguilles de 9 \u00e0 18 Rl, elle peut facilement r\u00e9aliser une peinture sur une grande surface de la peau. Fonctionnant \u00e0 6,6 V, l'appareil tourne \u00e0 130 Hz. L'appareil p\u00e8se 200 grammes et poss\u00e8de des bobines de 26 mm avec 9 spires.<\/p>","protected":false},"excerpt":{"rendered":"<p>Design by VladBlad all hardware and tunings RightStuff<br \/>\nS\u00e9rie limit\u00e9e de 10 machines, chaque machine \u00e9tant unique en son genre<br \/>\nMachine \u00e0 tatouer power liner<br \/>\nLe cadre est usin\u00e9 \u00e0 partir d'une seule pi\u00e8ce d'acier.<br \/>\nBobines de haute qualit\u00e9 - 26 mm * 9 spires<br \/>\nAiguilles pr\u00e9f\u00e9r\u00e9es 9-18rl<br \/>\nCourse longue<br \/>\nFonctionne \u00e0 130hz \u00e0 6,6 volts - non charg\u00e9<\/p>\n<p>La machine \u00e0 tatouer p\u00e8se 200gr.<\/p>","protected":false},"featured_media":0,"comment_status":"open","ping_status":"closed","template":"","meta":{"site-sidebar-layout":"","site-content-layout":"","ast-site-content-layout":"default","site-content-style":"default","site-sidebar-style":"default","ast-global-header-display":"","ast-banner-title-visibility":"","ast-main-header-display":"","ast-hfb-above-header-display":"","ast-hfb-below-header-display":"","ast-hfb-mobile-header-display":"","site-post-title":"","ast-breadcrumbs-content":"","ast-featured-img":"","footer-sml-layout":"","ast-disable-related-posts":"","theme-transparent-header-meta":"","adv-header-id-meta":"","stick-header-meta":"","header-above-stick-meta":"","header-main-stick-meta":"","header-below-stick-meta":"","astra-migrate-meta-layouts":"default","ast-page-background-enabled":"default","ast-page-background-meta":{"desktop":{"background-color":"var(--ast-global-color-4)","background-image":"","background-repeat":"repeat","background-position":"center center","background-size":"auto","background-attachment":"scroll","background-type":"","background-media":"","overlay-type":"","overlay-color":"","overlay-opacity":"","overlay-gradient":""},"tablet":{"background-color":"","background-image":"","background-repeat":"repeat","background-position":"center center","background-size":"auto","background-attachment":"scroll","background-type":"","background-media":"","overlay-type":"","overlay-color":"","overlay-opacity":"","overlay-gradient":""},"mobile":{"background-color":"","background-image":"","background-repeat":"repeat","background-position":"center center","background-size":"auto","background-attachment":"scroll","background-type":"","background-media":"","overlay-type":"","overlay-color":"","overlay-opacity":"","overlay-gradient":""}},"ast-content-background-meta":{"desktop":{"background-color":"var(--ast-global-color-5)","background-image":"","background-repeat":"repeat","background-position":"center center","background-size":"auto","background-attachment":"scroll","background-type":"","background-media":"","overlay-type":"","overlay-color":"","overlay-opacity":"","overlay-gradient":""},"tablet":{"background-color":"var(--ast-global-color-5)","background-image":"","background-repeat":"repeat","background-position":"center center","background-size":"auto","background-attachment":"scroll","background-type":"","background-media":"","overlay-type":"","overlay-color":"","overlay-opacity":"","overlay-gradient":""},"mobile":{"background-color":"var(--ast-global-color-5)","background-image":"","background-repeat":"repeat","background-position":"center center","background-size":"auto","background-attachment":"scroll","background-type":"","background-media":"","overlay-type":"","overlay-color":"","overlay-opacity":"","overlay-gradient":""}}},"product_brand":[],"product_cat":[8],"product_tag":[93,83,99,1802,87,91,95,72],"class_list":{"0":"post-29834","1":"product","2":"type-product","3":"status-publish","5":"product_cat-lucky","6":"product_tag-custom-tattoo-guns","7":"product_tag-custom-tattoo-machines","8":"product_tag-handmade-tattoo-machines","9":"product_tag-maquinas-de-tatuaje-de-bobina","10":"product_tag-professional-tattoo-machines","11":"product_tag-tattoo-equipment","12":"product_tag-tattoo-guns","13":"product_tag-tattoo-machine-coils","14":"pa_brand-rightstuff","15":"desktop-align-center","16":"tablet-align-left","17":"mobile-align-left","18":"ast-product-gallery-layout-horizontal-slider","19":"ast-product-tabs-layout-horizontal","21":"first","22":"outofstock","23":"taxable","24":"shipping-taxable","25":"purchasable","26":"product-type-simple"},"_links":{"self":[{"href":"https:\/\/rightstuff.eu\/fr\/wp-json\/wp\/v2\/product\/29834","targetHints":{"allow":["GET"]}}],"collection":[{"href":"https:\/\/rightstuff.eu\/fr\/wp-json\/wp\/v2\/product"}],"about":[{"href":"https:\/\/rightstuff.eu\/fr\/wp-json\/wp\/v2\/types\/product"}],"replies":[{"embeddable":true,"href":"https:\/\/rightstuff.eu\/fr\/wp-json\/wp\/v2\/comments?post=29834"}],"version-history":[{"count":0,"href":"https:\/\/rightstuff.eu\/fr\/wp-json\/wp\/v2\/product\/29834\/revisions"}],"wp:attachment":[{"href":"https:\/\/rightstuff.eu\/fr\/wp-json\/wp\/v2\/media?parent=29834"}],"wp:term":[{"taxonomy":"product_brand","embeddable":true,"href":"https:\/\/rightstuff.eu\/fr\/wp-json\/wp\/v2\/product_brand?post=29834"},{"taxonomy":"product_cat","embeddable":true,"href":"https:\/\/rightstuff.eu\/fr\/wp-json\/wp\/v2\/product_cat?post=29834"},{"taxonomy":"product_tag","embeddable":true,"href":"https:\/\/rightstuff.eu\/fr\/wp-json\/wp\/v2\/product_tag?post=29834"}],"curies":[{"name":"wp","href":"https:\/\/api.w.org\/{rel}","templated":true}]}}