{"id":29713,"date":"2017-03-07T15:54:40","date_gmt":"2017-03-07T14:54:40","guid":{"rendered":"https:\/\/rightstuff.eu\/?post_type=product&#038;p=29713"},"modified":"2025-01-22T01:37:09","modified_gmt":"2025-01-22T00:37:09","slug":"tattoo-power-supply-rs-power","status":"publish","type":"product","link":"https:\/\/rightstuff.eu\/fr\/produit\/tattoo-power-supply-rs-power\/","title":{"rendered":"Alimentation \u00e9lectrique -RS Power"},"content":{"rendered":"<h4>L'alimentation RS Power v.3 pour tatouage est le choix id\u00e9al pour tout tatoueur professionnel. Cette alimentation est con\u00e7ue pour fournir une puissance fiable et constante \u00e0 ta machine \u00e0 tatouer, ce qui te permet de travailler avec pr\u00e9cision et exactitude. Le RS Power v.3 est dot\u00e9 d'un affichage num\u00e9rique qui te permet d'ajuster facilement les param\u00e8tres de tension et de courant en fonction de tes besoins. Il est \u00e9galement dot\u00e9 d'un interrupteur \u00e0 p\u00e9dale pour un contr\u00f4le facile et d'un cordon \u00e0 pince pour une connexion ais\u00e9e \u00e0 ta machine \u00e0 tatouer. Le RS Power v.3 est fabriqu\u00e9 \u00e0 partir de mat\u00e9riaux durables et est con\u00e7u pour durer des ann\u00e9es. Il est \u00e9galement l\u00e9ger et compact, ce qui le rend facile \u00e0 transporter et \u00e0 ranger. Avec ses performances fiables et ses fonctions faciles \u00e0 utiliser, le RS Power v.3 est le choix id\u00e9al pour tout tatoueur professionnel.<\/h4>","protected":false},"excerpt":{"rendered":"<h2><\/h2>\n<p><strong>RS Power -v.3<\/strong><\/p>\n<p><strong>Affichage num\u00e9rique<\/strong> - \"volts\"<\/p>\n<p>2 - Pr\u00e9r\u00e9glages<\/p>\n<p>2 -Modes de commutation des pieds<\/p>\n<p>Fabriqu\u00e9 en acier et en aluminium<\/p>\n<p>Base magn\u00e9tique<\/p>\n<p>Plage de travail : 1,8-19 volts, 4,5 amp\u00e8res en cr\u00eate, 3 amp\u00e8res en continu<\/p>\n<p>Poids : 315gr<\/p>\n<p>Taille (sans adaptateur) 66*66*63mm<\/p>\n<p>Adaptateur \u00e9lectrique (prise UE) inclus.<\/p>\n<p>Garantie : 2 ans d'approvisionnement, 1 an pour l'adaptateur<\/p>","protected":false},"featured_media":50393,"comment_status":"open","ping_status":"closed","template":"","meta":{"site-sidebar-layout":"default","site-content-layout":"default","ast-site-content-layout":"default","site-content-style":"default","site-sidebar-style":"default","ast-global-header-display":"","ast-banner-title-visibility":"","ast-main-header-display":"","ast-hfb-above-header-display":"","ast-hfb-below-header-display":"","ast-hfb-mobile-header-display":"","site-post-title":"","ast-breadcrumbs-content":"","ast-featured-img":"","footer-sml-layout":"","ast-disable-related-posts":"","theme-transparent-header-meta":"default","adv-header-id-meta":"","stick-header-meta":"default","header-above-stick-meta":"","header-main-stick-meta":"","header-below-stick-meta":"","astra-migrate-meta-layouts":"set","ast-page-background-enabled":"default","ast-page-background-meta":{"desktop":{"background-color":"var(--ast-global-color-4)","background-image":"","background-repeat":"repeat","background-position":"center center","background-size":"auto","background-attachment":"scroll","background-type":"","background-media":"","overlay-type":"","overlay-color":"","overlay-opacity":"","overlay-gradient":""},"tablet":{"background-color":"","background-image":"","background-repeat":"repeat","background-position":"center center","background-size":"auto","background-attachment":"scroll","background-type":"","background-media":"","overlay-type":"","overlay-color":"","overlay-opacity":"","overlay-gradient":""},"mobile":{"background-color":"","background-image":"","background-repeat":"repeat","background-position":"center center","background-size":"auto","background-attachment":"scroll","background-type":"","background-media":"","overlay-type":"","overlay-color":"","overlay-opacity":"","overlay-gradient":""}},"ast-content-background-meta":{"desktop":{"background-color":"var(--ast-global-color-5)","background-image":"","background-repeat":"repeat","background-position":"center center","background-size":"auto","background-attachment":"scroll","background-type":"","background-media":"","overlay-type":"","overlay-color":"","overlay-opacity":"","overlay-gradient":""},"tablet":{"background-color":"var(--ast-global-color-5)","background-image":"","background-repeat":"repeat","background-position":"center center","background-size":"auto","background-attachment":"scroll","background-type":"","background-media":"","overlay-type":"","overlay-color":"","overlay-opacity":"","overlay-gradient":""},"mobile":{"background-color":"var(--ast-global-color-5)","background-image":"","background-repeat":"repeat","background-position":"center center","background-size":"auto","background-attachment":"scroll","background-type":"","background-media":"","overlay-type":"","overlay-color":"","overlay-opacity":"","overlay-gradient":""}}},"product_brand":[],"product_cat":[54],"product_tag":[55,88,90,91,70,57,92,56,94,69],"class_list":{"0":"post-29713","1":"product","2":"type-product","3":"status-publish","4":"has-post-thumbnail","6":"product_cat-power-supply","7":"product_tag-power-supply","8":"product_tag-professional-tattoo-kit","9":"product_tag-tattoo-accessories","10":"product_tag-tattoo-equipment","11":"product_tag-tattoo-kits","12":"product_tag-tattoo-power-supply","13":"product_tag-tattoo-machines-parts","14":"product_tag-tattoo-power","15":"product_tag-tattoo-sets","16":"product_tag-tattoo-supplies","17":"pa_brand-rightstuff","18":"desktop-align-center","19":"tablet-align-left","20":"mobile-align-left","21":"ast-product-gallery-layout-horizontal-slider","22":"ast-product-tabs-layout-horizontal","24":"first","25":"outofstock","26":"taxable","27":"shipping-taxable","28":"purchasable","29":"product-type-simple"},"_links":{"self":[{"href":"https:\/\/rightstuff.eu\/fr\/wp-json\/wp\/v2\/product\/29713","targetHints":{"allow":["GET"]}}],"collection":[{"href":"https:\/\/rightstuff.eu\/fr\/wp-json\/wp\/v2\/product"}],"about":[{"href":"https:\/\/rightstuff.eu\/fr\/wp-json\/wp\/v2\/types\/product"}],"replies":[{"embeddable":true,"href":"https:\/\/rightstuff.eu\/fr\/wp-json\/wp\/v2\/comments?post=29713"}],"version-history":[{"count":0,"href":"https:\/\/rightstuff.eu\/fr\/wp-json\/wp\/v2\/product\/29713\/revisions"}],"wp:featuredmedia":[{"embeddable":true,"href":"https:\/\/rightstuff.eu\/fr\/wp-json\/wp\/v2\/media\/50393"}],"wp:attachment":[{"href":"https:\/\/rightstuff.eu\/fr\/wp-json\/wp\/v2\/media?parent=29713"}],"wp:term":[{"taxonomy":"product_brand","embeddable":true,"href":"https:\/\/rightstuff.eu\/fr\/wp-json\/wp\/v2\/product_brand?post=29713"},{"taxonomy":"product_cat","embeddable":true,"href":"https:\/\/rightstuff.eu\/fr\/wp-json\/wp\/v2\/product_cat?post=29713"},{"taxonomy":"product_tag","embeddable":true,"href":"https:\/\/rightstuff.eu\/fr\/wp-json\/wp\/v2\/product_tag?post=29713"}],"curies":[{"name":"wp","href":"https:\/\/api.w.org\/{rel}","templated":true}]}}