{"id":29647,"date":"2017-02-03T08:04:19","date_gmt":"2017-02-03T05:04:19","guid":{"rendered":"https:\/\/rightstuff.eu\/shop\/tattoo_machines\/rotary_tattoo_machines\/rotary-tattoo-machine-keg-variable-gold\/"},"modified":"2025-12-20T15:54:07","modified_gmt":"2025-12-20T14:54:07","slug":"direct-drive-rotary-tattoo-machine","status":"publish","type":"product","link":"https:\/\/rightstuff.eu\/fr\/produit\/direct-drive-rotary-tattoo-machine\/","title":{"rendered":"Machine \u00e0 tatouer rotative - KEG Variable (Gold)"},"content":{"rendered":"<p>Une coutume vraiment magnifique <a href=\"https:\/\/rightstuff.eu\/blog\/tattoo-machine-is-another-story\/\">machine \u00e0 tatouer rotative \u00e0 entra\u00eenement direct<\/a>\u00a0par un c\u00e9l\u00e8bre designer underground. D\u00e8s sa sortie, cet appareil est instantan\u00e9ment devenu une l\u00e9gende dans la communaut\u00e9 des tatoueurs. La machine a \u00e9t\u00e9 con\u00e7ue par des pros pour des pros - ce qui signifie qu'elle exige un grand niveau de sensibilit\u00e9 de la part de son utilisateur afin de travailler avec des tatouages tr\u00e8s d\u00e9taill\u00e9s.<\/p>\n<p>Son cadre est fait d'une pi\u00e8ce d'aluminium de premi\u00e8re qualit\u00e9, ce qui le rend beaucoup plus l\u00e9ger que les mod\u00e8les faits d'une seule pi\u00e8ce d'acier. Il ne p\u00e8se que 140 grammes, ce qui le rend parfait pour travailler pendant de longues heures.<\/p>\n<p>Elle prend en charge une course variable de 1 mm \u00e0 5 mm, ce qui facilite son utilisation en tant que Liner, Shader ou Color Packer. L'appareil est \u00e9quip\u00e9 d'un moteur sur mesure, exclusif \u00e0 sa s\u00e9rie, fonctionnant \u00e0 6-13 Volts avec 8000 RPM et Direct Drive, ce qui en fait une b\u00eate parmi les autres moteurs de machines \u00e0 tatouer.<\/p>\n<p>Invent\u00e9e par l'Allemand Manfred Kohrs en 1978, la machine rotative est un outil perfectionn\u00e9 utilis\u00e9 par de nombreux tatoueurs. Bien qu'elle ait \u00e9t\u00e9 moins populaire dans l'industrie traditionnelle il y a encore quelques ann\u00e9es, sa demande a r\u00e9cemment d\u00e9pass\u00e9 toutes les esp\u00e9rances. La raison en est la commodit\u00e9 et la facilit\u00e9 d'utilisation.<\/p>\n<p>Une machine rotative est aliment\u00e9e par un moteur qui tourne dans un mouvement vertical. La barre d'aiguille est reli\u00e9e au moteur qui d\u00e9place l'aiguille vers le haut et vers le bas. Les machines rotatives sont plus r\u00e9guli\u00e8res que les machines \u00e0 tatouer \u00e0 bobines. En effet, elles ne n\u00e9cessitent pas de r\u00e9glage - une proc\u00e9dure au cours de laquelle l'artiste doit ajuster la forme et la profondeur de l'aiguille, ainsi que la tension d'alimentation.<\/p>\n<p>Une machine rotative est moins personnalisable et les artistes professionnels s'en plaignent souvent. Elle n\u00e9cessite \u00e9galement des connaissances et des comp\u00e9tences ad\u00e9quates. Les machines rotatives sont \u00e9galement st\u00e9rilis\u00e9es \u00e0 l'autoclave et ont un niveau \u00e9lev\u00e9 de d\u00e9sinfection. En fait, les artistes pr\u00e9f\u00e8rent utiliser la machine \u00e0 tatouer rotative pour cette raison.<\/p>\n<p>Une machine rotative est moins populaire qu'une machine \u00e0 tatouer traditionnelle et offre beaucoup moins de possibilit\u00e9s de personnalisation et d'options. Cela peut \u00eatre consid\u00e9r\u00e9 comme un inconv\u00e9nient par les professionnels. Cependant, c'est un outil formidable pour les d\u00e9butants.<\/p>\n<p>L'un des meilleurs aspects d'une machine \u00e0 tatouer rotative est qu'elle n'\u00e9met aucun son. C'est en effet une caract\u00e9ristique positive pour le <a href=\"https:\/\/facebook.com\/rghtstuff\" target=\"_blank\" rel=\"noopener\">machine \u00e0 tatouer<\/a>. Le bourdonnement provenant de la machine \u00e0 bobine est assez fort et irritant pour de nombreux artistes et clients. En effet, comme le tatouage prend un temps important, le bruit de la machine \u00e0 tatouer est assez g\u00eanant, surtout pour les clients qui ne sont pas habitu\u00e9s \u00e0 un son aussi long et monotone.<\/p>\n<p>Alors qu'une machine \u00e0 bobine vibre pendant le travail, une machine rotative ne bouge pas trop. Elles sont tr\u00e8s agr\u00e9ables \u00e0 tenir et \u00e0 utiliser car elles ne vibrent pas. Trop de vibrations causent souvent des probl\u00e8mes aux mains et aux poignets des artistes. Certains artistes se plaignent d'avoir perdu toute sensation et de ressentir une irritation au niveau des poignets et des mains. Cette plainte concerne davantage les machines \u00e0 tatouer \u00e0 bobine que les machines \u00e0 tatouer rotatives.<\/p>\n<p>Les machines rotatives sont beaucoup plus l\u00e9g\u00e8res que les lourdes machines \u00e0 tatouer \u00e0 bobines. Toutefois, certains estiment que le poids de la machine \u00e0 bobine permet aux artistes de mieux contr\u00f4ler la machine et de travailler avec plus de pr\u00e9cision.<\/p>\n<p>Il s'agit d'une partie importante de la machine rotative. L'utilisation d'une machine rotative requiert une grande expertise et des connaissances approfondies. Comme elle est l\u00e9g\u00e8re, il faut veiller \u00e0 ce qu'elle ne glisse pas de la main.<\/p>\n<p>La vitesse est un aspect important lorsqu'il s'agit d'une machine rotative. Comme elle est l\u00e9g\u00e8re, tu devras faire tr\u00e8s attention en travaillant. Et n'oublie pas que le tatouage est une \u0153uvre d'art pr\u00e9cise. Une petite erreur peut ruiner toute l'apparence et les clients risquent d'\u00eatre m\u00e9contents.<\/p>\n<p>Surtout dans ce march\u00e9 concurrentiel o\u00f9 le tatouage est devenu une mode chez les jeunes, tu ne peux pas t'attendre \u00e0 attirer des clients et des revenus avec des critiques n\u00e9gatives et de mauvaises \u00e9valuations. Bien qu'il existe des produits de d\u00e9tatouage disponibles sur le march\u00e9 que tu peux utiliser pour effacer les erreurs, tu ne peux pas annuler la mauvaise exp\u00e9rience des clients.<\/p>","protected":false},"excerpt":{"rendered":"<h3>Machine \u00e0 tatouer rotative \u00e0 entra\u00eenement direct<\/h3>\n<p>Course variable de 1 mm \u00e0 5 mm<br \/>\n8000 RPM<br \/>\nTension pr\u00e9f\u00e9r\u00e9e 6-13 volts<\/p>\n<p>Aiguilles recommand\u00e9es : Jusqu'\u00e0 18 Liner, jusqu'\u00e0 39 Mag<\/p>\n<p>Cordon \u00e0 pince + connexion RCA<br \/>\nCorps en aluminium<br \/>\nPoids 140 gr.<\/p>","protected":false},"featured_media":49275,"comment_status":"open","ping_status":"closed","template":"","meta":{"site-sidebar-layout":"default","site-content-layout":"","ast-site-content-layout":"default","site-content-style":"default","site-sidebar-style":"default","ast-global-header-display":"","ast-banner-title-visibility":"","ast-main-header-display":"","ast-hfb-above-header-display":"","ast-hfb-below-header-display":"","ast-hfb-mobile-header-display":"","site-post-title":"","ast-breadcrumbs-content":"","ast-featured-img":"","footer-sml-layout":"","ast-disable-related-posts":"","theme-transparent-header-meta":"default","adv-header-id-meta":"","stick-header-meta":"default","header-above-stick-meta":"","header-main-stick-meta":"","header-below-stick-meta":"","astra-migrate-meta-layouts":"set","ast-page-background-enabled":"default","ast-page-background-meta":{"desktop":{"background-color":"var(--ast-global-color-4)","background-image":"","background-repeat":"repeat","background-position":"center center","background-size":"auto","background-attachment":"scroll","background-type":"","background-media":"","overlay-type":"","overlay-color":"","overlay-opacity":"","overlay-gradient":""},"tablet":{"background-color":"","background-image":"","background-repeat":"repeat","background-position":"center center","background-size":"auto","background-attachment":"scroll","background-type":"","background-media":"","overlay-type":"","overlay-color":"","overlay-opacity":"","overlay-gradient":""},"mobile":{"background-color":"","background-image":"","background-repeat":"repeat","background-position":"center center","background-size":"auto","background-attachment":"scroll","background-type":"","background-media":"","overlay-type":"","overlay-color":"","overlay-opacity":"","overlay-gradient":""}},"ast-content-background-meta":{"desktop":{"background-color":"var(--ast-global-color-5)","background-image":"","background-repeat":"repeat","background-position":"center center","background-size":"auto","background-attachment":"scroll","background-type":"","background-media":"","overlay-type":"","overlay-color":"","overlay-opacity":"","overlay-gradient":""},"tablet":{"background-color":"var(--ast-global-color-5)","background-image":"","background-repeat":"repeat","background-position":"center center","background-size":"auto","background-attachment":"scroll","background-type":"","background-media":"","overlay-type":"","overlay-color":"","overlay-opacity":"","overlay-gradient":""},"mobile":{"background-color":"var(--ast-global-color-5)","background-image":"","background-repeat":"repeat","background-position":"center center","background-size":"auto","background-attachment":"scroll","background-type":"","background-media":"","overlay-type":"","overlay-color":"","overlay-opacity":"","overlay-gradient":""}}},"product_brand":[],"product_cat":[1995],"product_tag":[101,93,83,74,100,99,87,98,48,1806,97,1792,91,95,23,72],"class_list":{"0":"post-29647","1":"product","2":"type-product","3":"status-publish","4":"has-post-thumbnail","6":"product_cat-variable","7":"product_tag-custom-rotary-machines","8":"product_tag-custom-tattoo-guns","9":"product_tag-custom-tattoo-machines","10":"product_tag-direct-drive-tattoo-machine","11":"product_tag-handmade-rotary-tattoo-machines","12":"product_tag-handmade-tattoo-machines","13":"product_tag-professional-tattoo-machines","14":"product_tag-rotary-tattoo-guns","15":"product_tag-rotary-tattoo-machine","16":"product_tag-rotary-tattoo-machines","17":"product_tag-rotary-tattoo-pen","18":"product_tag-rotary-tattoomaschinen","19":"product_tag-tattoo-equipment","20":"product_tag-tattoo-guns","21":"product_tag-tattoo-machine","22":"product_tag-tattoo-machine-coils","23":"pa_brand-rightstuff","24":"desktop-align-center","25":"tablet-align-left","26":"mobile-align-left","27":"ast-product-gallery-layout-horizontal-slider","28":"ast-product-tabs-layout-horizontal","30":"first","31":"instock","32":"sale","33":"taxable","34":"shipping-taxable","35":"purchasable","36":"product-type-simple"},"_links":{"self":[{"href":"https:\/\/rightstuff.eu\/fr\/wp-json\/wp\/v2\/product\/29647","targetHints":{"allow":["GET"]}}],"collection":[{"href":"https:\/\/rightstuff.eu\/fr\/wp-json\/wp\/v2\/product"}],"about":[{"href":"https:\/\/rightstuff.eu\/fr\/wp-json\/wp\/v2\/types\/product"}],"replies":[{"embeddable":true,"href":"https:\/\/rightstuff.eu\/fr\/wp-json\/wp\/v2\/comments?post=29647"}],"version-history":[{"count":0,"href":"https:\/\/rightstuff.eu\/fr\/wp-json\/wp\/v2\/product\/29647\/revisions"}],"wp:featuredmedia":[{"embeddable":true,"href":"https:\/\/rightstuff.eu\/fr\/wp-json\/wp\/v2\/media\/49275"}],"wp:attachment":[{"href":"https:\/\/rightstuff.eu\/fr\/wp-json\/wp\/v2\/media?parent=29647"}],"wp:term":[{"taxonomy":"product_brand","embeddable":true,"href":"https:\/\/rightstuff.eu\/fr\/wp-json\/wp\/v2\/product_brand?post=29647"},{"taxonomy":"product_cat","embeddable":true,"href":"https:\/\/rightstuff.eu\/fr\/wp-json\/wp\/v2\/product_cat?post=29647"},{"taxonomy":"product_tag","embeddable":true,"href":"https:\/\/rightstuff.eu\/fr\/wp-json\/wp\/v2\/product_tag?post=29647"}],"curies":[{"name":"wp","href":"https:\/\/api.w.org\/{rel}","templated":true}]}}