{"id":29608,"date":"2017-01-25T16:41:03","date_gmt":"2017-01-25T15:41:03","guid":{"rendered":"https:\/\/rightstuff.eu\/shop\/tattoo_machines\/rotary_tattoo_machines\/pen-tattoo-machine-hornet-black\/"},"modified":"2025-01-22T01:37:10","modified_gmt":"2025-01-22T00:37:10","slug":"tattoo-pen-machine-horn-blk","status":"publish","type":"product","link":"https:\/\/rightstuff.eu\/fr\/produit\/tattoo-pen-machine-horn-blk\/","title":{"rendered":"Machine \u00e0 tatouer \u00e0 stylo Hornet (Noir)"},"content":{"rendered":"<h2>machine \u00e0 tatouer<\/h2>\n<p>Tatoueurs qui travaillent souvent avec des clients qui commandent des peintures corporelles et des <a href=\"https:\/\/rightstuff.eu\/blog\/tattoo-drawing-body\/\">maquillage permanent<\/a> aimeront cette machine \u00e0 tatouer \u00e0 stylo Hornet en aluminium noir. Le design de l'appareil ressemble vraiment \u00e0 une machine \u00e9paisse et massive de style stylo. Ainsi, pour accomplir son travail, un ma\u00eetre doit la tenir dans sa main comme il tient un stylo \u00e0 bille et cela fonctionne parfaitement.<\/p>\n<p>L'appareil utilise la m\u00eame alimentation qu'un dispositif traditionnel pour cr\u00e9er des peintures sur la peau, fonctionnant \u00e0 une tension de 4, 5 - 13 V, mais il est aussi polyvalent qu'un stylo classique. Quelqu'un reconna\u00eetra un marqueur dans cette machine, mais un professionnel vous dira qu'il s'agit d'une machine de tatouage confortable et l\u00e9g\u00e8re (145 grammes) qui permet de tracer des lignes pr\u00e9cises et d'ombrer les zones de la peau.<\/p>\n<p>Il fonctionne avec toutes les cartouches fabriqu\u00e9es pour les machines de ce type. La vitesse de son moteur, 8000 tours\/minute, est suffisante pour cr\u00e9er des lignes permanentes, en ombrant l'image rapidement et sans douleur. La machine \u00e0 stylo fonctionne mieux en tant qu'ombrage. Les d\u00e9butants devraient mieux r\u00e9aliser avec elle des peintures de peau plus petites. Les professionnels peuvent cr\u00e9er des tatouages plus grands.<\/p>","protected":false},"excerpt":{"rendered":"<h3>Machine \u00e0 tatouer Hornet<\/h3>\n<p>Compatible avec toutes les cartouches standard<\/p>\n<p>Course 3,2 mm<br \/>\nVariable jusqu'\u00e0 une profondeur d'aiguille de 4 mm<br \/>\n8000 RPM<br \/>\nTension pr\u00e9f\u00e9r\u00e9e 4,5-13 volts<\/p>\n<p>Connexion RCA<br \/>\nCorps en aluminium<br \/>\nPoids 145 gr.<\/p>","protected":false},"featured_media":56851,"comment_status":"open","ping_status":"closed","template":"","meta":{"site-sidebar-layout":"default","site-content-layout":"default","ast-site-content-layout":"default","site-content-style":"default","site-sidebar-style":"default","ast-global-header-display":"","ast-banner-title-visibility":"","ast-main-header-display":"","ast-hfb-above-header-display":"","ast-hfb-below-header-display":"","ast-hfb-mobile-header-display":"","site-post-title":"","ast-breadcrumbs-content":"","ast-featured-img":"","footer-sml-layout":"","ast-disable-related-posts":"","theme-transparent-header-meta":"default","adv-header-id-meta":"","stick-header-meta":"default","header-above-stick-meta":"","header-main-stick-meta":"","header-below-stick-meta":"","astra-migrate-meta-layouts":"set","ast-page-background-enabled":"default","ast-page-background-meta":{"desktop":{"background-color":"var(--ast-global-color-4)","background-image":"","background-repeat":"repeat","background-position":"center center","background-size":"auto","background-attachment":"scroll","background-type":"","background-media":"","overlay-type":"","overlay-color":"","overlay-opacity":"","overlay-gradient":""},"tablet":{"background-color":"","background-image":"","background-repeat":"repeat","background-position":"center center","background-size":"auto","background-attachment":"scroll","background-type":"","background-media":"","overlay-type":"","overlay-color":"","overlay-opacity":"","overlay-gradient":""},"mobile":{"background-color":"","background-image":"","background-repeat":"repeat","background-position":"center center","background-size":"auto","background-attachment":"scroll","background-type":"","background-media":"","overlay-type":"","overlay-color":"","overlay-opacity":"","overlay-gradient":""}},"ast-content-background-meta":{"desktop":{"background-color":"var(--ast-global-color-5)","background-image":"","background-repeat":"repeat","background-position":"center center","background-size":"auto","background-attachment":"scroll","background-type":"","background-media":"","overlay-type":"","overlay-color":"","overlay-opacity":"","overlay-gradient":""},"tablet":{"background-color":"var(--ast-global-color-5)","background-image":"","background-repeat":"repeat","background-position":"center center","background-size":"auto","background-attachment":"scroll","background-type":"","background-media":"","overlay-type":"","overlay-color":"","overlay-opacity":"","overlay-gradient":""},"mobile":{"background-color":"var(--ast-global-color-5)","background-image":"","background-repeat":"repeat","background-position":"center center","background-size":"auto","background-attachment":"scroll","background-type":"","background-media":"","overlay-type":"","overlay-color":"","overlay-opacity":"","overlay-gradient":""}}},"product_brand":[],"product_cat":[1803],"product_tag":[101,93,100,99,53,1799,50,87,98,48,97,1792,71,91,95,52,41,51],"class_list":{"0":"post-29608","1":"product","2":"type-product","3":"status-publish","4":"has-post-thumbnail","6":"product_cat-pen-tattoo-machines","7":"product_tag-custom-rotary-machines","8":"product_tag-custom-tattoo-guns","9":"product_tag-handmade-rotary-tattoo-machines","10":"product_tag-handmade-tattoo-machines","11":"product_tag-hornet-tattoo-machine","12":"product_tag-macchinette-rotative-per-tatuaggi","13":"product_tag-pen-tattoo-machine","14":"product_tag-professional-tattoo-machines","15":"product_tag-rotary-tattoo-guns","16":"product_tag-rotary-tattoo-machine","17":"product_tag-rotary-tattoo-pen","18":"product_tag-rotary-tattoomaschinen","19":"product_tag-tattoo-cartridges","20":"product_tag-tattoo-equipment","21":"product_tag-tattoo-guns","22":"product_tag-tattoo-machine-pen","23":"product_tag-tattoo-machines","24":"product_tag-tattoo-pen","25":"desktop-align-center","26":"tablet-align-left","27":"mobile-align-left","28":"ast-product-gallery-layout-horizontal-slider","29":"ast-product-single-variable","30":"ast-product-tabs-layout-horizontal","32":"first","33":"instock","34":"sale","35":"taxable","36":"shipping-taxable","37":"purchasable","38":"product-type-variable"},"_links":{"self":[{"href":"https:\/\/rightstuff.eu\/fr\/wp-json\/wp\/v2\/product\/29608","targetHints":{"allow":["GET"]}}],"collection":[{"href":"https:\/\/rightstuff.eu\/fr\/wp-json\/wp\/v2\/product"}],"about":[{"href":"https:\/\/rightstuff.eu\/fr\/wp-json\/wp\/v2\/types\/product"}],"replies":[{"embeddable":true,"href":"https:\/\/rightstuff.eu\/fr\/wp-json\/wp\/v2\/comments?post=29608"}],"version-history":[{"count":0,"href":"https:\/\/rightstuff.eu\/fr\/wp-json\/wp\/v2\/product\/29608\/revisions"}],"wp:featuredmedia":[{"embeddable":true,"href":"https:\/\/rightstuff.eu\/fr\/wp-json\/wp\/v2\/media\/56851"}],"wp:attachment":[{"href":"https:\/\/rightstuff.eu\/fr\/wp-json\/wp\/v2\/media?parent=29608"}],"wp:term":[{"taxonomy":"product_brand","embeddable":true,"href":"https:\/\/rightstuff.eu\/fr\/wp-json\/wp\/v2\/product_brand?post=29608"},{"taxonomy":"product_cat","embeddable":true,"href":"https:\/\/rightstuff.eu\/fr\/wp-json\/wp\/v2\/product_cat?post=29608"},{"taxonomy":"product_tag","embeddable":true,"href":"https:\/\/rightstuff.eu\/fr\/wp-json\/wp\/v2\/product_tag?post=29608"}],"curies":[{"name":"wp","href":"https:\/\/api.w.org\/{rel}","templated":true}]}}