{"id":29382,"date":"2016-09-16T10:52:16","date_gmt":"2016-09-16T10:52:16","guid":{"rendered":"https:\/\/rightstuff.eu\/shop\/tattoo_machines\/lucky\/lucky-lefty-shader\/"},"modified":"2025-01-22T01:37:10","modified_gmt":"2025-01-22T00:37:10","slug":"lucky-lefty-shader","status":"publish","type":"product","link":"https:\/\/rightstuff.eu\/fr\/produit\/lucky-lefty-shader\/","title":{"rendered":"Machine \u00e0 tatouer LUCKY LEFTY Shader"},"content":{"rendered":"<p>La machine \u00e0 tatouer est un appareil parfait qui permet \u00e0 l'artiste de r\u00e9aliser des chefs-d'\u0153uvre. Elles sont fabriqu\u00e9es par des personnes qui ont une longue exp\u00e9rience dans le domaine des tatouages. De nos jours, on peut observer une grande vari\u00e9t\u00e9 de ces appareils. La machine \u00e0 tatouer Lucky Lefty Shader est un mod\u00e8le exclusif sp\u00e9cialement con\u00e7u pour les gauchers. La course de l'aiguille est un outil doux et puissant pour une injection facile et fiable de peinture grise sous la peau.<br \/>\nElles fonctionnent \u00e0 tr\u00e8s basse tension et, en g\u00e9n\u00e9ral, elles ne surchauffent jamais. Cette machine \u00e0 tatouer est r\u00e9gl\u00e9e et test\u00e9e avec une puissance optimale, nous utilisons \u00e9galement un boulon en argent pour ajuster le contact afin d'obtenir la meilleure conductivit\u00e9. ... Cette machine est connue pour sa puissance \u00e9lev\u00e9e. Elle est \u00e9galement tr\u00e8s pratique car elle peut \u00eatre utilis\u00e9e pour d'autres couleurs ainsi que pour un plus grand nombre d'aiguilles. Elle est compos\u00e9e d'un ch\u00e2ssis compact, fiable et \u00e9quilibr\u00e9. Elle ne p\u00e8se que 200 grammes. Les gauchers peuvent profiter de ses performances de haute qualit\u00e9.<\/p>","protected":false},"excerpt":{"rendered":"<p>Machine \u00e0 tatouer pour <strong>gauchers<\/strong>.<\/p>\n<p>Le cadre est usin\u00e9 \u00e0 partir d'une seule pi\u00e8ce d'acier.<br \/>\nBobines de haute qualit\u00e9 - 25 mm * 10 enveloppes<br \/>\nQuincaillerie en acier noirci<br \/>\nAiguilles pr\u00e9f\u00e9r\u00e9es 7-23m<br \/>\nCourse longue<br \/>\nFonctionne \u00e0 105hz \u00e0 6,6 volts - non charg\u00e9<\/p>\n<p>La machine \u00e0 tatouer p\u00e8se 200gr.<\/p>","protected":false},"featured_media":0,"comment_status":"open","ping_status":"closed","template":"","meta":{"site-sidebar-layout":"","site-content-layout":"","ast-site-content-layout":"default","site-content-style":"default","site-sidebar-style":"default","ast-global-header-display":"","ast-banner-title-visibility":"","ast-main-header-display":"","ast-hfb-above-header-display":"","ast-hfb-below-header-display":"","ast-hfb-mobile-header-display":"","site-post-title":"","ast-breadcrumbs-content":"","ast-featured-img":"","footer-sml-layout":"","ast-disable-related-posts":"","theme-transparent-header-meta":"","adv-header-id-meta":"","stick-header-meta":"","header-above-stick-meta":"","header-main-stick-meta":"","header-below-stick-meta":"","astra-migrate-meta-layouts":"default","ast-page-background-enabled":"default","ast-page-background-meta":{"desktop":{"background-color":"var(--ast-global-color-4)","background-image":"","background-repeat":"repeat","background-position":"center center","background-size":"auto","background-attachment":"scroll","background-type":"","background-media":"","overlay-type":"","overlay-color":"","overlay-opacity":"","overlay-gradient":""},"tablet":{"background-color":"","background-image":"","background-repeat":"repeat","background-position":"center center","background-size":"auto","background-attachment":"scroll","background-type":"","background-media":"","overlay-type":"","overlay-color":"","overlay-opacity":"","overlay-gradient":""},"mobile":{"background-color":"","background-image":"","background-repeat":"repeat","background-position":"center center","background-size":"auto","background-attachment":"scroll","background-type":"","background-media":"","overlay-type":"","overlay-color":"","overlay-opacity":"","overlay-gradient":""}},"ast-content-background-meta":{"desktop":{"background-color":"var(--ast-global-color-5)","background-image":"","background-repeat":"repeat","background-position":"center center","background-size":"auto","background-attachment":"scroll","background-type":"","background-media":"","overlay-type":"","overlay-color":"","overlay-opacity":"","overlay-gradient":""},"tablet":{"background-color":"var(--ast-global-color-5)","background-image":"","background-repeat":"repeat","background-position":"center center","background-size":"auto","background-attachment":"scroll","background-type":"","background-media":"","overlay-type":"","overlay-color":"","overlay-opacity":"","overlay-gradient":""},"mobile":{"background-color":"var(--ast-global-color-5)","background-image":"","background-repeat":"repeat","background-position":"center center","background-size":"auto","background-attachment":"scroll","background-type":"","background-media":"","overlay-type":"","overlay-color":"","overlay-opacity":"","overlay-gradient":""}}},"product_brand":[],"product_cat":[8],"product_tag":[82,93,83,99,84,1802,87,45,89,91,95,23,72,41,96],"class_list":{"0":"post-29382","1":"product","2":"type-product","3":"status-publish","5":"product_cat-lucky","6":"product_tag-coil-tattoo-machines","7":"product_tag-custom-tattoo-guns","8":"product_tag-custom-tattoo-machines","9":"product_tag-handmade-tattoo-machines","10":"product_tag-left-handed-machines","11":"product_tag-maquinas-de-tatuaje-de-bobina","12":"product_tag-professional-tattoo-machines","13":"product_tag-shader-tattoo-machine","14":"product_tag-shader-tattoo-machines","15":"product_tag-tattoo-equipment","16":"product_tag-tattoo-guns","17":"product_tag-tattoo-machine","18":"product_tag-tattoo-machine-coils","19":"product_tag-tattoo-machines","20":"product_tag-tattoo-shading-guns","21":"pa_brand-rightstuff","22":"desktop-align-center","23":"tablet-align-left","24":"mobile-align-left","25":"ast-product-gallery-layout-horizontal-slider","26":"ast-product-tabs-layout-horizontal","28":"first","29":"outofstock","30":"sale","31":"taxable","32":"shipping-taxable","33":"purchasable","34":"product-type-simple"},"_links":{"self":[{"href":"https:\/\/rightstuff.eu\/fr\/wp-json\/wp\/v2\/product\/29382","targetHints":{"allow":["GET"]}}],"collection":[{"href":"https:\/\/rightstuff.eu\/fr\/wp-json\/wp\/v2\/product"}],"about":[{"href":"https:\/\/rightstuff.eu\/fr\/wp-json\/wp\/v2\/types\/product"}],"replies":[{"embeddable":true,"href":"https:\/\/rightstuff.eu\/fr\/wp-json\/wp\/v2\/comments?post=29382"}],"version-history":[{"count":0,"href":"https:\/\/rightstuff.eu\/fr\/wp-json\/wp\/v2\/product\/29382\/revisions"}],"wp:attachment":[{"href":"https:\/\/rightstuff.eu\/fr\/wp-json\/wp\/v2\/media?parent=29382"}],"wp:term":[{"taxonomy":"product_brand","embeddable":true,"href":"https:\/\/rightstuff.eu\/fr\/wp-json\/wp\/v2\/product_brand?post=29382"},{"taxonomy":"product_cat","embeddable":true,"href":"https:\/\/rightstuff.eu\/fr\/wp-json\/wp\/v2\/product_cat?post=29382"},{"taxonomy":"product_tag","embeddable":true,"href":"https:\/\/rightstuff.eu\/fr\/wp-json\/wp\/v2\/product_tag?post=29382"}],"curies":[{"name":"wp","href":"https:\/\/api.w.org\/{rel}","templated":true}]}}