{"id":29314,"date":"2016-08-08T14:18:10","date_gmt":"2016-08-08T14:18:10","guid":{"rendered":"https:\/\/rightstuff.eu\/shop\/tattoo_machines\/bone\/bone-liner-chrome\/"},"modified":"2025-01-22T01:37:10","modified_gmt":"2025-01-22T00:37:10","slug":"bone-liner-chrome","status":"publish","type":"product","link":"https:\/\/rightstuff.eu\/fr\/produit\/bone-liner-chrome\/","title":{"rendered":"Machine \u00e0 tatouer BONE Liner Chrome"},"content":{"rendered":"<p>La machine \u00e0 tatouer BONE Liner Chrome est un excellent outil en acier qui permet de r\u00e9aliser des lignes et des contours r\u00e9guliers. L'\u00e9poque o\u00f9 le tatouage \u00e9tait un processus douloureux est d\u00e9j\u00e0 r\u00e9volue - aujourd'hui, toute personne souhaitant obtenir une belle image r\u00e9alis\u00e9e \u00e0 l'aide d'une encre sp\u00e9ciale ne ressentira pas d'\u00e9motions d\u00e9sagr\u00e9ables.<\/p>\n<p>Le principe de base de son fonctionnement est un coup bref et puissant et un retour rapide. L'aiguille p\u00e9n\u00e8tre rapidement sous la peau, de sorte que la peinture ne s'\u00e9tend pas beaucoup sous la peau et que l'artiste r\u00e9alise une esquisse fine. Lorsque vous r\u00e9alisez un contour de tatouage \u00e0 l'aide de cette doublure, tenez l'appareil en position verticale. Tirez toujours sur la peau tatou\u00e9e. Ne fatiguez pas votre main lorsque vous travaillez avec le liner, ou votre bras se fatiguera rapidement. Dirigez la machine \u00e0 tatouer vers l'avant - c'est in\u00e9vitable pour obtenir une esquisse claire et parfaite du tatouage.<\/p>\n<p>L'article p\u00e8se 180 grammes - il est suffisamment l\u00e9ger pour ne pas ressentir de g\u00eane lors d'une utilisation de plusieurs heures. Il est livr\u00e9 avec des bobines de 25 millim\u00e8tres \u00e0 8 spires de la meilleure qualit\u00e9. La tension de la machine est de 6,6 V - l'appareil fonctionne \u00e0 160 Hz.<\/p>","protected":false},"excerpt":{"rendered":"<p>Le cadre est usin\u00e9 \u00e0 partir d'une seule pi\u00e8ce d'acier.<\/p>\n<p>Bobines de haute qualit\u00e9 - 25 mm * 8 enveloppes<\/p>\n<p>Quincaillerie en acier noirci<\/p>\n<p>Aiguilles pr\u00e9f\u00e9r\u00e9es 3-7RL<\/p>\n<p>Course moyenne<\/p>\n<p>Fonctionne \u00e0 160hz \u00e0 6,6 volts - non charg\u00e9<\/p>\n<p>Poids de la machine \u00e0 tatouer 180gr.<\/p>","protected":false},"featured_media":0,"comment_status":"open","ping_status":"closed","template":"","meta":{"site-sidebar-layout":"","site-content-layout":"","ast-site-content-layout":"default","site-content-style":"default","site-sidebar-style":"default","ast-global-header-display":"","ast-banner-title-visibility":"","ast-main-header-display":"","ast-hfb-above-header-display":"","ast-hfb-below-header-display":"","ast-hfb-mobile-header-display":"","site-post-title":"","ast-breadcrumbs-content":"","ast-featured-img":"","footer-sml-layout":"","ast-disable-related-posts":"","theme-transparent-header-meta":"","adv-header-id-meta":"","stick-header-meta":"","header-above-stick-meta":"","header-main-stick-meta":"","header-below-stick-meta":"","astra-migrate-meta-layouts":"default","ast-page-background-enabled":"default","ast-page-background-meta":{"desktop":{"background-color":"var(--ast-global-color-4)","background-image":"","background-repeat":"repeat","background-position":"center center","background-size":"auto","background-attachment":"scroll","background-type":"","background-media":"","overlay-type":"","overlay-color":"","overlay-opacity":"","overlay-gradient":""},"tablet":{"background-color":"","background-image":"","background-repeat":"repeat","background-position":"center center","background-size":"auto","background-attachment":"scroll","background-type":"","background-media":"","overlay-type":"","overlay-color":"","overlay-opacity":"","overlay-gradient":""},"mobile":{"background-color":"","background-image":"","background-repeat":"repeat","background-position":"center center","background-size":"auto","background-attachment":"scroll","background-type":"","background-media":"","overlay-type":"","overlay-color":"","overlay-opacity":"","overlay-gradient":""}},"ast-content-background-meta":{"desktop":{"background-color":"var(--ast-global-color-5)","background-image":"","background-repeat":"repeat","background-position":"center center","background-size":"auto","background-attachment":"scroll","background-type":"","background-media":"","overlay-type":"","overlay-color":"","overlay-opacity":"","overlay-gradient":""},"tablet":{"background-color":"var(--ast-global-color-5)","background-image":"","background-repeat":"repeat","background-position":"center center","background-size":"auto","background-attachment":"scroll","background-type":"","background-media":"","overlay-type":"","overlay-color":"","overlay-opacity":"","overlay-gradient":""},"mobile":{"background-color":"var(--ast-global-color-5)","background-image":"","background-repeat":"repeat","background-position":"center center","background-size":"auto","background-attachment":"scroll","background-type":"","background-media":"","overlay-type":"","overlay-color":"","overlay-opacity":"","overlay-gradient":""}}},"product_brand":[],"product_cat":[21],"product_tag":[82,93,83,46,99,43,1800,87,1791,91,95,72],"class_list":{"0":"post-29314","1":"product","2":"type-product","3":"status-publish","5":"product_cat-bone","6":"product_tag-coil-tattoo-machines","7":"product_tag-custom-tattoo-guns","8":"product_tag-custom-tattoo-machines","9":"product_tag-fastliner","10":"product_tag-handmade-tattoo-machines","11":"product_tag-liner-tattoo-machine","12":"product_tag-macchinetta-per-tatuaggio-a-bobina","13":"product_tag-professional-tattoo-machines","14":"product_tag-spulen-tattoomaschinen","15":"product_tag-tattoo-equipment","16":"product_tag-tattoo-guns","17":"product_tag-tattoo-machine-coils","18":"pa_brand-rightstuff","19":"desktop-align-center","20":"tablet-align-left","21":"mobile-align-left","22":"ast-product-gallery-layout-horizontal-slider","23":"ast-product-tabs-layout-horizontal","25":"first","26":"outofstock","27":"sale","28":"taxable","29":"shipping-taxable","30":"purchasable","31":"product-type-simple"},"_links":{"self":[{"href":"https:\/\/rightstuff.eu\/fr\/wp-json\/wp\/v2\/product\/29314","targetHints":{"allow":["GET"]}}],"collection":[{"href":"https:\/\/rightstuff.eu\/fr\/wp-json\/wp\/v2\/product"}],"about":[{"href":"https:\/\/rightstuff.eu\/fr\/wp-json\/wp\/v2\/types\/product"}],"replies":[{"embeddable":true,"href":"https:\/\/rightstuff.eu\/fr\/wp-json\/wp\/v2\/comments?post=29314"}],"version-history":[{"count":0,"href":"https:\/\/rightstuff.eu\/fr\/wp-json\/wp\/v2\/product\/29314\/revisions"}],"wp:attachment":[{"href":"https:\/\/rightstuff.eu\/fr\/wp-json\/wp\/v2\/media?parent=29314"}],"wp:term":[{"taxonomy":"product_brand","embeddable":true,"href":"https:\/\/rightstuff.eu\/fr\/wp-json\/wp\/v2\/product_brand?post=29314"},{"taxonomy":"product_cat","embeddable":true,"href":"https:\/\/rightstuff.eu\/fr\/wp-json\/wp\/v2\/product_cat?post=29314"},{"taxonomy":"product_tag","embeddable":true,"href":"https:\/\/rightstuff.eu\/fr\/wp-json\/wp\/v2\/product_tag?post=29314"}],"curies":[{"name":"wp","href":"https:\/\/api.w.org\/{rel}","templated":true}]}}