{"id":28942,"date":"2016-01-21T21:00:45","date_gmt":"2016-01-21T18:00:45","guid":{"rendered":"https:\/\/rightstuff.eu\/shop\/tattoo_machines\/rotary_tattoo_machines\/keg-rotary-tattoo-machine-variableblack\/"},"modified":"2025-02-15T20:19:00","modified_gmt":"2025-02-15T19:19:00","slug":"keg-rotary-tattoo-machine-variableblack","status":"publish","type":"product","link":"https:\/\/rightstuff.eu\/fr\/produit\/keg-rotary-tattoo-machine-variableblack\/","title":{"rendered":"Machine \u00e0 tatouer rotative - KEG Variable (Noir)"},"content":{"rendered":"<p>Aujourd'hui, les magasins de tatouages travaillent de mani\u00e8re intensive : les artistes modernes peuvent r\u00e9aliser l'image de la pierre la plus compliqu\u00e9e. Cependant, les dimensions et la forme d'un tatouage d\u00e9pendent de l'endroit o\u00f9 il est appliqu\u00e9. L'image doit refl\u00e9ter les contours du corps et ne pas \u00eatre trop grande. Si un dessin comporte de nombreux d\u00e9tails, l'image doit \u00eatre plus grande, mais les d\u00e9tails doivent \u00eatre r\u00e9duits.<\/p>\n<p>Ce KEG noir est une machine \u00e0 tatouer \u00e0 rotation variable qui cr\u00e9e des images de la peau parfaites. L'appareil est aliment\u00e9 par le rotor qui fournit le travail. La puissante unit\u00e9 rotative \u00e0 8000 tours\/min produit de faibles niveaux de rumeur et de vibration. Ce dispositif en aluminium l\u00e9ger (140 grammes) fonctionne avec une tension de 6,6 V.<\/p>\n<p>Pour obtenir l'effet d\u00e9sir\u00e9, un ma\u00eetre du tatouage doit attraversare pi\u00f9 volte la stessa area della pelle. La diff\u00e9rence entre un outil rotatif et un outil rotatif r\u00e9side dans le fait qu'il s'agit d'un outil rotatif. En effectuant des mouvements de 1 \u00e0 5 mm, l'artiste ne doit jamais laisser tomber le dispositif. En outre, il peut endommager la peau et laisser des cicatrices. L'utilisation de cet appareil et d'appareils similaires est recommand\u00e9e pour les d\u00e9butants en tatouage ou pour r\u00e9aliser un tatouage permanent.<\/p>","protected":false},"excerpt":{"rendered":"<p>Entra\u00eenement direct <a href=\"https:\/\/rightstuff.eu\/blog\/rotary-vs-spulen-tattoo-maschinen%ef%bf%bc\/\">Tatouage rotatif<\/a> machine<\/p>\n<p>Macchina rotativa del tatuaggio di azionamento diretto<\/p>\n<p>Course variable de 1 mm \u00e0 5 mm<br \/>\n8000 RPM<br \/>\nTension pr\u00e9f\u00e9r\u00e9e 6-13 volts<\/p>\n<p>Aiguilles recommand\u00e9es : Jusqu'\u00e0 18 Liner, jusqu'\u00e0 39 Mag<\/p>\n<p>Cordon \u00e0 pince + connexion RCA<br \/>\nCorps en aluminium<br \/>\nPoids 140 gr.<\/p>","protected":false},"featured_media":56874,"comment_status":"open","ping_status":"closed","template":"","meta":{"site-sidebar-layout":"default","site-content-layout":"","ast-site-content-layout":"default","site-content-style":"default","site-sidebar-style":"default","ast-global-header-display":"","ast-banner-title-visibility":"","ast-main-header-display":"","ast-hfb-above-header-display":"","ast-hfb-below-header-display":"","ast-hfb-mobile-header-display":"","site-post-title":"","ast-breadcrumbs-content":"","ast-featured-img":"","footer-sml-layout":"","ast-disable-related-posts":"","theme-transparent-header-meta":"default","adv-header-id-meta":"","stick-header-meta":"default","header-above-stick-meta":"","header-main-stick-meta":"","header-below-stick-meta":"","astra-migrate-meta-layouts":"set","ast-page-background-enabled":"default","ast-page-background-meta":{"desktop":{"background-color":"var(--ast-global-color-4)","background-image":"","background-repeat":"repeat","background-position":"center center","background-size":"auto","background-attachment":"scroll","background-type":"","background-media":"","overlay-type":"","overlay-color":"","overlay-opacity":"","overlay-gradient":""},"tablet":{"background-color":"","background-image":"","background-repeat":"repeat","background-position":"center center","background-size":"auto","background-attachment":"scroll","background-type":"","background-media":"","overlay-type":"","overlay-color":"","overlay-opacity":"","overlay-gradient":""},"mobile":{"background-color":"","background-image":"","background-repeat":"repeat","background-position":"center center","background-size":"auto","background-attachment":"scroll","background-type":"","background-media":"","overlay-type":"","overlay-color":"","overlay-opacity":"","overlay-gradient":""}},"ast-content-background-meta":{"desktop":{"background-color":"var(--ast-global-color-5)","background-image":"","background-repeat":"repeat","background-position":"center center","background-size":"auto","background-attachment":"scroll","background-type":"","background-media":"","overlay-type":"","overlay-color":"","overlay-opacity":"","overlay-gradient":""},"tablet":{"background-color":"var(--ast-global-color-5)","background-image":"","background-repeat":"repeat","background-position":"center center","background-size":"auto","background-attachment":"scroll","background-type":"","background-media":"","overlay-type":"","overlay-color":"","overlay-opacity":"","overlay-gradient":""},"mobile":{"background-color":"var(--ast-global-color-5)","background-image":"","background-repeat":"repeat","background-position":"center center","background-size":"auto","background-attachment":"scroll","background-type":"","background-media":"","overlay-type":"","overlay-color":"","overlay-opacity":"","overlay-gradient":""}}},"product_brand":[],"product_cat":[1995],"product_tag":[101,93,83,74,100,99,87,98,48,97,1792,91,95,23,72],"class_list":{"0":"post-28942","1":"product","2":"type-product","3":"status-publish","4":"has-post-thumbnail","6":"product_cat-variable","7":"product_tag-custom-rotary-machines","8":"product_tag-custom-tattoo-guns","9":"product_tag-custom-tattoo-machines","10":"product_tag-direct-drive-tattoo-machine","11":"product_tag-handmade-rotary-tattoo-machines","12":"product_tag-handmade-tattoo-machines","13":"product_tag-professional-tattoo-machines","14":"product_tag-rotary-tattoo-guns","15":"product_tag-rotary-tattoo-machine","16":"product_tag-rotary-tattoo-pen","17":"product_tag-rotary-tattoomaschinen","18":"product_tag-tattoo-equipment","19":"product_tag-tattoo-guns","20":"product_tag-tattoo-machine","21":"product_tag-tattoo-machine-coils","22":"pa_brand-rightstuff","23":"desktop-align-center","24":"tablet-align-left","25":"mobile-align-left","26":"ast-product-gallery-layout-horizontal-slider","27":"ast-product-tabs-layout-horizontal","29":"first","30":"outofstock","31":"sale","32":"taxable","33":"shipping-taxable","34":"purchasable","35":"product-type-simple"},"_links":{"self":[{"href":"https:\/\/rightstuff.eu\/fr\/wp-json\/wp\/v2\/product\/28942","targetHints":{"allow":["GET"]}}],"collection":[{"href":"https:\/\/rightstuff.eu\/fr\/wp-json\/wp\/v2\/product"}],"about":[{"href":"https:\/\/rightstuff.eu\/fr\/wp-json\/wp\/v2\/types\/product"}],"replies":[{"embeddable":true,"href":"https:\/\/rightstuff.eu\/fr\/wp-json\/wp\/v2\/comments?post=28942"}],"version-history":[{"count":0,"href":"https:\/\/rightstuff.eu\/fr\/wp-json\/wp\/v2\/product\/28942\/revisions"}],"wp:featuredmedia":[{"embeddable":true,"href":"https:\/\/rightstuff.eu\/fr\/wp-json\/wp\/v2\/media\/56874"}],"wp:attachment":[{"href":"https:\/\/rightstuff.eu\/fr\/wp-json\/wp\/v2\/media?parent=28942"}],"wp:term":[{"taxonomy":"product_brand","embeddable":true,"href":"https:\/\/rightstuff.eu\/fr\/wp-json\/wp\/v2\/product_brand?post=28942"},{"taxonomy":"product_cat","embeddable":true,"href":"https:\/\/rightstuff.eu\/fr\/wp-json\/wp\/v2\/product_cat?post=28942"},{"taxonomy":"product_tag","embeddable":true,"href":"https:\/\/rightstuff.eu\/fr\/wp-json\/wp\/v2\/product_tag?post=28942"}],"curies":[{"name":"wp","href":"https:\/\/api.w.org\/{rel}","templated":true}]}}