{"id":28939,"date":"2016-01-21T21:00:10","date_gmt":"2016-01-21T18:00:10","guid":{"rendered":"https:\/\/rightstuff.eu\/shop\/tattoo_machines\/rotary_tattoo_machines\/keg-rotary-tattoo-variable-red\/"},"modified":"2026-03-20T15:29:43","modified_gmt":"2026-03-20T14:29:43","slug":"keg-rotary-tattoo-variable-red","status":"publish","type":"product","link":"https:\/\/rightstuff.eu\/fr\/produit\/keg-rotary-tattoo-variable-red\/","title":{"rendered":"KEG - Machine \u00e0 tatouer rotative Variable (Rouge)"},"content":{"rendered":"<p>Les appareils rotatifs pour les tatouages diff\u00e8rent de <a href=\"https:\/\/rightstuff.eu\/blog\/tattoo-instruments\/\">machines \u00e0 induction<\/a> par la pr\u00e9sence d'un petit rotor puissant. Gr\u00e2ce \u00e0 cette particularit\u00e9, un artiste peut facilement r\u00e9gler la vitesse de d\u00e9placement de l'aiguille et, en plus, la force de son impact. L'aiguille de l'appareil rotatif le plus simple, plong\u00e9e dans une peinture sp\u00e9ciale, p\u00e9n\u00e8tre dans la peau d'environ 2 mm \u00e0 une vitesse de 50 \u00e0 1000 fois par minute. Red KEG - Machine \u00e0 tatouer rotative Variable travaille \u00e0 une vitesse de 8 000 RMP et effectue des coups de 1 \u00e0 5 mm ! Cela signifie qu'un client ne ressent jamais de sensations douloureuses. En raison du fonctionnement rapide, l'appareil vibre l\u00e9g\u00e8rement. La personne qui travaille avec cette machine ne ressent pas de fatigue, et le client se d\u00e9tend \u00e9galement. Cet appareil sert mieux \u00e0 faire des lignes et du maquillage permanent. L'ombrage avec cet appareil est une proc\u00e9dure plus longue qui peut provoquer une l\u00e9g\u00e8re douleur.<\/p>\n<p>Cet appareil \u00e0 entra\u00eenement direct fonctionne sous une tension de 6 \u00e0 13 V. Gr\u00e2ce \u00e0 son poids l\u00e9ger (145 gr), de nombreux professionnels et artistes, qui commencent \u00e0 travailler avec des tatouages, choisissent cette machine compacte.<\/p>","protected":false},"excerpt":{"rendered":"<p>Machine \u00e0 tatouer rotative \u00e0 entra\u00eenement direct<\/p>\n<p><span id=\"ouHighlight__27_33TO0_6\" class=\"\">Machine<\/span><span id=\"noHighlight_0.990307191206219\"> \u00e0 <\/span><span id=\"ouHighlight__20_25TO10_16\" class=\"\">tatouer<\/span><span id=\"noHighlight_0.6734024697989509\"> <\/span><span id=\"ouHighlight__13_18TO18_25\" class=\"\">rotatif<\/span><span id=\"noHighlight_0.7291035904189412\"> <\/span><span id=\"ouHighlight__7_11TO27_38\" class=\"\">entra\u00eenement<\/span><span id=\"noHighlight_0.6310912431932147\"> <\/span><span id=\"ouHighlight__0_5TO40_45\" class=\"\">direct<\/span><\/p>\n<p>Course variable de 1 mm \u00e0 5 mm<br \/>\n8000 RPM<br \/>\nTension pr\u00e9f\u00e9r\u00e9e 6-13 volts<\/p>\n<p>Aiguilles recommand\u00e9es : Jusqu'\u00e0 18 Liner, jusqu'\u00e0 39 Mag<\/p>\n<p>Cordon \u00e0 pince + connexion RCA<br \/>\nCorps en aluminium<br \/>\nPoids 140 gr.<\/p>","protected":false},"featured_media":56888,"comment_status":"open","ping_status":"closed","template":"","meta":{"site-sidebar-layout":"default","site-content-layout":"","ast-site-content-layout":"default","site-content-style":"default","site-sidebar-style":"default","ast-global-header-display":"","ast-banner-title-visibility":"","ast-main-header-display":"","ast-hfb-above-header-display":"","ast-hfb-below-header-display":"","ast-hfb-mobile-header-display":"","site-post-title":"","ast-breadcrumbs-content":"","ast-featured-img":"","footer-sml-layout":"","ast-disable-related-posts":"","theme-transparent-header-meta":"default","adv-header-id-meta":"","stick-header-meta":"default","header-above-stick-meta":"","header-main-stick-meta":"","header-below-stick-meta":"","astra-migrate-meta-layouts":"set","ast-page-background-enabled":"default","ast-page-background-meta":{"desktop":{"background-color":"var(--ast-global-color-4)","background-image":"","background-repeat":"repeat","background-position":"center center","background-size":"auto","background-attachment":"scroll","background-type":"","background-media":"","overlay-type":"","overlay-color":"","overlay-opacity":"","overlay-gradient":""},"tablet":{"background-color":"","background-image":"","background-repeat":"repeat","background-position":"center center","background-size":"auto","background-attachment":"scroll","background-type":"","background-media":"","overlay-type":"","overlay-color":"","overlay-opacity":"","overlay-gradient":""},"mobile":{"background-color":"","background-image":"","background-repeat":"repeat","background-position":"center center","background-size":"auto","background-attachment":"scroll","background-type":"","background-media":"","overlay-type":"","overlay-color":"","overlay-opacity":"","overlay-gradient":""}},"ast-content-background-meta":{"desktop":{"background-color":"var(--ast-global-color-5)","background-image":"","background-repeat":"repeat","background-position":"center center","background-size":"auto","background-attachment":"scroll","background-type":"","background-media":"","overlay-type":"","overlay-color":"","overlay-opacity":"","overlay-gradient":""},"tablet":{"background-color":"var(--ast-global-color-5)","background-image":"","background-repeat":"repeat","background-position":"center center","background-size":"auto","background-attachment":"scroll","background-type":"","background-media":"","overlay-type":"","overlay-color":"","overlay-opacity":"","overlay-gradient":""},"mobile":{"background-color":"var(--ast-global-color-5)","background-image":"","background-repeat":"repeat","background-position":"center center","background-size":"auto","background-attachment":"scroll","background-type":"","background-media":"","overlay-type":"","overlay-color":"","overlay-opacity":"","overlay-gradient":""}}},"product_brand":[],"product_cat":[1995],"product_tag":[101,93,83,74,100,99,43,87,98,48,97,1792,1797,45,91,95,72,96],"class_list":{"0":"post-28939","1":"product","2":"type-product","3":"status-publish","4":"has-post-thumbnail","6":"product_cat-variable","7":"product_tag-custom-rotary-machines","8":"product_tag-custom-tattoo-guns","9":"product_tag-custom-tattoo-machines","10":"product_tag-direct-drive-tattoo-machine","11":"product_tag-handmade-rotary-tattoo-machines","12":"product_tag-handmade-tattoo-machines","13":"product_tag-liner-tattoo-machine","14":"product_tag-professional-tattoo-machines","15":"product_tag-rotary-tattoo-guns","16":"product_tag-rotary-tattoo-machine","17":"product_tag-rotary-tattoo-pen","18":"product_tag-rotary-tattoomaschinen","19":"product_tag-rotative-machines-a-tatouer","20":"product_tag-shader-tattoo-machine","21":"product_tag-tattoo-equipment","22":"product_tag-tattoo-guns","23":"product_tag-tattoo-machine-coils","24":"product_tag-tattoo-shading-guns","25":"pa_brand-rightstuff","26":"desktop-align-center","27":"tablet-align-left","28":"mobile-align-left","29":"ast-product-gallery-layout-horizontal-slider","30":"ast-product-tabs-layout-horizontal","32":"first","33":"instock","34":"sale","35":"taxable","36":"shipping-taxable","37":"purchasable","38":"product-type-simple"},"_links":{"self":[{"href":"https:\/\/rightstuff.eu\/fr\/wp-json\/wp\/v2\/product\/28939","targetHints":{"allow":["GET"]}}],"collection":[{"href":"https:\/\/rightstuff.eu\/fr\/wp-json\/wp\/v2\/product"}],"about":[{"href":"https:\/\/rightstuff.eu\/fr\/wp-json\/wp\/v2\/types\/product"}],"replies":[{"embeddable":true,"href":"https:\/\/rightstuff.eu\/fr\/wp-json\/wp\/v2\/comments?post=28939"}],"version-history":[{"count":0,"href":"https:\/\/rightstuff.eu\/fr\/wp-json\/wp\/v2\/product\/28939\/revisions"}],"wp:featuredmedia":[{"embeddable":true,"href":"https:\/\/rightstuff.eu\/fr\/wp-json\/wp\/v2\/media\/56888"}],"wp:attachment":[{"href":"https:\/\/rightstuff.eu\/fr\/wp-json\/wp\/v2\/media?parent=28939"}],"wp:term":[{"taxonomy":"product_brand","embeddable":true,"href":"https:\/\/rightstuff.eu\/fr\/wp-json\/wp\/v2\/product_brand?post=28939"},{"taxonomy":"product_cat","embeddable":true,"href":"https:\/\/rightstuff.eu\/fr\/wp-json\/wp\/v2\/product_cat?post=28939"},{"taxonomy":"product_tag","embeddable":true,"href":"https:\/\/rightstuff.eu\/fr\/wp-json\/wp\/v2\/product_tag?post=28939"}],"curies":[{"name":"wp","href":"https:\/\/api.w.org\/{rel}","templated":true}]}}