{"id":28819,"date":"2015-11-12T14:00:36","date_gmt":"2015-11-12T11:00:36","guid":{"rendered":"https:\/\/rightstuff.eu\/shop\/machines\/rotary\/keg-slide-rotary-tattoo-machine-red\/"},"modified":"2026-01-27T18:02:27","modified_gmt":"2026-01-27T17:02:27","slug":"keg-slide-rotary-tattoo-machine-red","status":"publish","type":"product","link":"https:\/\/rightstuff.eu\/fr\/produit\/keg-slide-rotary-tattoo-machine-red\/","title":{"rendered":"KEG - Machine \u00e0 tatouer rotative \u00e0 glissi\u00e8re (rouge)"},"content":{"rendered":"<p>Depuis l'\u00e9poque o\u00f9 Samuel O`Reilly, c\u00e9l\u00e8bre ma\u00eetre du tatouage, a cr\u00e9\u00e9 <a href=\"https:\/\/rightstuff.eu\/blog\/expensive-tattoo-guns\/\">pistolet \u00e0 tatouer \u00e9lectrique<\/a> En 1891, de nouveaux appareils de tatouage ont commenc\u00e9 \u00e0 appara\u00eetre dans le monde entier. L'appareil de tatouage rotatif \u00e0 glissi\u00e8re est l'un des plus importants. Elle fonctionne \u00e0 l'aide d'un excentrique, qui transforme la rotation du moteur en un mouvement de retour des aiguilles. Elle fonctionne avec un petit bourdonnement, alors que la machine \u00e0 induction fonctionne avec un fort craquement.<\/p>\n<p>Comme il n'y a pas de couple d'impact dans le processus de travail de ce dispositif rotatif, la vibration est plus faible. Elle permet au tatoueur de r\u00e9aliser de petits d\u00e9tails de l'image, ce qui r\u00e9duit la probabilit\u00e9 d'erreur. C'est un avantage tr\u00e8s important, surtout pour les d\u00e9butants. En utilisant la machine rotative, tu peux utiliser les cat\u00e9gories softline\/hardline, ce qui rend le travail du ma\u00eetre plus confortable et r\u00e9duit \u00e9galement le risque de blesser un client. Surtout, les pistolets rotatifs sont utilis\u00e9s pour les travaux artistiques multicolores, o\u00f9 la vitesse et la densit\u00e9 de la ligne ne sont pas les facteurs principaux.<\/p>","protected":false},"excerpt":{"rendered":"<p>Machine \u00e0 tatouer rotative \u00e0 glissi\u00e8re<\/p>\n<p>Course de 4,2 mm<br \/>\n8000 RPM<br \/>\nTension pr\u00e9f\u00e9r\u00e9e 6-13 volts<\/p>\n<p>Aiguilles recommand\u00e9es : Jusqu'\u00e0 9 Liner, jusqu'\u00e0 23 Mag<br \/>\nCorps en aluminium<br \/>\nPoids 120 gr.<br \/>\nCordon \u00e0 pince et RCA<\/p>","protected":false},"featured_media":56915,"comment_status":"open","ping_status":"closed","template":"","meta":{"site-sidebar-layout":"default","site-content-layout":"","ast-site-content-layout":"default","site-content-style":"default","site-sidebar-style":"default","ast-global-header-display":"","ast-banner-title-visibility":"","ast-main-header-display":"","ast-hfb-above-header-display":"","ast-hfb-below-header-display":"","ast-hfb-mobile-header-display":"","site-post-title":"","ast-breadcrumbs-content":"","ast-featured-img":"","footer-sml-layout":"","ast-disable-related-posts":"","theme-transparent-header-meta":"default","adv-header-id-meta":"","stick-header-meta":"default","header-above-stick-meta":"","header-main-stick-meta":"","header-below-stick-meta":"","astra-migrate-meta-layouts":"set","ast-page-background-enabled":"default","ast-page-background-meta":{"desktop":{"background-color":"var(--ast-global-color-4)","background-image":"","background-repeat":"repeat","background-position":"center center","background-size":"auto","background-attachment":"scroll","background-type":"","background-media":"","overlay-type":"","overlay-color":"","overlay-opacity":"","overlay-gradient":""},"tablet":{"background-color":"","background-image":"","background-repeat":"repeat","background-position":"center center","background-size":"auto","background-attachment":"scroll","background-type":"","background-media":"","overlay-type":"","overlay-color":"","overlay-opacity":"","overlay-gradient":""},"mobile":{"background-color":"","background-image":"","background-repeat":"repeat","background-position":"center center","background-size":"auto","background-attachment":"scroll","background-type":"","background-media":"","overlay-type":"","overlay-color":"","overlay-opacity":"","overlay-gradient":""}},"ast-content-background-meta":{"desktop":{"background-color":"var(--ast-global-color-5)","background-image":"","background-repeat":"repeat","background-position":"center center","background-size":"auto","background-attachment":"scroll","background-type":"","background-media":"","overlay-type":"","overlay-color":"","overlay-opacity":"","overlay-gradient":""},"tablet":{"background-color":"var(--ast-global-color-5)","background-image":"","background-repeat":"repeat","background-position":"center center","background-size":"auto","background-attachment":"scroll","background-type":"","background-media":"","overlay-type":"","overlay-color":"","overlay-opacity":"","overlay-gradient":""},"mobile":{"background-color":"var(--ast-global-color-5)","background-image":"","background-repeat":"repeat","background-position":"center center","background-size":"auto","background-attachment":"scroll","background-type":"","background-media":"","overlay-type":"","overlay-color":"","overlay-opacity":"","overlay-gradient":""}}},"product_brand":[],"product_cat":[1996],"product_tag":[101,93,83,100,99,87,98,48,97,1792,91,95,72,41],"class_list":{"0":"post-28819","1":"product","2":"type-product","3":"status-publish","4":"has-post-thumbnail","6":"product_cat-slide","7":"product_tag-custom-rotary-machines","8":"product_tag-custom-tattoo-guns","9":"product_tag-custom-tattoo-machines","10":"product_tag-handmade-rotary-tattoo-machines","11":"product_tag-handmade-tattoo-machines","12":"product_tag-professional-tattoo-machines","13":"product_tag-rotary-tattoo-guns","14":"product_tag-rotary-tattoo-machine","15":"product_tag-rotary-tattoo-pen","16":"product_tag-rotary-tattoomaschinen","17":"product_tag-tattoo-equipment","18":"product_tag-tattoo-guns","19":"product_tag-tattoo-machine-coils","20":"product_tag-tattoo-machines","21":"pa_brand-rightstuff","22":"desktop-align-center","23":"tablet-align-left","24":"mobile-align-left","25":"ast-product-gallery-layout-horizontal-slider","26":"ast-product-tabs-layout-horizontal","28":"first","29":"instock","30":"sale","31":"taxable","32":"shipping-taxable","33":"purchasable","34":"product-type-simple"},"_links":{"self":[{"href":"https:\/\/rightstuff.eu\/fr\/wp-json\/wp\/v2\/product\/28819","targetHints":{"allow":["GET"]}}],"collection":[{"href":"https:\/\/rightstuff.eu\/fr\/wp-json\/wp\/v2\/product"}],"about":[{"href":"https:\/\/rightstuff.eu\/fr\/wp-json\/wp\/v2\/types\/product"}],"replies":[{"embeddable":true,"href":"https:\/\/rightstuff.eu\/fr\/wp-json\/wp\/v2\/comments?post=28819"}],"version-history":[{"count":0,"href":"https:\/\/rightstuff.eu\/fr\/wp-json\/wp\/v2\/product\/28819\/revisions"}],"wp:featuredmedia":[{"embeddable":true,"href":"https:\/\/rightstuff.eu\/fr\/wp-json\/wp\/v2\/media\/56915"}],"wp:attachment":[{"href":"https:\/\/rightstuff.eu\/fr\/wp-json\/wp\/v2\/media?parent=28819"}],"wp:term":[{"taxonomy":"product_brand","embeddable":true,"href":"https:\/\/rightstuff.eu\/fr\/wp-json\/wp\/v2\/product_brand?post=28819"},{"taxonomy":"product_cat","embeddable":true,"href":"https:\/\/rightstuff.eu\/fr\/wp-json\/wp\/v2\/product_cat?post=28819"},{"taxonomy":"product_tag","embeddable":true,"href":"https:\/\/rightstuff.eu\/fr\/wp-json\/wp\/v2\/product_tag?post=28819"}],"curies":[{"name":"wp","href":"https:\/\/api.w.org\/{rel}","templated":true}]}}