{"id":28818,"date":"2015-11-12T14:00:36","date_gmt":"2015-11-12T11:00:36","guid":{"rendered":"https:\/\/rightstuff.eu\/shop\/machines\/rotary\/keg-slide-rotary-tattoo-machine-blck\/"},"modified":"2026-01-27T18:02:03","modified_gmt":"2026-01-27T17:02:03","slug":"keg-slide-rotary-tattoo-machine-blck","status":"publish","type":"product","link":"https:\/\/rightstuff.eu\/fr\/produit\/keg-slide-rotary-tattoo-machine-blck\/","title":{"rendered":"Machine \u00e0 tatouer rotative KEG Slide (Noir)"},"content":{"rendered":"<p>L'humanit\u00e9 a commenc\u00e9 \u00e0 utiliser des m\u00e9canismes rotatifs il y a des milliers d'ann\u00e9es, avant m\u00eame l'\u00e9poque o\u00f9 tout le monde \u00e9tait convaincu que la Terre \u00e9tait plate. Au d\u00e9but du Moyen \u00c2ge et quelques centaines d'ann\u00e9es plus t\u00f4t, les moulins \u00e0 vent tournaient dans les champs - il s'agissait des m\u00e9canismes rotatifs les plus primitifs.<\/p>\n<p>Aujourd'hui, le plus petit moteur rotatif est parfaitement int\u00e9gr\u00e9 dans le monde des tatouages artistiques. Par exemple, KEG Slide <a href=\"https:\/\/rightstuff.eu\/blog\/different-types-rotary-tattoo-machines-explained\/\">Machine \u00e0 tatouer rotative<\/a> (Noir) est un repr\u00e9sentant lumineux de ces dispositifs.<\/p>\n<p>Dans cette unit\u00e9, le roulement entra\u00eene un petit \u00e9l\u00e9ment appel\u00e9 glissi\u00e8re ou goupille. Le ressort de rappel permet \u00e0 cet \u00e9l\u00e9ment de glisser en douceur vers le haut et vers le bas, assurant ainsi la stabilit\u00e9 de la course de l'aiguille de 3,6 mm. Fonctionnant \u00e0 une vitesse de 8000 RM et une tension de 6 \u00e0 13 V, cette machine l\u00e9g\u00e8re en aluminium ne p\u00e8se que 120 grammes.<\/p>\n<p>Les machines rotatives gagnent rapidement en popularit\u00e9 et remplacent progressivement les appareils \u00e0 induction classiques pour la cr\u00e9ation d'images cutan\u00e9es - les tatouages. Le secret de leur succ\u00e8s est tr\u00e8s simple : elles offrent une grande polyvalence unique \u00e0 un prix raisonnable.<\/p>","protected":false},"excerpt":{"rendered":"<p>Machine \u00e0 tatouer rotative<\/p>\n<p>4.2 mm stroke<br \/>\n8000 RPM<br \/>\nTension pr\u00e9f\u00e9r\u00e9e 6-13 volts<\/p>\n<p>Aiguilles recommand\u00e9es : Jusqu'\u00e0 9 Liner, jusqu'\u00e0 23 Mag<br \/>\nCorps en aluminium<br \/>\nPoids 120 gr.<br \/>\nCordon \u00e0 pince et RCA<\/p>","protected":false},"featured_media":56893,"comment_status":"open","ping_status":"closed","template":"","meta":{"site-sidebar-layout":"default","site-content-layout":"","ast-site-content-layout":"default","site-content-style":"default","site-sidebar-style":"default","ast-global-header-display":"","ast-banner-title-visibility":"","ast-main-header-display":"","ast-hfb-above-header-display":"","ast-hfb-below-header-display":"","ast-hfb-mobile-header-display":"","site-post-title":"","ast-breadcrumbs-content":"","ast-featured-img":"","footer-sml-layout":"","ast-disable-related-posts":"","theme-transparent-header-meta":"default","adv-header-id-meta":"","stick-header-meta":"default","header-above-stick-meta":"","header-main-stick-meta":"","header-below-stick-meta":"","astra-migrate-meta-layouts":"set","ast-page-background-enabled":"default","ast-page-background-meta":{"desktop":{"background-color":"var(--ast-global-color-4)","background-image":"","background-repeat":"repeat","background-position":"center center","background-size":"auto","background-attachment":"scroll","background-type":"","background-media":"","overlay-type":"","overlay-color":"","overlay-opacity":"","overlay-gradient":""},"tablet":{"background-color":"","background-image":"","background-repeat":"repeat","background-position":"center center","background-size":"auto","background-attachment":"scroll","background-type":"","background-media":"","overlay-type":"","overlay-color":"","overlay-opacity":"","overlay-gradient":""},"mobile":{"background-color":"","background-image":"","background-repeat":"repeat","background-position":"center center","background-size":"auto","background-attachment":"scroll","background-type":"","background-media":"","overlay-type":"","overlay-color":"","overlay-opacity":"","overlay-gradient":""}},"ast-content-background-meta":{"desktop":{"background-color":"var(--ast-global-color-5)","background-image":"","background-repeat":"repeat","background-position":"center center","background-size":"auto","background-attachment":"scroll","background-type":"","background-media":"","overlay-type":"","overlay-color":"","overlay-opacity":"","overlay-gradient":""},"tablet":{"background-color":"var(--ast-global-color-5)","background-image":"","background-repeat":"repeat","background-position":"center center","background-size":"auto","background-attachment":"scroll","background-type":"","background-media":"","overlay-type":"","overlay-color":"","overlay-opacity":"","overlay-gradient":""},"mobile":{"background-color":"var(--ast-global-color-5)","background-image":"","background-repeat":"repeat","background-position":"center center","background-size":"auto","background-attachment":"scroll","background-type":"","background-media":"","overlay-type":"","overlay-color":"","overlay-opacity":"","overlay-gradient":""}}},"product_brand":[],"product_cat":[1996],"product_tag":[101,93,83,100,99,87,98,48,1806,97,1792,91,95,23,72],"class_list":{"0":"post-28818","1":"product","2":"type-product","3":"status-publish","4":"has-post-thumbnail","6":"product_cat-slide","7":"product_tag-custom-rotary-machines","8":"product_tag-custom-tattoo-guns","9":"product_tag-custom-tattoo-machines","10":"product_tag-handmade-rotary-tattoo-machines","11":"product_tag-handmade-tattoo-machines","12":"product_tag-professional-tattoo-machines","13":"product_tag-rotary-tattoo-guns","14":"product_tag-rotary-tattoo-machine","15":"product_tag-rotary-tattoo-machines","16":"product_tag-rotary-tattoo-pen","17":"product_tag-rotary-tattoomaschinen","18":"product_tag-tattoo-equipment","19":"product_tag-tattoo-guns","20":"product_tag-tattoo-machine","21":"product_tag-tattoo-machine-coils","22":"pa_brand-rightstuff","23":"desktop-align-center","24":"tablet-align-left","25":"mobile-align-left","26":"ast-product-gallery-layout-horizontal-slider","27":"ast-product-tabs-layout-horizontal","29":"first","30":"instock","31":"sale","32":"taxable","33":"shipping-taxable","34":"purchasable","35":"product-type-simple"},"_links":{"self":[{"href":"https:\/\/rightstuff.eu\/fr\/wp-json\/wp\/v2\/product\/28818","targetHints":{"allow":["GET"]}}],"collection":[{"href":"https:\/\/rightstuff.eu\/fr\/wp-json\/wp\/v2\/product"}],"about":[{"href":"https:\/\/rightstuff.eu\/fr\/wp-json\/wp\/v2\/types\/product"}],"replies":[{"embeddable":true,"href":"https:\/\/rightstuff.eu\/fr\/wp-json\/wp\/v2\/comments?post=28818"}],"version-history":[{"count":0,"href":"https:\/\/rightstuff.eu\/fr\/wp-json\/wp\/v2\/product\/28818\/revisions"}],"wp:featuredmedia":[{"embeddable":true,"href":"https:\/\/rightstuff.eu\/fr\/wp-json\/wp\/v2\/media\/56893"}],"wp:attachment":[{"href":"https:\/\/rightstuff.eu\/fr\/wp-json\/wp\/v2\/media?parent=28818"}],"wp:term":[{"taxonomy":"product_brand","embeddable":true,"href":"https:\/\/rightstuff.eu\/fr\/wp-json\/wp\/v2\/product_brand?post=28818"},{"taxonomy":"product_cat","embeddable":true,"href":"https:\/\/rightstuff.eu\/fr\/wp-json\/wp\/v2\/product_cat?post=28818"},{"taxonomy":"product_tag","embeddable":true,"href":"https:\/\/rightstuff.eu\/fr\/wp-json\/wp\/v2\/product_tag?post=28818"}],"curies":[{"name":"wp","href":"https:\/\/api.w.org\/{rel}","templated":true}]}}