{"id":28729,"date":"2015-09-29T11:23:07","date_gmt":"2015-09-29T11:23:07","guid":{"rendered":"https:\/\/rightstuff.eu\/shop\/machines\/bone\/bone-cpr-liner-p-m\/"},"modified":"2025-01-22T01:37:12","modified_gmt":"2025-01-22T00:37:12","slug":"bone-cpr-liner-p-m","status":"publish","type":"product","link":"https:\/\/rightstuff.eu\/fr\/produit\/bone-cpr-liner-p-m\/","title":{"rendered":"Machine \u00e0 tatouer BONE Liner P.M Bronze"},"content":{"rendered":"<p>Tu cherches une machine \u00e0 tatouer qui te permettra d'obtenir des r\u00e9sultats impressionnants ? Cette machine est un appareil artisanal configur\u00e9 comme un Liner. La haute qualit\u00e9 du tatouage et le bon travail sont garantis par un fonctionnement de 135 hz \u00e0 6,6 volts et une vari\u00e9t\u00e9 d'aiguilles de 3 \u00e0 9 RL avec des coups extra longs.<\/p>\n<p>La forme de l'appareil est id\u00e9ale pour un travail confortable, la durabilit\u00e9 est assur\u00e9e par un mat\u00e9riel en acier bleui et usin\u00e9 \u00e0 partir d'une seule pi\u00e8ce de cadre en bronze. Le poids total de l'appareil est de 180 grammes. Les 8 bandes et les bobines de 26 mm de haute qualit\u00e9 donnent des r\u00e9sultats parfaits entre les mains des d\u00e9butants et des v\u00e9t\u00e9rans. Machine de premier ordre, bon choix pour un tatouage esth\u00e9tique. L'utilisation de cette doublure rend le travail plus facile et plus agr\u00e9able, ce qui permet de se concentrer sur l'art. Au total, l'appareil donne des r\u00e9sultats parfaits avec un tatouage propre et pr\u00e9cis. Tu peux obtenir cette doublure pour un prix modique, mais tu obtiens une machine id\u00e9ale pour cr\u00e9er des chefs-d'\u0153uvre.<\/p>\n<p>&nbsp;<\/p>\n<p>Tu peux aussi acheter <a href=\"https:\/\/rightstuff.eu\/product-category\/needles\/\">aiguilles pour la machine \u00e0 tatouer BONE Liner P.M Bronze<\/a> et <a href=\"https:\/\/rightstuff.eu\/product-tag\/tattoo-supplies\/\">approvisionnement de haute qualit\u00e9<\/a>:<\/p>\n<p><a href=\"https:\/\/rightstuff.eu\/product-category\/needles\/\"><img decoding=\"async\" src=\"https:\/\/rightstuff.eu\/wp-content\/uploads\/2013\/12\/11m2-300x225.jpg\" alt=\"\" title=\"\"><\/a><br \/>\n<a href=\"https:\/\/rightstuff.eu\/product-tag\/tattoo-supplies\/\"><img decoding=\"async\" src=\"https:\/\/rightstuff.eu\/wp-content\/uploads\/2016\/05\/IMG_1099-300x225.jpg\" alt=\"\" title=\"\"><\/a><\/p>","protected":false},"excerpt":{"rendered":"<p>Machine \u00e0 tatouer \u00e0 bobines<\/p>\n<p>Le cadre est usin\u00e9 \u00e0 partir d'une seule pi\u00e8ce de bronze.<\/p>\n<p>Bobines de haute qualit\u00e9 - 26 mm * 8 enveloppes<\/p>\n<p>Quincaillerie en acier bleui<\/p>\n<p>Aiguilles pr\u00e9f\u00e9r\u00e9es 3-9RL<\/p>\n<p>Course extra longue<\/p>\n<p>Fonctionne \u00e0 135hz \u00e0 6,6 volts - non charg\u00e9<\/p>\n<p>Poids de la machine \u00e0 tatouer 180gr.<\/p>","protected":false},"featured_media":49295,"comment_status":"open","ping_status":"closed","template":"","meta":{"site-sidebar-layout":"","site-content-layout":"","ast-site-content-layout":"default","site-content-style":"default","site-sidebar-style":"default","ast-global-header-display":"","ast-banner-title-visibility":"","ast-main-header-display":"","ast-hfb-above-header-display":"","ast-hfb-below-header-display":"","ast-hfb-mobile-header-display":"","site-post-title":"","ast-breadcrumbs-content":"","ast-featured-img":"","footer-sml-layout":"","ast-disable-related-posts":"","theme-transparent-header-meta":"","adv-header-id-meta":"","stick-header-meta":"","header-above-stick-meta":"","header-main-stick-meta":"","header-below-stick-meta":"","astra-migrate-meta-layouts":"default","ast-page-background-enabled":"default","ast-page-background-meta":{"desktop":{"background-color":"var(--ast-global-color-4)","background-image":"","background-repeat":"repeat","background-position":"center center","background-size":"auto","background-attachment":"scroll","background-type":"","background-media":"","overlay-type":"","overlay-color":"","overlay-opacity":"","overlay-gradient":""},"tablet":{"background-color":"","background-image":"","background-repeat":"repeat","background-position":"center center","background-size":"auto","background-attachment":"scroll","background-type":"","background-media":"","overlay-type":"","overlay-color":"","overlay-opacity":"","overlay-gradient":""},"mobile":{"background-color":"","background-image":"","background-repeat":"repeat","background-position":"center center","background-size":"auto","background-attachment":"scroll","background-type":"","background-media":"","overlay-type":"","overlay-color":"","overlay-opacity":"","overlay-gradient":""}},"ast-content-background-meta":{"desktop":{"background-color":"var(--ast-global-color-5)","background-image":"","background-repeat":"repeat","background-position":"center center","background-size":"auto","background-attachment":"scroll","background-type":"","background-media":"","overlay-type":"","overlay-color":"","overlay-opacity":"","overlay-gradient":""},"tablet":{"background-color":"var(--ast-global-color-5)","background-image":"","background-repeat":"repeat","background-position":"center center","background-size":"auto","background-attachment":"scroll","background-type":"","background-media":"","overlay-type":"","overlay-color":"","overlay-opacity":"","overlay-gradient":""},"mobile":{"background-color":"var(--ast-global-color-5)","background-image":"","background-repeat":"repeat","background-position":"center center","background-size":"auto","background-attachment":"scroll","background-type":"","background-media":"","overlay-type":"","overlay-color":"","overlay-opacity":"","overlay-gradient":""}}},"product_brand":[],"product_cat":[21],"product_tag":[1804,93,83,46,99,1800,87,1791,91,95,72,41],"class_list":{"0":"post-28729","1":"product","2":"type-product","3":"status-publish","4":"has-post-thumbnail","6":"product_cat-bone","7":"product_tag-beginner-tattoo-kits","8":"product_tag-custom-tattoo-guns","9":"product_tag-custom-tattoo-machines","10":"product_tag-fastliner","11":"product_tag-handmade-tattoo-machines","12":"product_tag-macchinetta-per-tatuaggio-a-bobina","13":"product_tag-professional-tattoo-machines","14":"product_tag-spulen-tattoomaschinen","15":"product_tag-tattoo-equipment","16":"product_tag-tattoo-guns","17":"product_tag-tattoo-machine-coils","18":"product_tag-tattoo-machines","19":"pa_brand-rightstuff","20":"desktop-align-center","21":"tablet-align-left","22":"mobile-align-left","23":"ast-product-gallery-layout-horizontal-slider","24":"ast-product-tabs-layout-horizontal","26":"first","27":"instock","28":"sale","29":"taxable","30":"shipping-taxable","31":"purchasable","32":"product-type-simple"},"_links":{"self":[{"href":"https:\/\/rightstuff.eu\/fr\/wp-json\/wp\/v2\/product\/28729","targetHints":{"allow":["GET"]}}],"collection":[{"href":"https:\/\/rightstuff.eu\/fr\/wp-json\/wp\/v2\/product"}],"about":[{"href":"https:\/\/rightstuff.eu\/fr\/wp-json\/wp\/v2\/types\/product"}],"replies":[{"embeddable":true,"href":"https:\/\/rightstuff.eu\/fr\/wp-json\/wp\/v2\/comments?post=28729"}],"version-history":[{"count":0,"href":"https:\/\/rightstuff.eu\/fr\/wp-json\/wp\/v2\/product\/28729\/revisions"}],"wp:featuredmedia":[{"embeddable":true,"href":"https:\/\/rightstuff.eu\/fr\/wp-json\/wp\/v2\/media\/49295"}],"wp:attachment":[{"href":"https:\/\/rightstuff.eu\/fr\/wp-json\/wp\/v2\/media?parent=28729"}],"wp:term":[{"taxonomy":"product_brand","embeddable":true,"href":"https:\/\/rightstuff.eu\/fr\/wp-json\/wp\/v2\/product_brand?post=28729"},{"taxonomy":"product_cat","embeddable":true,"href":"https:\/\/rightstuff.eu\/fr\/wp-json\/wp\/v2\/product_cat?post=28729"},{"taxonomy":"product_tag","embeddable":true,"href":"https:\/\/rightstuff.eu\/fr\/wp-json\/wp\/v2\/product_tag?post=28729"}],"curies":[{"name":"wp","href":"https:\/\/api.w.org\/{rel}","templated":true}]}}