{"id":28728,"date":"2015-09-29T11:23:04","date_gmt":"2015-09-29T11:23:04","guid":{"rendered":"https:\/\/rightstuff.eu\/shop\/machines\/bone\/bone-cpr-liner\/"},"modified":"2025-01-22T01:37:12","modified_gmt":"2025-01-22T00:37:12","slug":"bone-cpr-liner","status":"publish","type":"product","link":"https:\/\/rightstuff.eu\/fr\/produit\/bone-cpr-liner\/","title":{"rendered":"Machine \u00e0 tatouer BONE Liner Bronze"},"content":{"rendered":"<p>Tu as besoin d'une machine \u00e0 tatouer parfaite pour faire des tatouages vraiment sympas ? Si tu cherches l'appareil de la meilleure qualit\u00e9 au prix le plus bas, c'est ici qu'il faut aller ! Tu ne seras pas d\u00e9\u00e7u par ta s\u00e9lection.<\/p>\n<p>Le pr\u00e9sent <a href=\"https:\/\/rightstuff.eu\/shop\/tattoo-machines\/lucky\/lucky-trueliner-alu-tattoo-machine\/\">machine de tatouage de doublure<\/a> La machine est constitu\u00e9e d'une seule pi\u00e8ce de m\u00e9tal en bronze avec des ferrures en acier bleui. La machine est de conception classique. Elle a une course moyenne et propose des aiguilles 3-7RL. Son poids est de 180gr, il est donc facile de travailler avec elle pendant longtemps. Elle fonctionne \u00e0 160 hz \u00e0 6,6 volts sans charge. Construite avec une bobine de 26 mm \u00e0 8 spires, cette machine \u00e0 tatouer est dans une ligue \u00e0 part.<\/p>\n<p>Appel\u00e9e machine \u00e0 doublure parfaite, elle a \u00e9t\u00e9 utilis\u00e9e par Freddy Negrete, un artiste bien connu. La machine est fabriqu\u00e9e \u00e0 la main par Big 5 et Rupert en Californie. L'une de ces machines a \u00e9t\u00e9 utilis\u00e9e dans la c\u00e9l\u00e8bre \u00e9mission de t\u00e9l\u00e9vision Tattoo Rescue.<\/p>","protected":false},"excerpt":{"rendered":"<p>Machine de tatouage par liner.<\/p>\n<p>Le cadre est usin\u00e9 \u00e0 partir d'une seule pi\u00e8ce de bronze.<\/p>\n<p>Bobines de haute qualit\u00e9 - 26 mm * 8 enveloppes<\/p>\n<p>Quincaillerie en acier bleui<\/p>\n<p>Aiguilles pr\u00e9f\u00e9r\u00e9es 3-7RL<\/p>\n<p>Course moyenne<\/p>\n<p>Fonctionne \u00e0 160hz \u00e0 6,6 volts - non charg\u00e9<\/p>\n<p>Poids de la machine \u00e0 tatouer 180gr.<\/p>","protected":false},"featured_media":49290,"comment_status":"open","ping_status":"closed","template":"","meta":{"site-sidebar-layout":"","site-content-layout":"","ast-site-content-layout":"default","site-content-style":"default","site-sidebar-style":"default","ast-global-header-display":"","ast-banner-title-visibility":"","ast-main-header-display":"","ast-hfb-above-header-display":"","ast-hfb-below-header-display":"","ast-hfb-mobile-header-display":"","site-post-title":"","ast-breadcrumbs-content":"","ast-featured-img":"","footer-sml-layout":"","ast-disable-related-posts":"","theme-transparent-header-meta":"","adv-header-id-meta":"","stick-header-meta":"","header-above-stick-meta":"","header-main-stick-meta":"","header-below-stick-meta":"","astra-migrate-meta-layouts":"default","ast-page-background-enabled":"default","ast-page-background-meta":{"desktop":{"background-color":"var(--ast-global-color-4)","background-image":"","background-repeat":"repeat","background-position":"center center","background-size":"auto","background-attachment":"scroll","background-type":"","background-media":"","overlay-type":"","overlay-color":"","overlay-opacity":"","overlay-gradient":""},"tablet":{"background-color":"","background-image":"","background-repeat":"repeat","background-position":"center center","background-size":"auto","background-attachment":"scroll","background-type":"","background-media":"","overlay-type":"","overlay-color":"","overlay-opacity":"","overlay-gradient":""},"mobile":{"background-color":"","background-image":"","background-repeat":"repeat","background-position":"center center","background-size":"auto","background-attachment":"scroll","background-type":"","background-media":"","overlay-type":"","overlay-color":"","overlay-opacity":"","overlay-gradient":""}},"ast-content-background-meta":{"desktop":{"background-color":"var(--ast-global-color-5)","background-image":"","background-repeat":"repeat","background-position":"center center","background-size":"auto","background-attachment":"scroll","background-type":"","background-media":"","overlay-type":"","overlay-color":"","overlay-opacity":"","overlay-gradient":""},"tablet":{"background-color":"var(--ast-global-color-5)","background-image":"","background-repeat":"repeat","background-position":"center center","background-size":"auto","background-attachment":"scroll","background-type":"","background-media":"","overlay-type":"","overlay-color":"","overlay-opacity":"","overlay-gradient":""},"mobile":{"background-color":"var(--ast-global-color-5)","background-image":"","background-repeat":"repeat","background-position":"center center","background-size":"auto","background-attachment":"scroll","background-type":"","background-media":"","overlay-type":"","overlay-color":"","overlay-opacity":"","overlay-gradient":""}}},"product_brand":[],"product_cat":[21],"product_tag":[82,93,83,46,99,43,1800,87,1791,91,95,72],"class_list":{"0":"post-28728","1":"product","2":"type-product","3":"status-publish","4":"has-post-thumbnail","6":"product_cat-bone","7":"product_tag-coil-tattoo-machines","8":"product_tag-custom-tattoo-guns","9":"product_tag-custom-tattoo-machines","10":"product_tag-fastliner","11":"product_tag-handmade-tattoo-machines","12":"product_tag-liner-tattoo-machine","13":"product_tag-macchinetta-per-tatuaggio-a-bobina","14":"product_tag-professional-tattoo-machines","15":"product_tag-spulen-tattoomaschinen","16":"product_tag-tattoo-equipment","17":"product_tag-tattoo-guns","18":"product_tag-tattoo-machine-coils","19":"pa_brand-rightstuff","20":"desktop-align-center","21":"tablet-align-left","22":"mobile-align-left","23":"ast-product-gallery-layout-horizontal-slider","24":"ast-product-tabs-layout-horizontal","26":"first","27":"instock","28":"sale","29":"taxable","30":"shipping-taxable","31":"purchasable","32":"product-type-simple"},"_links":{"self":[{"href":"https:\/\/rightstuff.eu\/fr\/wp-json\/wp\/v2\/product\/28728","targetHints":{"allow":["GET"]}}],"collection":[{"href":"https:\/\/rightstuff.eu\/fr\/wp-json\/wp\/v2\/product"}],"about":[{"href":"https:\/\/rightstuff.eu\/fr\/wp-json\/wp\/v2\/types\/product"}],"replies":[{"embeddable":true,"href":"https:\/\/rightstuff.eu\/fr\/wp-json\/wp\/v2\/comments?post=28728"}],"version-history":[{"count":0,"href":"https:\/\/rightstuff.eu\/fr\/wp-json\/wp\/v2\/product\/28728\/revisions"}],"wp:featuredmedia":[{"embeddable":true,"href":"https:\/\/rightstuff.eu\/fr\/wp-json\/wp\/v2\/media\/49290"}],"wp:attachment":[{"href":"https:\/\/rightstuff.eu\/fr\/wp-json\/wp\/v2\/media?parent=28728"}],"wp:term":[{"taxonomy":"product_brand","embeddable":true,"href":"https:\/\/rightstuff.eu\/fr\/wp-json\/wp\/v2\/product_brand?post=28728"},{"taxonomy":"product_cat","embeddable":true,"href":"https:\/\/rightstuff.eu\/fr\/wp-json\/wp\/v2\/product_cat?post=28728"},{"taxonomy":"product_tag","embeddable":true,"href":"https:\/\/rightstuff.eu\/fr\/wp-json\/wp\/v2\/product_tag?post=28728"}],"curies":[{"name":"wp","href":"https:\/\/api.w.org\/{rel}","templated":true}]}}