{"id":28727,"date":"2015-09-29T14:00:06","date_gmt":"2015-09-29T11:00:06","guid":{"rendered":"https:\/\/rightstuff.eu\/shop\/machines\/bone\/bone-cpr-shader\/"},"modified":"2025-01-22T01:37:12","modified_gmt":"2025-01-22T00:37:12","slug":"bone-cpr-shader","status":"publish","type":"product","link":"https:\/\/rightstuff.eu\/fr\/produit\/bone-cpr-shader\/","title":{"rendered":"Machine \u00e0 tatouer BONE Shader Bronze"},"content":{"rendered":"<p>Il existe de nombreuses sortes de machines \u00e0 tatouer aux capacit\u00e9s et fonctions diverses : induction pour la peinture, machines \u00e0 contours, shaders et... <a href=\"https:\/\/rightstuff.eu\/product-category\/tattoo-machines\/rotary-tattoo-machines\/\">les rotatives<\/a> . Pour chaque type de travail, tu as besoin d'un \u00e9quipement et d'un mat\u00e9riel diff\u00e9rents, c'est pourquoi les tatoueurs utilisent diff\u00e9rents types de mod\u00e8les.<\/p>\n<p>Au d\u00e9but, tu dois acheter plusieurs combin\u00e9s-porteurs : pendant que tu travailles avec l'un, le second est en train d'\u00eatre st\u00e9rilis\u00e9. Les outils ne doivent \u00eatre que m\u00e9talliques ou jetables pour bien entrer en contact avec la peau. Tu dois acheter un <a href=\"https:\/\/rightstuff.eu\/product-tag\/tattoo-power-supply\/\">alimentation \u00e9lectrique<\/a> et clip-cord, p\u00e9dale en m\u00e9tal, aiguilles de contour et teintures, pigments, bouchons, nez et gants jetables, anesth\u00e9sie, vaseline. Tu dois \u00e9quiper le lieu de travail de fa\u00e7on pratique, avoir une table, une chaise \u00e0 hauteur r\u00e9glable, un canap\u00e9 pour les clients.<\/p>\n<p>Il est important de faire attention \u00e0 la puissance de la machine, tu peux acheter de 5 \u00e0 9 volts, mais plus ce chiffre est \u00e9lev\u00e9, plus l'appareil fonctionnera en douceur. Pour utiliser un appareil plus puissant, tu dois avoir beaucoup d`exp\u00e9rience si tu ne veux pas blesser la peau.<\/p>\n<p>Les appareils de type \u00e0 induction constituent un \u00e9quipement traditionnel pour un tatoueur professionnel, permettant de r\u00e9aliser une large gamme de travaux (traits de dessin, lignes ombr\u00e9es, etc.), et d'appliquer l'image sur les zones \u00e9paissies de la peau. Le dessin du tatouage est assur\u00e9 par une aiguille fix\u00e9e \u00e0 la tige, qui est attir\u00e9e et repouss\u00e9e par la plaque sous l'action d'un \u00e9lectro-aimant. L'aiguille dans le processus de travail du ma\u00eetre tatoueur se d\u00e9place en ligne droite, mais en raison de la forte vibration, son efficacit\u00e9 est quelque peu r\u00e9duite.<\/p>\n<p>Machines \u00e0 dessiner les contours- Cet appareil est beaucoup plus rapide et facile que son pr\u00e9d\u00e9cesseur, de plus, gr\u00e2ce aux caract\u00e9ristiques de sa conception, il permet un rebond net et un retour de l'aiguille. Comme l'aiguille passe rapidement sous la peau et revient aussi vite que possible, il devient possible de fournir une grande nettet\u00e9 de l'image pendant l'op\u00e9ration, ce qui emp\u00eache l'encre de se r\u00e9pandre sous la peau. Le contour du tatouage repose sur la peau avec une ligne contrast\u00e9e uniforme. Lorsqu'elle fonctionne, la machine \u00e0 contourner produit un son semblable au bourdonnement d'une abeille. Il est n\u00e9cessaire de respecter la d\u00e9signation de la machine \u00e0 contourner sp\u00e9cifi\u00e9e dans le mode d'emploi et de ne pas l'appliquer pour peindre les zones de la peau. Sinon, la possibilit\u00e9 d'endommager de fa\u00e7on permanente la surface de la peau du client est grande.<br \/>\nMachines \u00e0 peindre - l'aiguille, lorsqu'elle se trouve dans l'\u00e9piderme, se dirige un peu vers l'avant pour que la peinture puisse se disperser. Dans le travail, il doit y avoir moins d'effort.<br \/>\nLa machine \u00e0 ombres ou les ombres sont con\u00e7ues pour dessiner des ombres.<\/p>","protected":false},"excerpt":{"rendered":"<p>Le shader de la machine \u00e0 tatouer.<\/p>\n<p>Le cadre est usin\u00e9 \u00e0 partir d'une seule pi\u00e8ce de bronze.<\/p>\n<p>Bobines de haute qualit\u00e9 - 26 mm * 8 enveloppes<\/p>\n<p>Quincaillerie en acier bleui<\/p>\n<p>Aiguilles pr\u00e9f\u00e9r\u00e9es 7-15m<\/p>\n<p>Coup doux, coup moyen<\/p>\n<p>Fonctionne \u00e0 105hz \u00e0 6,6 volts - non charg\u00e9<\/p>\n<p>Poids de la machine \u00e0 tatouer 180gr.<\/p>","protected":false},"featured_media":49299,"comment_status":"open","ping_status":"closed","template":"","meta":{"site-sidebar-layout":"","site-content-layout":"","ast-site-content-layout":"default","site-content-style":"default","site-sidebar-style":"default","ast-global-header-display":"","ast-banner-title-visibility":"","ast-main-header-display":"","ast-hfb-above-header-display":"","ast-hfb-below-header-display":"","ast-hfb-mobile-header-display":"","site-post-title":"","ast-breadcrumbs-content":"","ast-featured-img":"","footer-sml-layout":"","ast-disable-related-posts":"","theme-transparent-header-meta":"","adv-header-id-meta":"","stick-header-meta":"","header-above-stick-meta":"","header-main-stick-meta":"","header-below-stick-meta":"","astra-migrate-meta-layouts":"default","ast-page-background-enabled":"default","ast-page-background-meta":{"desktop":{"background-color":"var(--ast-global-color-4)","background-image":"","background-repeat":"repeat","background-position":"center center","background-size":"auto","background-attachment":"scroll","background-type":"","background-media":"","overlay-type":"","overlay-color":"","overlay-opacity":"","overlay-gradient":""},"tablet":{"background-color":"","background-image":"","background-repeat":"repeat","background-position":"center center","background-size":"auto","background-attachment":"scroll","background-type":"","background-media":"","overlay-type":"","overlay-color":"","overlay-opacity":"","overlay-gradient":""},"mobile":{"background-color":"","background-image":"","background-repeat":"repeat","background-position":"center center","background-size":"auto","background-attachment":"scroll","background-type":"","background-media":"","overlay-type":"","overlay-color":"","overlay-opacity":"","overlay-gradient":""}},"ast-content-background-meta":{"desktop":{"background-color":"var(--ast-global-color-5)","background-image":"","background-repeat":"repeat","background-position":"center center","background-size":"auto","background-attachment":"scroll","background-type":"","background-media":"","overlay-type":"","overlay-color":"","overlay-opacity":"","overlay-gradient":""},"tablet":{"background-color":"var(--ast-global-color-5)","background-image":"","background-repeat":"repeat","background-position":"center center","background-size":"auto","background-attachment":"scroll","background-type":"","background-media":"","overlay-type":"","overlay-color":"","overlay-opacity":"","overlay-gradient":""},"mobile":{"background-color":"var(--ast-global-color-5)","background-image":"","background-repeat":"repeat","background-position":"center center","background-size":"auto","background-attachment":"scroll","background-type":"","background-media":"","overlay-type":"","overlay-color":"","overlay-opacity":"","overlay-gradient":""}}},"product_brand":[],"product_cat":[21],"product_tag":[82,93,83,99,1800,87,45,89,1791,91,95,23,72,96],"class_list":{"0":"post-28727","1":"product","2":"type-product","3":"status-publish","4":"has-post-thumbnail","6":"product_cat-bone","7":"product_tag-coil-tattoo-machines","8":"product_tag-custom-tattoo-guns","9":"product_tag-custom-tattoo-machines","10":"product_tag-handmade-tattoo-machines","11":"product_tag-macchinetta-per-tatuaggio-a-bobina","12":"product_tag-professional-tattoo-machines","13":"product_tag-shader-tattoo-machine","14":"product_tag-shader-tattoo-machines","15":"product_tag-spulen-tattoomaschinen","16":"product_tag-tattoo-equipment","17":"product_tag-tattoo-guns","18":"product_tag-tattoo-machine","19":"product_tag-tattoo-machine-coils","20":"product_tag-tattoo-shading-guns","21":"pa_brand-rightstuff","22":"desktop-align-center","23":"tablet-align-left","24":"mobile-align-left","25":"ast-product-gallery-layout-horizontal-slider","26":"ast-product-tabs-layout-horizontal","28":"first","29":"outofstock","30":"sale","31":"taxable","32":"shipping-taxable","33":"purchasable","34":"product-type-simple"},"_links":{"self":[{"href":"https:\/\/rightstuff.eu\/fr\/wp-json\/wp\/v2\/product\/28727","targetHints":{"allow":["GET"]}}],"collection":[{"href":"https:\/\/rightstuff.eu\/fr\/wp-json\/wp\/v2\/product"}],"about":[{"href":"https:\/\/rightstuff.eu\/fr\/wp-json\/wp\/v2\/types\/product"}],"replies":[{"embeddable":true,"href":"https:\/\/rightstuff.eu\/fr\/wp-json\/wp\/v2\/comments?post=28727"}],"version-history":[{"count":0,"href":"https:\/\/rightstuff.eu\/fr\/wp-json\/wp\/v2\/product\/28727\/revisions"}],"wp:featuredmedia":[{"embeddable":true,"href":"https:\/\/rightstuff.eu\/fr\/wp-json\/wp\/v2\/media\/49299"}],"wp:attachment":[{"href":"https:\/\/rightstuff.eu\/fr\/wp-json\/wp\/v2\/media?parent=28727"}],"wp:term":[{"taxonomy":"product_brand","embeddable":true,"href":"https:\/\/rightstuff.eu\/fr\/wp-json\/wp\/v2\/product_brand?post=28727"},{"taxonomy":"product_cat","embeddable":true,"href":"https:\/\/rightstuff.eu\/fr\/wp-json\/wp\/v2\/product_cat?post=28727"},{"taxonomy":"product_tag","embeddable":true,"href":"https:\/\/rightstuff.eu\/fr\/wp-json\/wp\/v2\/product_tag?post=28727"}],"curies":[{"name":"wp","href":"https:\/\/api.w.org\/{rel}","templated":true}]}}