{"id":28697,"date":"2015-09-12T14:18:50","date_gmt":"2015-09-12T14:18:50","guid":{"rendered":"https:\/\/rightstuff.eu\/shop\/machines\/lucky\/lucky-cpr-shader\/"},"modified":"2025-01-22T01:37:13","modified_gmt":"2025-01-22T00:37:13","slug":"lucky-cpr-shader","status":"publish","type":"product","link":"https:\/\/rightstuff.eu\/fr\/produit\/lucky-cpr-shader\/","title":{"rendered":"Machine \u00e0 tatouer LUCKY Shader Bronze"},"content":{"rendered":"<p>Aujourd'hui, avec la popularit\u00e9 croissante des tatouages et le potentiel de revenus \u00e9lev\u00e9s, de plus en plus de personnes manifestent leur d\u00e9sir de devenir tatoueur. Cependant, les d\u00e9butants commettent une erreur, en r\u00e9alisant les premiers travaux sur le corps et en utilisant du mat\u00e9riel amateur. Beaucoup d'entre eux ne deviendront jamais de vrais tatoueurs. <a href=\"https:\/\/rightstuff.eu\/blog\/success-story-the-birth-of-the-rightstuf\/\">r\u00e9ussit \u00e0 tatouer<\/a> et n'acquerront jamais les comp\u00e9tences n\u00e9cessaires dans ce m\u00e9tier. Si tu prends ce m\u00e9tier au s\u00e9rieux, commande la machine \u00e0 tatouer LUCKY Shader Bronze. Cet appareil professionnel permet \u00e0 un ma\u00eetre de ne pas se contenter de tracer quelques contours ou de tatouer certaines devises sur le corps, mais de cr\u00e9er de v\u00e9ritables chefs-d'\u0153uvre - de grandes images carr\u00e9es color\u00e9es.<\/p>\n<p>Naturellement, un artiste doit \u00eatre talentueux. Si tu ne sais pas bien dessiner, tu ne pourras jamais devenir un v\u00e9ritable ma\u00eetre du tatouage. En revanche, une personne habile, qui travaille avec cet appareil durable fabriqu\u00e9 en bronze et en acier, dont le poids est de 200 grammes, obtiendra du succ\u00e8s dans son activit\u00e9. L'article professionnel avec des bobines de 26 mm \u00e0 10 spires, fonctionnant \u00e0 une tension de 6,6 V, utilise des aiguilles de 7 \u00e0 15 mm. Il fonctionne \u00e0 une fr\u00e9quence de 105 Hz.<\/p>","protected":false},"excerpt":{"rendered":"<p>Machine \u00e0 tatouer Shader<\/p>\n<p>Le cadre est usin\u00e9 \u00e0 partir d'une seule pi\u00e8ce de bronze.<br \/>\nBobines de haute qualit\u00e9 - 26 mm * 10 enveloppes<br \/>\nQuincaillerie en acier bleui<br \/>\nAiguilles pr\u00e9f\u00e9r\u00e9es 7-15m<br \/>\nCourse longue<br \/>\nFonctionne \u00e0 105hz \u00e0 6,6 volts - non charg\u00e9<\/p>\n<p>La machine \u00e0 tatouer p\u00e8se 200gr.<\/p>\n<p>&nbsp;<\/p>","protected":false},"featured_media":49314,"comment_status":"open","ping_status":"closed","template":"","meta":{"site-sidebar-layout":"","site-content-layout":"","ast-site-content-layout":"default","site-content-style":"default","site-sidebar-style":"default","ast-global-header-display":"","ast-banner-title-visibility":"","ast-main-header-display":"","ast-hfb-above-header-display":"","ast-hfb-below-header-display":"","ast-hfb-mobile-header-display":"","site-post-title":"","ast-breadcrumbs-content":"","ast-featured-img":"","footer-sml-layout":"","ast-disable-related-posts":"","theme-transparent-header-meta":"","adv-header-id-meta":"","stick-header-meta":"","header-above-stick-meta":"","header-main-stick-meta":"","header-below-stick-meta":"","astra-migrate-meta-layouts":"default","ast-page-background-enabled":"default","ast-page-background-meta":{"desktop":{"background-color":"var(--ast-global-color-4)","background-image":"","background-repeat":"repeat","background-position":"center center","background-size":"auto","background-attachment":"scroll","background-type":"","background-media":"","overlay-type":"","overlay-color":"","overlay-opacity":"","overlay-gradient":""},"tablet":{"background-color":"","background-image":"","background-repeat":"repeat","background-position":"center center","background-size":"auto","background-attachment":"scroll","background-type":"","background-media":"","overlay-type":"","overlay-color":"","overlay-opacity":"","overlay-gradient":""},"mobile":{"background-color":"","background-image":"","background-repeat":"repeat","background-position":"center center","background-size":"auto","background-attachment":"scroll","background-type":"","background-media":"","overlay-type":"","overlay-color":"","overlay-opacity":"","overlay-gradient":""}},"ast-content-background-meta":{"desktop":{"background-color":"var(--ast-global-color-5)","background-image":"","background-repeat":"repeat","background-position":"center center","background-size":"auto","background-attachment":"scroll","background-type":"","background-media":"","overlay-type":"","overlay-color":"","overlay-opacity":"","overlay-gradient":""},"tablet":{"background-color":"var(--ast-global-color-5)","background-image":"","background-repeat":"repeat","background-position":"center center","background-size":"auto","background-attachment":"scroll","background-type":"","background-media":"","overlay-type":"","overlay-color":"","overlay-opacity":"","overlay-gradient":""},"mobile":{"background-color":"var(--ast-global-color-5)","background-image":"","background-repeat":"repeat","background-position":"center center","background-size":"auto","background-attachment":"scroll","background-type":"","background-media":"","overlay-type":"","overlay-color":"","overlay-opacity":"","overlay-gradient":""}}},"product_brand":[],"product_cat":[8],"product_tag":[82,93,83,99,1802,87,45,89,91,95,72,96],"class_list":{"0":"post-28697","1":"product","2":"type-product","3":"status-publish","4":"has-post-thumbnail","6":"product_cat-lucky","7":"product_tag-coil-tattoo-machines","8":"product_tag-custom-tattoo-guns","9":"product_tag-custom-tattoo-machines","10":"product_tag-handmade-tattoo-machines","11":"product_tag-maquinas-de-tatuaje-de-bobina","12":"product_tag-professional-tattoo-machines","13":"product_tag-shader-tattoo-machine","14":"product_tag-shader-tattoo-machines","15":"product_tag-tattoo-equipment","16":"product_tag-tattoo-guns","17":"product_tag-tattoo-machine-coils","18":"product_tag-tattoo-shading-guns","19":"pa_brand-rightstuff","20":"desktop-align-center","21":"tablet-align-left","22":"mobile-align-left","23":"ast-product-gallery-layout-horizontal-slider","24":"ast-product-tabs-layout-horizontal","26":"first","27":"instock","28":"sale","29":"taxable","30":"shipping-taxable","31":"purchasable","32":"product-type-simple"},"_links":{"self":[{"href":"https:\/\/rightstuff.eu\/fr\/wp-json\/wp\/v2\/product\/28697","targetHints":{"allow":["GET"]}}],"collection":[{"href":"https:\/\/rightstuff.eu\/fr\/wp-json\/wp\/v2\/product"}],"about":[{"href":"https:\/\/rightstuff.eu\/fr\/wp-json\/wp\/v2\/types\/product"}],"replies":[{"embeddable":true,"href":"https:\/\/rightstuff.eu\/fr\/wp-json\/wp\/v2\/comments?post=28697"}],"version-history":[{"count":0,"href":"https:\/\/rightstuff.eu\/fr\/wp-json\/wp\/v2\/product\/28697\/revisions"}],"wp:featuredmedia":[{"embeddable":true,"href":"https:\/\/rightstuff.eu\/fr\/wp-json\/wp\/v2\/media\/49314"}],"wp:attachment":[{"href":"https:\/\/rightstuff.eu\/fr\/wp-json\/wp\/v2\/media?parent=28697"}],"wp:term":[{"taxonomy":"product_brand","embeddable":true,"href":"https:\/\/rightstuff.eu\/fr\/wp-json\/wp\/v2\/product_brand?post=28697"},{"taxonomy":"product_cat","embeddable":true,"href":"https:\/\/rightstuff.eu\/fr\/wp-json\/wp\/v2\/product_cat?post=28697"},{"taxonomy":"product_tag","embeddable":true,"href":"https:\/\/rightstuff.eu\/fr\/wp-json\/wp\/v2\/product_tag?post=28697"}],"curies":[{"name":"wp","href":"https:\/\/api.w.org\/{rel}","templated":true}]}}